{"id":339564,"date":"2024-05-04T08:38:58","date_gmt":"2024-05-04T07:40:20","guid":{"rendered":"https:\/\/www.moskito.cz\/produkt\/coltello-chiudibile-spartan-blades-astor-stonewashed-sfbl8gr\/"},"modified":"2025-05-07T11:14:42","modified_gmt":"2025-05-07T10:14:42","slug":"coltello-chiudibile-spartan-blades-astor-stonewashed-sfbl8gr","status":"publish","type":"product","link":"https:\/\/www.moskito.cz\/it\/produkt\/coltello-chiudibile-spartan-blades-astor-stonewashed-sfbl8gr\/","title":{"rendered":"Coltello Chiudibile Spartan Blades ASTOR Stonewashed SFBL8GR"},"content":{"rendered":"<p>Coltello Chiudibile <strong>Spartan Blades<\/strong> ASTOR Stonewashed SFBL8GR.<\/p>\n<p>Presentazione di <strong>ASTOR<\/strong> , una collaborazione innovativa tra Spartan Blades e il prolifico produttore di coltelli Les George. Questo coltello pieghevole \u00e8 progettato come un robusto &#8220;cavallo da lavoro&#8221;, realizzato con cura per gestire con facilit\u00e0 lavori difficili. <strong>L&#8217;ASTOR<\/strong> \u00e8 dotato di scala G-10, un robusto liner lock e lama in acciaio CTS-XHP di alta qualit\u00e0 altamente rettificato, che lo rendono il compagno perfetto per attivit\u00e0 che richiedono maggiore tenacit\u00e0.<\/p>\n<p>Propriet\u00e0 chiave:<\/p>\n<p>Maniglia G-10: la maniglia G-10 <strong>di ASTOR<\/strong> offre una presa robusta e affidabile e garantisce un controllo ottimale in una variet\u00e0 di condizioni.<br \/>\nLiner-Lock spesso: il coltello vanta un robusto meccanismo di blocco del rivestimento che ne aumenta la robustezza e la durata complessiva.<br \/>\nAcciaio della lama CTS-XHP: l&#8217;acciaio della lama CTS-XHP premium garantisce un&#8217;eccellente ritenzione del bordo e resistenza alla corrosione, migliorando le prestazioni del coltello per soddisfare standard elevati.<br \/>\nClip da tasca per trasporto profondo: la clip da tasca profonda \u00e8 versatile e pu\u00f2 essere configurata per il trasporto con la mano sinistra passando al lato sinistro. I doppi bottoni automatici facilitano l&#8217;apertura da entrambi i lati.<br \/>\nSistema di boccole in bronzo a infusione di olio (OIBBS): le piastre in bronzo di grado (sul campo) incorporano l&#8217;innovativo OIBBS, migliorando il meccanismo di apertura della lama per un funzionamento stretto ma regolare. Questo sistema \u00e8 particolarmente vantaggioso per la chiusura dei coltelli, garantendo affidabilit\u00e0 a basse velocit\u00e0, uso intermittente e carichi irregolari.<br \/>\nPremi e riconoscimenti:<\/p>\n<p>Vincitore del Blade Show 2021: <strong>ASTOR<\/strong> ha vinto il prestigioso titolo di &#8220;Coltello importato dell&#8217;anno&#8221; al Blade Show 2021, a testimonianza del suo design e delle sue prestazioni eccezionali.<br \/>\nSpecifiche:<\/p>\n<p>Designer: Les George<br \/>\nLunghezza coltello chiuso: 12 cm<br \/>\nLunghezza lama: 9,5 cm<br \/>\nSpessore lama: 3 mm<br \/>\nAcciaio della lama: Premium CTS-XHP<br \/>\nDurezza della lama: 58-60 HRC (scala di durezza Rockwell)<br \/>\nStile lama: pieghevole &#8211; punto di caduta &#8211; superficie piatta<br \/>\nFinitura lama: Tornita<br \/>\nTelaio: blocco rivestimento, G-10<br \/>\nPeso: 0,320 libbre (circa 5,12 once)<br \/>\n<strong>ASTOR<\/strong> non \u00e8 solo un coltello; \u00e8 un simbolo di artigianalit\u00e0 e affidabilit\u00e0. Con la sua combinazione vincente di materiali di prima qualit\u00e0, caratteristiche innovative e convenienza, questo coltello pieghevole \u00e8 pronto ad affrontare qualsiasi sfida gli si presenti. Migliora il tuo trasporto quotidiano con <strong>ASTOR<\/strong> , un vero leader nel mondo dei coltelli da campo.<\/p>\n<p>&nbsp;<\/p>\n","protected":false},"excerpt":{"rendered":"<p><strong>Vincitore del Blade Show 2021: ASTOR ha vinto il prestigioso titolo di &#8220;Coltello importato dell&#8217;anno&#8221; al Blade Show 2021, a testimonianza del suo design e delle sue prestazioni eccezionali.<\/strong><\/p>\n","protected":false},"featured_media":339532,"comment_status":"open","ping_status":"closed","template":"","meta":[],"pwb-brand":[3834],"product_brand":[],"product_cat":[3745,3749],"product_tag":[3755],"class_list":{"0":"post-339564","1":"product","2":"type-product","3":"status-publish","4":"has-post-thumbnail","6":"pwb-brand-lame-spartane","7":"product_cat-coltelli","8":"product_cat-coltelli-di-chiusura","9":"product_tag-b2b-it","11":"first","12":"instock","13":"taxable","14":"shipping-taxable","15":"purchasable","16":"product-type-simple"},"brands":[{"id":3834,"name":"Lame spartane","slug":"lame-spartane"}],"_links":{"self":[{"href":"https:\/\/www.moskito.cz\/it\/wp-json\/wp\/v2\/product\/339564","targetHints":{"allow":["GET"]}}],"collection":[{"href":"https:\/\/www.moskito.cz\/it\/wp-json\/wp\/v2\/product"}],"about":[{"href":"https:\/\/www.moskito.cz\/it\/wp-json\/wp\/v2\/types\/product"}],"replies":[{"embeddable":true,"href":"https:\/\/www.moskito.cz\/it\/wp-json\/wp\/v2\/comments?post=339564"}],"wp:featuredmedia":[{"embeddable":true,"href":"https:\/\/www.moskito.cz\/it\/wp-json\/wp\/v2\/media\/339532"}],"wp:attachment":[{"href":"https:\/\/www.moskito.cz\/it\/wp-json\/wp\/v2\/media?parent=339564"}],"wp:term":[{"taxonomy":"pwb-brand","embeddable":true,"href":"https:\/\/www.moskito.cz\/it\/wp-json\/wp\/v2\/pwb-brand?post=339564"},{"taxonomy":"product_brand","embeddable":true,"href":"https:\/\/www.moskito.cz\/it\/wp-json\/wp\/v2\/product_brand?post=339564"},{"taxonomy":"product_cat","embeddable":true,"href":"https:\/\/www.moskito.cz\/it\/wp-json\/wp\/v2\/product_cat?post=339564"},{"taxonomy":"product_tag","embeddable":true,"href":"https:\/\/www.moskito.cz\/it\/wp-json\/wp\/v2\/product_tag?post=339564"}],"curies":[{"name":"wp","href":"https:\/\/api.w.org\/{rel}","templated":true}]}}