{"id":339588,"date":"2021-09-29T20:13:41","date_gmt":"2024-05-06T07:12:34","guid":{"rendered":"https:\/\/www.moskito.cz\/produkt\/coltello-di-chiusura-sog-escape-clip-point-satin-seghettato\/"},"modified":"2025-05-07T11:14:43","modified_gmt":"2025-05-07T10:14:43","slug":"coltello-di-chiusura-sog-escape-clip-point-satin-seghettato","status":"publish","type":"product","link":"https:\/\/www.moskito.cz\/it\/produkt\/coltello-di-chiusura-sog-escape-clip-point-satin-seghettato\/","title":{"rendered":"Coltello Di Chiusura SOG ESCAPE CLIP POINT SATIN SEGHETTATO"},"content":{"rendered":"<p>La nostra storia inizia in Vietnam, dove i membri della forza operativa speciale top secret americana, nota come MACV ( <strong>SOG<\/strong> ), trasportavano un coltello segreto unico nella giungla in missioni segrete. Alcuni anni dopo, nel 1986, questo coltello ispir\u00f2 un giovane designer di nome Spencer Frazer a fondare <strong>SOG<\/strong> Specialty Knives. La sua missione: riprodurre il coltello <strong>SOG<\/strong> Bowie originale e rendere omaggio all&#8217;unit\u00e0 operativa speciale che lo ha creato. Ci\u00f2 che era iniziato come un unico modello commemorativo divenne presto un&#8217;intera linea di strumenti innovativi, testati dalle forze speciali statunitensi e premiati persino come il coltello preferito dai Navy SEAL. Oggi i coltelli SOG vengono indossati con sicurezza nelle situazioni pi\u00f9 impegnative. Forgiati dalla tradizione, temprati sul campo, limati per voi.<\/p>\n<p>Che tu stia proteggendo gli altri o guidando un&#8217;epica spedizione di caccia, affrontando una delle sfide quotidiane della vita o affrontando le condizioni pi\u00f9 estreme, fatti strada con <strong>SOG<\/strong> .<\/p>\n<p>Coltello Di Chiusura <strong>SOG<\/strong> ESCAPE CLIP POINT SATIN SEGHETTATO.<\/p>\n<p>L&#8217;Escape ha le dimensioni perfette per il trasporto quotidiano, ma ha comunque un&#8217;enorme quantit\u00e0 di capacit\u00e0 grazie a una lama con apertura a mano singola. Nel manico \u00e8 integrato un tagliacorde (ideale per tagliare corde, corde, cinture di sicurezza, ecc.), un rompivetro per emergenze estreme, il nostro spelafili brevettato e ulteriori coltelli tagliacorde (che sono riposti sotto la piastra del manico. Tutto questo, combinato con la robusta lama semi-seghettata della lancia e il manico in alluminio anodizzato duro, significa che sono pronto per tutto ci\u00f2 che potrebbe capitarmi.<\/p>\n<p>LUNGHEZZA TOTALE: 20,5 cm<br \/>\nPESO DEL PRODOTTO: 4,80 once<br \/>\nLUNGHEZZA LAMA: 8,5 cm<br \/>\nSPESSORE DELLA LAMA<br \/>\nTIPO DI PRODOTTO: Coltello pieghevole<br \/>\nTIPO FIBBIA CINTURA: Fissa<br \/>\nTIPO DI BORDO: Parzialmente seghettato<br \/>\nTIPO LAMA IN ACCIAIO: 9Cr18MoV<br \/>\nDUREZZA: RC 58-60<br \/>\nMATERIALE MANIGLIA: Alluminio anodizzato 6061-T6<br \/>\nCOLORE MANICO: Nero<\/p>\n<p>L&#8217;Escape ha le dimensioni perfette per il trasporto quotidiano, ma ha comunque un&#8217;enorme quantit\u00e0 di capacit\u00e0 con la sua lama che si apre con una sola mano. Integrato nel manico \u00e8 un tagliafili (perfetto per tagliare cavi, spaghi, cinture di sicurezza, ecc.), un rompivetro per emergenze estreme, il nostro spelafili in attesa di brevetto e lame tagliafili extra (che sono riposte sotto la piastra del manico ). Tutto questo, combinato con una robusta lama a punta di lancia parzialmente seghettata e un manico in alluminio anodizzato duro, dice che sono pronto per qualunque cosa possa capitarmi.<\/p>\n<p>LUNGHEZZA TOTALE<br \/>\n8,20&#8243;<br \/>\nLUNGHEZZA CHIUSA<br \/>\n4,8&#8243;<br \/>\nPESO DEL PRODOTTO<br \/>\n4,80 once<br \/>\nLUNGHEZZA DELLA LAMA<br \/>\n3,4&#8243;<br \/>\nSPESSORE DELLA LAMA<br \/>\n0,13&#8243;<br \/>\nUPC<br \/>\n7-29857-99694-5<br \/>\nDATA DI PREORDINE<br \/>\nSU<br \/>\n\u00c8 PREORDINABILE<br \/>\nSU<br \/>\nFAMIGLIA DI PRODOTTI<br \/>\nFuga<br \/>\nTIPOLOGIA DI PRODOTTO<br \/>\nColtello pieghevole<br \/>\nPAESE DI ORIGINE<br \/>\nCina<br \/>\nMECCANISMO DI BLOCCAGGIO<br \/>\nBlocco<br \/>\nTIPO CLIP DA CINTURA<br \/>\nFisso<br \/>\nCONFEZIONE<br \/>\nUnibox &#8211; Display pronto<br \/>\nINCISIONABILE<br \/>\nS\u00cc<br \/>\nFINE<br \/>\nPerline sabbiate<br \/>\nTIPO DI BORDO<br \/>\nParzialmente seghettato<br \/>\nTIPO LAMA IN ACCIAIO<br \/>\n9Cr18MoV<br \/>\nFORMA DELLA LAMA<br \/>\nPunto di ritaglio<br \/>\nDUREZZA<br \/>\nRC. 58-60<br \/>\nMATERIALE DELLA MANIGLIA<br \/>\nAlluminio anodizzato 6061-T6<br \/>\nCOLORE MANIGLIA<br \/>\nNero<\/p>\n<p>&nbsp;<\/p>\n","protected":false},"excerpt":{"rendered":"<p>Che tu stia proteggendo gli altri o guidando un&#8217;epica spedizione di caccia, affrontando una delle sfide quotidiane della vita o affrontando le condizioni pi\u00f9 estreme, fatti strada con <strong>SOG<\/strong> .<\/p>\n<p><strong>Diamo una garanzia a vita su tutti i coltelli SOG!<\/strong><\/p>\n","protected":false},"featured_media":339591,"comment_status":"open","ping_status":"closed","template":"","meta":[],"pwb-brand":[3850],"product_brand":[],"product_cat":[3745,3749],"product_tag":[3755],"class_list":{"0":"post-339588","1":"product","2":"type-product","3":"status-publish","4":"has-post-thumbnail","6":"pwb-brand-sog-it","7":"product_cat-coltelli","8":"product_cat-coltelli-di-chiusura","9":"product_tag-b2b-it","11":"first","12":"outofstock","13":"taxable","14":"shipping-taxable","15":"purchasable","16":"product-type-simple"},"brands":[{"id":3850,"name":"SOG","slug":"sog-it"}],"_links":{"self":[{"href":"https:\/\/www.moskito.cz\/it\/wp-json\/wp\/v2\/product\/339588","targetHints":{"allow":["GET"]}}],"collection":[{"href":"https:\/\/www.moskito.cz\/it\/wp-json\/wp\/v2\/product"}],"about":[{"href":"https:\/\/www.moskito.cz\/it\/wp-json\/wp\/v2\/types\/product"}],"replies":[{"embeddable":true,"href":"https:\/\/www.moskito.cz\/it\/wp-json\/wp\/v2\/comments?post=339588"}],"wp:featuredmedia":[{"embeddable":true,"href":"https:\/\/www.moskito.cz\/it\/wp-json\/wp\/v2\/media\/339591"}],"wp:attachment":[{"href":"https:\/\/www.moskito.cz\/it\/wp-json\/wp\/v2\/media?parent=339588"}],"wp:term":[{"taxonomy":"pwb-brand","embeddable":true,"href":"https:\/\/www.moskito.cz\/it\/wp-json\/wp\/v2\/pwb-brand?post=339588"},{"taxonomy":"product_brand","embeddable":true,"href":"https:\/\/www.moskito.cz\/it\/wp-json\/wp\/v2\/product_brand?post=339588"},{"taxonomy":"product_cat","embeddable":true,"href":"https:\/\/www.moskito.cz\/it\/wp-json\/wp\/v2\/product_cat?post=339588"},{"taxonomy":"product_tag","embeddable":true,"href":"https:\/\/www.moskito.cz\/it\/wp-json\/wp\/v2\/product_tag?post=339588"}],"curies":[{"name":"wp","href":"https:\/\/api.w.org\/{rel}","templated":true}]}}