{"id":339628,"date":"2022-02-23T22:35:18","date_gmt":"2024-05-07T11:42:18","guid":{"rendered":"https:\/\/www.moskito.cz\/produkt\/coltello-di-chiusura-giantmouse-ace-riv-ottone\/"},"modified":"2025-05-07T11:14:44","modified_gmt":"2025-05-07T10:14:44","slug":"coltello-di-chiusura-giantmouse-ace-riv-ottone","status":"publish","type":"product","link":"https:\/\/www.moskito.cz\/it\/produkt\/coltello-di-chiusura-giantmouse-ace-riv-ottone\/","title":{"rendered":"Coltello di chiusura GiantMouse ACE RIV &#8211; OTTONE"},"content":{"rendered":"<p>Coltello di chiusura <strong>GiantMouse<\/strong> ACE RIV &#8211; OTTONE<\/p>\n<p>I COLTELLI GIUSTI.\u00ae<\/p>\n<p>Vi presentiamo Riva&#8230;<\/p>\n<p>Molte persone vedono il Riv come una mini-Biblio. Tuttavia, non abbiamo semplicemente rimpicciolito la Bibbia per creare un Riv. Abbiamo ricominciato e ridisegnato completamente un nuovo coltello nella gamma Biblio, ma con una sensazione ed espressione proprie. Questo \u00e8 stato anche il modo in cui abbiamo progettato la Biblio partendo dalle linee e dal concetto della GM1. Naturalmente, sarebbe pi\u00f9 semplice ridimensionare il modello del coltello in su o in gi\u00f9 fino alla dimensione che ritieni possa vendere bene, ma non \u00e8 cos\u00ec che lavoriamo!<\/p>\n<p>Perch\u00e9 un coltello compatto?<\/p>\n<p>I nostri designer, Jens Anso e Jesper Voxnaes, sono cresciuti nella natura, lavorando nella foresta e svolgendo lavori domestici. \u00c8 stato insegnato loro a portare con s\u00e9 una lama fissa e una piccola lima quando si lavorava o si faceva un&#8217;escursione. Una lama fissa gestir\u00e0 la maggior parte delle attivit\u00e0 di taglio, ma la piegatrice dovrebbe essere conservata come un rasoio per lavori pi\u00f9 fini e dovrebbe essere il tuo backup se la lama fissa viene persa o smussata. Al giorno d&#8217;oggi, la maggior parte delle cartelle di qualit\u00e0 \u00e8 in grado di gestire la maggior parte dei lavori di medie dimensioni con un pannello fisso, ma \u00e8 comunque fantastico avere un backup nitido. E con &#8220;Riv&#8221; ottieni una cartella compatta in grado di gestire la maggior parte dei lavori di taglio quotidiani e ti sorprender\u00e0 una volta che ci avrai messo le mani sopra. Uno strumento, non un trucco!<\/p>\n<p>Cosa c&#8217;\u00e8 in un nome?<\/p>\n<p>Diamo ai nostri coltelli i nomi di luoghi speciali che ci hanno affezionato nel corso degli anni. L&#8217;omonimo Biblio era il punto di ritrovo preferito del team GiantMouse a Brooklyn, dove \u00e8 nata l&#8217;idea per il nostro nuovo marchio di coltelli. Il Grand prende il nome dal nostro hotel e bar preferito a Norimberga. Il Clyde prende il nome dal bar Clyde Commons a Portland, che faceva parte dell&#8217;ACE Hotel, da cui prende il nome la nostra linea di coltelli ACE. Bene, nel 2020 GiantMouse ha trasferito la sua sede dalla San Francisco Bay Area a East Lansing, MI. Quindi abbiamo ritenuto giusto commemorare l&#8217;occasione intitolando il nostro ultimo modello con il nome di un&#8217;impresa locale altrettanto significativa. Si scopre che &#8220;The Riv&#8221; \u00e8 uno storico bar locale a East Lansing che il CEO di GiantMouse Jim Wirth frequentava mentre frequentava la Michigan State University alla fine degli anni &#8217;80. volo. Il bar \u00e8 ancora oggi un punto di riferimento locale e, una volta che il contingente danese del team GiantMouse sar\u00e0 di nuovo in grado di viaggiare, puoi essere sicuro di trovarci l\u00ec all&#8217;angolo tra Albert e MAC Avenue. Se non ci siamo? &#8211; dai un&#8217;occhiata alla porta accanto di Pinball Pete.<\/p>\n<p>SPECIFICHE<\/p>\n<p>Materiali:<br \/>\nLama in acciaio: Elmax. Design satinato.<br \/>\nManiglia: lato presentazione in ottone.<br \/>\nBackspacer: titanio.<br \/>\nClip: filo.<br \/>\nMeccanismo di rotazione: Cuscinetti a sfera.<br \/>\nMeccanismo di bloccaggio: blocco del telaio in titanio.<\/p>\n<p>Dimensioni:<br \/>\nLunghezza lama: 2,44&#8243; (62 mm) &#8211; misurata dalla punta alla parte anteriore del telaio<br \/>\nSpessore lama: 0,118&#8243; (3 mm)<br \/>\nLunghezza impugnatura: 3,375&#8243; (85,73 mm)<br \/>\nLunghezza totale: 5,75&#8243; (146 mm)<br \/>\nPeso: 3,4 once (96,4 g)<\/p>\n<p><iframe title=\"The ACE Riv by GiantMouse Knives\" width=\"800\" height=\"450\" src=\"https:\/\/www.youtube.com\/embed\/zegLsN6zUMc?feature=oembed\" frameborder=\"0\" allow=\"accelerometer; autoplay; clipboard-write; encrypted-media; gyroscope; picture-in-picture; web-share\" referrerpolicy=\"strict-origin-when-cross-origin\" allowfullscreen><\/iframe><\/p>\n<p>&nbsp;<\/p>\n","protected":false},"excerpt":{"rendered":"<p>L&#8217;idea di <strong>GiantMouse<\/strong> \u00e8 nata durante un drink una sera all&#8217;American Knife Show 2015. I designer\/coltellini danesi Jens Ans\u00f8 e Jesper Voxnaes (Vox) hanno deciso insieme al loro amico imprenditore americano Jim Wirth di poter costruire una trappola per topi migliore. parlare. Un marchio di coltelli che riesce a fornire design di coltelli sorprendenti, con la massima qualit\u00e0 costruttiva possibile, a un prezzo ragionevole, pur rimanendo strettamente coinvolto con la sua comunit\u00e0 di clienti.<\/p>\n<p><strong>Trasporto gratuito.<\/strong><\/p>\n","protected":false},"featured_media":339645,"comment_status":"open","ping_status":"closed","template":"","meta":[],"pwb-brand":[3804],"product_brand":[],"product_cat":[3745,3749],"product_tag":[],"class_list":{"0":"post-339628","1":"product","2":"type-product","3":"status-publish","4":"has-post-thumbnail","6":"pwb-brand-mouse-gigante","7":"product_cat-coltelli","8":"product_cat-coltelli-di-chiusura","10":"first","11":"outofstock","12":"taxable","13":"shipping-taxable","14":"purchasable","15":"product-type-simple"},"brands":[{"id":3804,"name":"Mouse Gigante","slug":"mouse-gigante"}],"_links":{"self":[{"href":"https:\/\/www.moskito.cz\/it\/wp-json\/wp\/v2\/product\/339628","targetHints":{"allow":["GET"]}}],"collection":[{"href":"https:\/\/www.moskito.cz\/it\/wp-json\/wp\/v2\/product"}],"about":[{"href":"https:\/\/www.moskito.cz\/it\/wp-json\/wp\/v2\/types\/product"}],"replies":[{"embeddable":true,"href":"https:\/\/www.moskito.cz\/it\/wp-json\/wp\/v2\/comments?post=339628"}],"wp:featuredmedia":[{"embeddable":true,"href":"https:\/\/www.moskito.cz\/it\/wp-json\/wp\/v2\/media\/339645"}],"wp:attachment":[{"href":"https:\/\/www.moskito.cz\/it\/wp-json\/wp\/v2\/media?parent=339628"}],"wp:term":[{"taxonomy":"pwb-brand","embeddable":true,"href":"https:\/\/www.moskito.cz\/it\/wp-json\/wp\/v2\/pwb-brand?post=339628"},{"taxonomy":"product_brand","embeddable":true,"href":"https:\/\/www.moskito.cz\/it\/wp-json\/wp\/v2\/product_brand?post=339628"},{"taxonomy":"product_cat","embeddable":true,"href":"https:\/\/www.moskito.cz\/it\/wp-json\/wp\/v2\/product_cat?post=339628"},{"taxonomy":"product_tag","embeddable":true,"href":"https:\/\/www.moskito.cz\/it\/wp-json\/wp\/v2\/product_tag?post=339628"}],"curies":[{"name":"wp","href":"https:\/\/api.w.org\/{rel}","templated":true}]}}