{"id":339734,"date":"2022-10-03T20:34:27","date_gmt":"2024-05-13T07:27:55","guid":{"rendered":"https:\/\/www.moskito.cz\/produkt\/coltello-chiudibile-microtech-socom-bravo-261-8cfti\/"},"modified":"2025-05-07T11:14:44","modified_gmt":"2025-05-07T10:14:44","slug":"coltello-chiudibile-microtech-socom-bravo-261-8cfti","status":"publish","type":"product","link":"https:\/\/www.moskito.cz\/it\/produkt\/coltello-chiudibile-microtech-socom-bravo-261-8cfti\/","title":{"rendered":"Coltello Chiudibile Microtech Socom Bravo 261-8CFTI"},"content":{"rendered":"<p>Coltello Chiudibile <strong>Microtech<\/strong> Socom Bravo 261-8CFTI.<\/p>\n<p>Il coltello pieghevole Microtech Socom Bravo Titanium Carbon \u00e8 un gioiello tra i coltelli pieghevoli in ogni modo. Il materiale della lama di alta qualit\u00e0 (M390) \u00e8 una priorit\u00e0 per soddisfare la funzione di taglio del coltello. Raccogli questo materiale SRPS III. generazione trasporta legna da ardere nella foresta, ma \u00e8 la n. 1 tra i materiali per pale al momento. La forma della lama (punto di caduta di nuova concezione) con una pronunciata scanalatura di pressione negativa (scanalatura &#8220;sangue&#8221;) va di pari passo con il materiale. La lama stone wash \u00e8 dotata di perni di apertura su entrambi i lati, ma il coltello \u00e8 destinato ai &#8220;destrimani&#8221;. La molatura sia della faccetta che della punta \u00e8 un lavoro manuale e soddisfa pienamente le funzioni di taglio e penetrazione. Il cuscinetto della lama nel cuscinetto in ceramica e nella cassa in bronzo al berillio non ha gioco visibile anche dopo una manipolazione brusca (il cuscinetto della cassa \u00e8 probabilmente inserito a pressione &#8211; una sovrapposizione di dieci micron!). L&#8217;impugnatura \u00e8 l&#8217;unificazione di design strutturale (applicazione di un pezzo in Titanio 3D, rinforzato con inserti in carbonio, per un migliore feeling nella presa), praticit\u00e0 (irruvidimento del dorso per una presa pi\u00f9 facile e salda del coltello durante il taglio a pressione, foro per attacco paracord), ergonomia (impugnatura comoda nonostante spigoli e scanalatura di guida del pollice di apertura) e robustezza (protezione della molla in titanio della serratura contro gli urti delle lame). Tutti gli attributi menzionati collocano il coltello pieghevole presentato ai vertici della produzione di coltelli contemporanea.<\/p>\n<p>Il nuovo Socom Bravo di Microtech che ha collaborato con Rike Knives per produrre questa edizione. Questo modello presenta un manico in titanio sabbiato con scaglia in fibra di carbonio. \u00c8 dotato di una lama in acciaio M390 a filo singolo con un solo bordo. Collare girevole in titanio blu.<\/p>\n<p>Lunghezza totale: 22,5 cm<br \/>\nLunghezza lama: 10 cm<br \/>\nLunghezza manico: 12,5 cm<br \/>\nMateriale lama: M390<br \/>\nStile lama: bordo singolo<br \/>\nColore: fibra di carbonio sabbiata Ti<br \/>\nPeso: 5,8 once.<\/p>\n<p><iframe title=\"SOCOM Bravo: Limited Edition Serrated and Signed by Anthony Marfione\" width=\"800\" height=\"450\" src=\"https:\/\/www.youtube.com\/embed\/_cp-uC2gPBM?feature=oembed\" frameborder=\"0\" allow=\"accelerometer; autoplay; clipboard-write; encrypted-media; gyroscope; picture-in-picture; web-share\" referrerpolicy=\"strict-origin-when-cross-origin\" allowfullscreen><\/iframe><\/p>\n<p>&nbsp;<\/p>\n","protected":false},"excerpt":{"rendered":"<p>Nel corso degli anni Microtech\u00ae Knives ha riempito i coltelli di passione e maestria fino a creare quasi opere d&#8217;arte che sono l&#8217;apice della funzionalit\u00e0. Tutte le parti sono prodotte negli Stati Uniti.<br \/>\n<strong>Tutti i coltelli Microtech sono coperti da una garanzia a vita.<\/strong><\/p>\n<p><strong>Trasporto gratuito.<\/strong><\/p>\n","protected":false},"featured_media":339735,"comment_status":"open","ping_status":"closed","template":"","meta":[],"pwb-brand":[3753],"product_brand":[],"product_cat":[3745,3749],"product_tag":[3755],"class_list":{"0":"post-339734","1":"product","2":"type-product","3":"status-publish","4":"has-post-thumbnail","6":"pwb-brand-microtecnologia-it","7":"product_cat-coltelli","8":"product_cat-coltelli-di-chiusura","9":"product_tag-b2b-it","11":"first","12":"outofstock","13":"taxable","14":"shipping-taxable","15":"purchasable","16":"product-type-simple"},"brands":[{"id":3753,"name":"Microtecnologia","slug":"microtecnologia-it"}],"_links":{"self":[{"href":"https:\/\/www.moskito.cz\/it\/wp-json\/wp\/v2\/product\/339734","targetHints":{"allow":["GET"]}}],"collection":[{"href":"https:\/\/www.moskito.cz\/it\/wp-json\/wp\/v2\/product"}],"about":[{"href":"https:\/\/www.moskito.cz\/it\/wp-json\/wp\/v2\/types\/product"}],"replies":[{"embeddable":true,"href":"https:\/\/www.moskito.cz\/it\/wp-json\/wp\/v2\/comments?post=339734"}],"wp:featuredmedia":[{"embeddable":true,"href":"https:\/\/www.moskito.cz\/it\/wp-json\/wp\/v2\/media\/339735"}],"wp:attachment":[{"href":"https:\/\/www.moskito.cz\/it\/wp-json\/wp\/v2\/media?parent=339734"}],"wp:term":[{"taxonomy":"pwb-brand","embeddable":true,"href":"https:\/\/www.moskito.cz\/it\/wp-json\/wp\/v2\/pwb-brand?post=339734"},{"taxonomy":"product_brand","embeddable":true,"href":"https:\/\/www.moskito.cz\/it\/wp-json\/wp\/v2\/product_brand?post=339734"},{"taxonomy":"product_cat","embeddable":true,"href":"https:\/\/www.moskito.cz\/it\/wp-json\/wp\/v2\/product_cat?post=339734"},{"taxonomy":"product_tag","embeddable":true,"href":"https:\/\/www.moskito.cz\/it\/wp-json\/wp\/v2\/product_tag?post=339734"}],"curies":[{"name":"wp","href":"https:\/\/api.w.org\/{rel}","templated":true}]}}