{"id":339753,"date":"2021-07-29T19:40:03","date_gmt":"2024-05-13T08:13:43","guid":{"rendered":"https:\/\/www.moskito.cz\/produkt\/coltello-di-chiusura-crkt-m16-01z\/"},"modified":"2025-05-07T11:14:45","modified_gmt":"2025-05-07T10:14:45","slug":"coltello-di-chiusura-crkt-m16-01z","status":"publish","type":"product","link":"https:\/\/www.moskito.cz\/it\/produkt\/coltello-di-chiusura-crkt-m16-01z\/","title":{"rendered":"Coltello di chiusura CRKT M16-01Z"},"content":{"rendered":"<p>Coltello di chiusura <strong>CRKT<\/strong> M16-01Z.<\/p>\n<p>Ecco l&#8217;M16\u00ae Every Day Carry (EDC) di Kit Carson con la nostra struttura InterFrame in nylon riempito di vetro.<\/p>\n<p>I nostri utilizzatori di coltelli ci hanno detto: &#8220;Vogliamo un coltello da lavoro conveniente che possiamo usare duramente senza sentirci in colpa e che non si rompa se lo lasciamo in un cantiere edile o lo lasciamo cadere in un fiume&#8221;. Ti abbiamo sentito. E cos\u00ec abbiamo deciso che lo Z EDC sarebbe stato il miglior rapporto qualit\u00e0-prezzo nel mondo dei coltelli da lavoro e sportivi.<\/p>\n<p>Questo inizia con guance in nylon testurizzato riempito di vetro e un doppio inserto InterFrame in acciaio inossidabile 2CR13. Se assemblato con distanziali posteriori in nylon di vetro e dispositivi di fissaggio Torx\u00ae, il risultato \u00e8 sorprendentemente rigido.<\/p>\n<p>Il nylon caricato a vetro offre un&#8217;eccellente tenacit\u00e0 e resistenza ai solventi. I cuscinetti lubrificanti sul perno della lama e la vite del perno regolabile consentono un funzionamento perfetto della lama. La lama \u00e8 realizzata in acciaio inossidabile 8CR15MoV ad alto tenore di carbonio, che fornisce la combinazione ideale di tenacit\u00e0 e capacit\u00e0 di tenuta del filo in un coltello da lavoro e consente inoltre una facile affilatura sul campo. I modelli standard hanno una finitura perlata.<\/p>\n<p>L&#8217;M16\u00ae-01Z utilizza la nostra famosa lama a punta di lancia a profilo sottile con bordo affilato. \u00c8 ideale per tagli e intagli fini. Naturalmente c&#8217;\u00e8 il Carson Flipper, che accelera l&#8217;apertura della lama e funge da proteggilama quando la lama \u00e8 aperta.<\/p>\n<p>Questo coltello \u00e8 dotato di una sicura automatica per l&#8217;inserimento. Automated Insert Security \u00e8 un&#8217;innovazione nella sicurezza degli inserti bloccati che \u00e8 stata portata al livello successivo. La serratura ad inserimento automatizzato posiziona il perno tra l&#8217;inserto della serratura e il telaio. Questo perno funge da ulteriore livello di sicurezza, rendendo meno probabile che l&#8217;inserto di bloccaggio si allenti durante l&#8217;uso.<\/p>\n<p>Per chiudere il coltello, tirare indietro la leva di sicurezza con il pulsante rosso, spostare l&#8217;inserto di bloccaggio e piegare la lama in posizione chiusa. Vuoi uno dei sistemi di sicurezza pi\u00f9 sicuri sul mercato? La selezione \u00e8 automatica.<\/p>\n<p>SPECIFICHE<br \/>\nLunghezza lama 3,13 pollici (79,38 mm)<br \/>\nBordo della lama semplice<br \/>\nLama in acciaio 8Cr13MoV<br \/>\nCompletamento della lama Bead Blast<br \/>\nSpessore lama 0,03 pollici (2,03 mm)<br \/>\nLunghezza totale 7,13&#8243; (180,98 mm)<br \/>\nLunghezza da chiuso 4,00&#8243; (101,60 mm)<br \/>\nPeso 2,30 once. (65,20 g)<br \/>\nManiglia Nylon rinforzato con vetro<br \/>\nColtello pieghevole Style con blocco dell&#8217;inserto<\/p>\n<p><strong>CRKT\u00ae<\/strong> (Columbia River Knife and Tool\u00ae) \u00e8 stata fondata nel 1994. Fin dal primo giorno, ha messo al primo posto l\u2019innovazione e l\u2019integrit\u00e0. Si impegna a realizzare coltelli e strumenti che ispirino e durino. Lavora con i migliori designer del mondo e lavora secondo un principio semplice: la cosa pi\u00f9 grande che pu\u00f2 dare ai clienti \u00e8 la fiducia nelle sue mani.<\/p>\n<p><iframe title=\"M16-01Z Knife | by Kit Carson\" width=\"800\" height=\"450\" src=\"https:\/\/www.youtube.com\/embed\/yvsl0_4sS4Y?feature=oembed\" frameborder=\"0\" allow=\"accelerometer; autoplay; clipboard-write; encrypted-media; gyroscope; picture-in-picture; web-share\" referrerpolicy=\"strict-origin-when-cross-origin\" allowfullscreen><\/iframe><\/p>\n<p>&nbsp;<\/p>\n<p>&nbsp;<\/p>\n","protected":false},"excerpt":{"rendered":"<p>Progettato da Kit Carson a Vine Grove, Kentucky.<\/p>\n","protected":false},"featured_media":339754,"comment_status":"open","ping_status":"closed","template":"","meta":[],"pwb-brand":[3763],"product_brand":[],"product_cat":[3749,3745],"product_tag":[3755],"class_list":{"0":"post-339753","1":"product","2":"type-product","3":"status-publish","4":"has-post-thumbnail","6":"pwb-brand-crkt-it","7":"product_cat-coltelli-di-chiusura","8":"product_cat-coltelli","9":"product_tag-b2b-it","11":"first","12":"outofstock","13":"taxable","14":"shipping-taxable","15":"purchasable","16":"product-type-simple"},"brands":[{"id":3763,"name":"CRKT","slug":"crkt-it"}],"_links":{"self":[{"href":"https:\/\/www.moskito.cz\/it\/wp-json\/wp\/v2\/product\/339753","targetHints":{"allow":["GET"]}}],"collection":[{"href":"https:\/\/www.moskito.cz\/it\/wp-json\/wp\/v2\/product"}],"about":[{"href":"https:\/\/www.moskito.cz\/it\/wp-json\/wp\/v2\/types\/product"}],"replies":[{"embeddable":true,"href":"https:\/\/www.moskito.cz\/it\/wp-json\/wp\/v2\/comments?post=339753"}],"wp:featuredmedia":[{"embeddable":true,"href":"https:\/\/www.moskito.cz\/it\/wp-json\/wp\/v2\/media\/339754"}],"wp:attachment":[{"href":"https:\/\/www.moskito.cz\/it\/wp-json\/wp\/v2\/media?parent=339753"}],"wp:term":[{"taxonomy":"pwb-brand","embeddable":true,"href":"https:\/\/www.moskito.cz\/it\/wp-json\/wp\/v2\/pwb-brand?post=339753"},{"taxonomy":"product_brand","embeddable":true,"href":"https:\/\/www.moskito.cz\/it\/wp-json\/wp\/v2\/product_brand?post=339753"},{"taxonomy":"product_cat","embeddable":true,"href":"https:\/\/www.moskito.cz\/it\/wp-json\/wp\/v2\/product_cat?post=339753"},{"taxonomy":"product_tag","embeddable":true,"href":"https:\/\/www.moskito.cz\/it\/wp-json\/wp\/v2\/product_tag?post=339753"}],"curies":[{"name":"wp","href":"https:\/\/api.w.org\/{rel}","templated":true}]}}