{"id":339876,"date":"2022-11-05T11:57:19","date_gmt":"2024-05-14T13:09:15","guid":{"rendered":"https:\/\/www.moskito.cz\/produkt\/coltello-chiudibile-spartan-seghettato-cold-steel\/"},"modified":"2025-05-07T11:14:47","modified_gmt":"2025-05-07T10:14:47","slug":"coltello-chiudibile-spartan-seghettato-cold-steel","status":"publish","type":"product","link":"https:\/\/www.moskito.cz\/it\/produkt\/coltello-chiudibile-spartan-seghettato-cold-steel\/","title":{"rendered":"Coltello chiudibile SPARTAN SEGHETTATO Cold Steel"},"content":{"rendered":"<p>Coltello chiudibile SPARTAN SEGHETTATO <strong>Cold Steel<\/strong> .<\/p>\n<p>La lama super affilata dello Spartan \u00e8 realizzata in acciaio giapponese AUS 10A molto resistente. Questo acciaio inossidabile martensitico ha ottime propriet\u00e0 di resistenza e viene utilizzato principalmente come materiale per utensili da taglio. Rispetto all&#8217;AUS 8A trattiene meglio la lama ed \u00e8 pi\u00f9 resistente all&#8217;abrasione. L&#8217;acciaio \u00e8 stato poi trattato termicamente per ottenere il perfetto equilibrio tra ritenzione del filo e facilit\u00e0 di riaffilatura. La sua caratteristica impugnatura ispirata a Kopis \u00e8 stampata con precisione in Griv-Ex con inserti in acciaio trattato termicamente. Il dispositivo di sicurezza Tri-Ad Lock contro la chiusura involontaria del coltello \u00e8 attualmente tra i pi\u00f9 robusti dispositivi di sicurezza prodotti in serie al mondo.<\/p>\n<p>PARAMETRI DEL PRODOTTO<br \/>\nAcciaio: lega giapponese AUS 10A<br \/>\nLunghezza lama: 114 mm<br \/>\nPeso: 255 g<br \/>\nMateriale manico: Griv-Ex\u2122 lungo con raccordi in acciaio<br \/>\nSpessore lama: 4 mm<br \/>\nDimensioni complessive: 266 mm<br \/>\nLunghezza impugnatura: 152 mm<br \/>\nColore: grigio\/argento<\/p>\n","protected":false},"excerpt":{"rendered":"<p><strong>SPARTAN, coltello chiudibile con lama seghettata. Un fenomeno tra i coltelli che creer\u00e0 un&#8217;impressione assolutamente monumentale nella tua mano.<\/strong><\/p>\n","protected":false},"featured_media":339877,"comment_status":"open","ping_status":"closed","template":"","meta":[],"pwb-brand":[3791],"product_brand":[],"product_cat":[3745,3749],"product_tag":[3755],"class_list":{"0":"post-339876","1":"product","2":"type-product","3":"status-publish","4":"has-post-thumbnail","6":"pwb-brand-acciaio-freddo","7":"product_cat-coltelli","8":"product_cat-coltelli-di-chiusura","9":"product_tag-b2b-it","11":"first","12":"outofstock","13":"taxable","14":"shipping-taxable","15":"purchasable","16":"product-type-simple"},"brands":[{"id":3791,"name":"Acciaio freddo","slug":"acciaio-freddo"}],"_links":{"self":[{"href":"https:\/\/www.moskito.cz\/it\/wp-json\/wp\/v2\/product\/339876","targetHints":{"allow":["GET"]}}],"collection":[{"href":"https:\/\/www.moskito.cz\/it\/wp-json\/wp\/v2\/product"}],"about":[{"href":"https:\/\/www.moskito.cz\/it\/wp-json\/wp\/v2\/types\/product"}],"replies":[{"embeddable":true,"href":"https:\/\/www.moskito.cz\/it\/wp-json\/wp\/v2\/comments?post=339876"}],"wp:featuredmedia":[{"embeddable":true,"href":"https:\/\/www.moskito.cz\/it\/wp-json\/wp\/v2\/media\/339877"}],"wp:attachment":[{"href":"https:\/\/www.moskito.cz\/it\/wp-json\/wp\/v2\/media?parent=339876"}],"wp:term":[{"taxonomy":"pwb-brand","embeddable":true,"href":"https:\/\/www.moskito.cz\/it\/wp-json\/wp\/v2\/pwb-brand?post=339876"},{"taxonomy":"product_brand","embeddable":true,"href":"https:\/\/www.moskito.cz\/it\/wp-json\/wp\/v2\/product_brand?post=339876"},{"taxonomy":"product_cat","embeddable":true,"href":"https:\/\/www.moskito.cz\/it\/wp-json\/wp\/v2\/product_cat?post=339876"},{"taxonomy":"product_tag","embeddable":true,"href":"https:\/\/www.moskito.cz\/it\/wp-json\/wp\/v2\/product_tag?post=339876"}],"curies":[{"name":"wp","href":"https:\/\/api.w.org\/{rel}","templated":true}]}}