{"id":340143,"date":"2022-04-05T15:32:42","date_gmt":"2024-05-15T12:45:42","guid":{"rendered":"https:\/\/www.moskito.cz\/produkt\/coltello-fisso-microtech-socom-alpha-stonewashed-113-11\/"},"modified":"2025-05-07T11:14:54","modified_gmt":"2025-05-07T10:14:54","slug":"coltello-fisso-microtech-socom-alpha-stonewashed-113-11","status":"publish","type":"product","link":"https:\/\/www.moskito.cz\/it\/produkt\/coltello-fisso-microtech-socom-alpha-stonewashed-113-11\/","title":{"rendered":"Coltello Fisso Microtech Socom Alpha Stonewashed 113-11"},"content":{"rendered":"<p>Coltello Fisso <strong>Microtech<\/strong> Socom Alpha Stonewashed 113-11.<\/p>\n<p><strong>La Socom Alpha<\/strong> \u00e8 una lama fissa d&#8217;\u00e9lite basata sul popolare seghetto alternativo Socom. Il manico ha pi\u00f9 o meno le stesse dimensioni, ma la lama solida Socom Alpha ha una lama leggermente pi\u00f9 lunga, creando un coltello perfettamente bilanciato. \u00c8 progettato per utenti tattici, collezionisti e chiunque apprezzi una lama di alta qualit\u00e0.<\/p>\n<p>Questo design a codolo completo presenta bordi attorno al manico per darti la manipolazione pi\u00f9 sicura possibile di questa lama fissa tattica. Le guancette G10 fresate hanno una forma sagomata per la massima presa ergonomica e creano una perfetta armonia tra utente e strumento. La lama Clip Point \u00e8 piatta con dorso arrotondato e superficie in pietra ruvida. La Socom Alpha emana l&#8217;aura di un utente eccezionale sia come lama fissa tattica che di utilit\u00e0. \u00c8 prodotto con tolleranze perfettamente strette, quindi sai che pu\u00f2 gestire qualsiasi cosa gli lanci. Viene fornito con un fodero Kydex rivestito in fibra di carbonio con Blade-Tech TEK-LOK per molteplici opzioni di trasporto per soddisfare le loro preferenze specifiche.<\/p>\n<p>Specifiche:<\/p>\n<p>Acciaio: M390<\/p>\n<p>Lunghezza lama: 14 cm<br \/>\nLunghezza totale: 27 cm<br \/>\nSpessore lama: 0,42 cm<\/p>\n<p>Stile lama: punto di clip<br \/>\nAffilatura della lama: piatta<br \/>\nTrattamento superficiale della lama: Stonewash<br \/>\nMateriale manico: G10 nero<br \/>\nSpessore manico: 1,8 cm<br \/>\nMateriale Fodero: Finitura In Fibra Di Carbonio Kydex<br \/>\nPeso: 8,0 once<br \/>\nPeso con custodia: 12,2 once.<br \/>\nProgettista: Tony Marfione<br \/>\nFabbricato negli Usa<\/p>\n<p><iframe title=\"Microtech Combat Troodon Torture Test\" width=\"800\" height=\"450\" src=\"https:\/\/www.youtube.com\/embed\/xE9TeOFYEjg?feature=oembed\" frameborder=\"0\" allow=\"accelerometer; autoplay; clipboard-write; encrypted-media; gyroscope; picture-in-picture; web-share\" referrerpolicy=\"strict-origin-when-cross-origin\" allowfullscreen><\/iframe><\/p>\n<p>&nbsp;<\/p>\n","protected":false},"excerpt":{"rendered":"<p>Nel corso degli anni, Microtech\u00ae Knives ha riempito i coltelli con passione e competenza per creare quasi opere d&#8217;arte che sono l&#8217;apice della funzionalit\u00e0. Tutte le parti sono prodotte negli Stati Uniti.<br \/>\n<strong>Tutti i coltelli Microtech sono coperti da una garanzia a vita.<\/strong><\/p>\n<p><strong>Trasporto gratuito.<\/strong><\/p>\n","protected":false},"featured_media":340144,"comment_status":"open","ping_status":"closed","template":"","meta":[],"pwb-brand":[3753],"product_brand":[],"product_cat":[3746,3745],"product_tag":[3755],"class_list":{"0":"post-340143","1":"product","2":"type-product","3":"status-publish","4":"has-post-thumbnail","6":"pwb-brand-microtecnologia-it","7":"product_cat-coltelli-solidi","8":"product_cat-coltelli","9":"product_tag-b2b-it","11":"first","12":"instock","13":"sale","14":"taxable","15":"shipping-taxable","16":"purchasable","17":"product-type-simple"},"brands":[{"id":3753,"name":"Microtecnologia","slug":"microtecnologia-it"}],"_links":{"self":[{"href":"https:\/\/www.moskito.cz\/it\/wp-json\/wp\/v2\/product\/340143","targetHints":{"allow":["GET"]}}],"collection":[{"href":"https:\/\/www.moskito.cz\/it\/wp-json\/wp\/v2\/product"}],"about":[{"href":"https:\/\/www.moskito.cz\/it\/wp-json\/wp\/v2\/types\/product"}],"replies":[{"embeddable":true,"href":"https:\/\/www.moskito.cz\/it\/wp-json\/wp\/v2\/comments?post=340143"}],"wp:featuredmedia":[{"embeddable":true,"href":"https:\/\/www.moskito.cz\/it\/wp-json\/wp\/v2\/media\/340144"}],"wp:attachment":[{"href":"https:\/\/www.moskito.cz\/it\/wp-json\/wp\/v2\/media?parent=340143"}],"wp:term":[{"taxonomy":"pwb-brand","embeddable":true,"href":"https:\/\/www.moskito.cz\/it\/wp-json\/wp\/v2\/pwb-brand?post=340143"},{"taxonomy":"product_brand","embeddable":true,"href":"https:\/\/www.moskito.cz\/it\/wp-json\/wp\/v2\/product_brand?post=340143"},{"taxonomy":"product_cat","embeddable":true,"href":"https:\/\/www.moskito.cz\/it\/wp-json\/wp\/v2\/product_cat?post=340143"},{"taxonomy":"product_tag","embeddable":true,"href":"https:\/\/www.moskito.cz\/it\/wp-json\/wp\/v2\/product_tag?post=340143"}],"curies":[{"name":"wp","href":"https:\/\/api.w.org\/{rel}","templated":true}]}}