{"id":340202,"date":"2024-05-15T13:52:44","date_gmt":"2024-05-15T12:55:44","guid":{"rendered":"https:\/\/www.moskito.cz\/produkt\/coltello-fisso-microtech-signature-serie-socom-alpha-mini-114m-3dlccfs\/"},"modified":"2025-05-07T11:15:00","modified_gmt":"2025-05-07T10:15:00","slug":"coltello-fisso-microtech-signature-serie-socom-alpha-mini-114m-3dlccfs","status":"publish","type":"product","link":"https:\/\/www.moskito.cz\/it\/produkt\/coltello-fisso-microtech-signature-serie-socom-alpha-mini-114m-3dlccfs\/","title":{"rendered":"Coltello Fisso Microtech Signature Serie Socom Alpha Mini 114M-3DLCCFS"},"content":{"rendered":"<p>Coltello Fisso <strong>Microtech<\/strong> Signature Serie Socom Alpha Mini 114M-3DLCCFS.<\/p>\n<p>Il Socom Alpha Mini \u00e8 una lama fissa d&#8217;\u00e9lite basata sul popolare seghetto alternativo Socom. Il manico ha pi\u00f9 o meno le stesse dimensioni, ma la lama solida Socom Alpha ha una lama leggermente pi\u00f9 corta, creando un coltello perfettamente bilanciato. \u00c8 progettato per utenti tattici, collezionisti e chiunque apprezzi una lama di alta qualit\u00e0.<\/p>\n<p>Questo design a codolo completo presenta bordi attorno al manico per darti la manipolazione pi\u00f9 sicura possibile di questa lama fissa tattica. Le guancette in fibra di carbonio fresate hanno una forma sagomata per la massima presa ergonomica e creano una perfetta armonia tra utente e strumento. La lama tanto \u00e8 piatta con dorso arrotondato e superficie in pietra ruvida. La Socom Alpha mini emana l&#8217;aura di un utente eccezionale sia come lama fissa tattica che di utilit\u00e0. \u00c8 prodotto con tolleranze perfettamente strette, quindi sai che pu\u00f2 gestire qualsiasi cosa gli lanci. Viene fornito con un fodero Kydex rivestito in fibra di carbonio con Blade-Tech TEK-LOK per molteplici opzioni di trasporto per soddisfare le loro preferenze specifiche.<br \/>\nSpecifiche:<\/p>\n<p>Lunghezza lama: <span id=\"cwos\" class=\"qv3Wpe\">9,3<\/span> cm<br \/>\nLunghezza manico: 11 cm<br \/>\nLunghezza totale: <span id=\"cwos\" class=\"qv3Wpe\">20,42<\/span> cm<br \/>\nAcciaio: M390<br \/>\nStile lama: Tanto<br \/>\nAffilatura della lama: piatta<br \/>\nFinitura lama: DLC nero<br \/>\nMateriale manico: fibra di carbonio<br \/>\nMateriale Fodero: Finitura In Fibra Di Carbonio Kydex<br \/>\nPeso: 6,7 once.<br \/>\nPeso con custodia: 10,1 once.<br \/>\nProgettista: Tony Marfione<br \/>\nFabbricato negli Usa<\/p>\n<p><iframe title=\"Microtech Combat Troodon Torture Test\" width=\"800\" height=\"450\" src=\"https:\/\/www.youtube.com\/embed\/xE9TeOFYEjg?feature=oembed\" frameborder=\"0\" allow=\"accelerometer; autoplay; clipboard-write; encrypted-media; gyroscope; picture-in-picture; web-share\" referrerpolicy=\"strict-origin-when-cross-origin\" allowfullscreen><\/iframe><\/p>\n<p>&nbsp;<\/p>\n","protected":false},"excerpt":{"rendered":"<div class=\"elementor-element elementor-element-bbb542b elementor-widget elementor-widget-woocommerce-product-short-description\" data-id=\"bbb542b\" data-element_type=\"widget\" data-widget_type=\"woocommerce-product-short-description.default\">\n<div class=\"elementor-widget-container\">\n<div class=\"woocommerce-product-details__short-description\">\n<p><strong>Nel corso degli anni, Microtech\u00ae Knives ha riempito i coltelli con passione e competenza per creare quasi opere d&#8217;arte che sono l&#8217;apice della funzionalit\u00e0. Tutte le parti sono prodotte negli Stati Uniti.<\/strong><br \/>\n<strong>Tutti i coltelli Microtech sono coperti da una garanzia a vita.<\/strong><\/p>\n<p><strong>Trasporto gratuito.<\/strong><\/p>\n<\/div>\n<\/div>\n<\/div>\n","protected":false},"featured_media":340162,"comment_status":"open","ping_status":"closed","template":"","meta":[],"pwb-brand":[3753],"product_brand":[],"product_cat":[3745,3746],"product_tag":[3755],"class_list":{"0":"post-340202","1":"product","2":"type-product","3":"status-publish","4":"has-post-thumbnail","6":"pwb-brand-microtecnologia-it","7":"product_cat-coltelli","8":"product_cat-coltelli-solidi","9":"product_tag-b2b-it","11":"first","12":"instock","13":"taxable","14":"shipping-taxable","15":"purchasable","16":"product-type-simple"},"brands":[{"id":3753,"name":"Microtecnologia","slug":"microtecnologia-it"}],"_links":{"self":[{"href":"https:\/\/www.moskito.cz\/it\/wp-json\/wp\/v2\/product\/340202","targetHints":{"allow":["GET"]}}],"collection":[{"href":"https:\/\/www.moskito.cz\/it\/wp-json\/wp\/v2\/product"}],"about":[{"href":"https:\/\/www.moskito.cz\/it\/wp-json\/wp\/v2\/types\/product"}],"replies":[{"embeddable":true,"href":"https:\/\/www.moskito.cz\/it\/wp-json\/wp\/v2\/comments?post=340202"}],"wp:featuredmedia":[{"embeddable":true,"href":"https:\/\/www.moskito.cz\/it\/wp-json\/wp\/v2\/media\/340162"}],"wp:attachment":[{"href":"https:\/\/www.moskito.cz\/it\/wp-json\/wp\/v2\/media?parent=340202"}],"wp:term":[{"taxonomy":"pwb-brand","embeddable":true,"href":"https:\/\/www.moskito.cz\/it\/wp-json\/wp\/v2\/pwb-brand?post=340202"},{"taxonomy":"product_brand","embeddable":true,"href":"https:\/\/www.moskito.cz\/it\/wp-json\/wp\/v2\/product_brand?post=340202"},{"taxonomy":"product_cat","embeddable":true,"href":"https:\/\/www.moskito.cz\/it\/wp-json\/wp\/v2\/product_cat?post=340202"},{"taxonomy":"product_tag","embeddable":true,"href":"https:\/\/www.moskito.cz\/it\/wp-json\/wp\/v2\/product_tag?post=340202"}],"curies":[{"name":"wp","href":"https:\/\/api.w.org\/{rel}","templated":true}]}}