{"id":340420,"date":"2024-05-16T14:57:46","date_gmt":"2024-05-16T13:59:07","guid":{"rendered":"https:\/\/www.moskito.cz\/produkt\/coltello-solido-acciaio-a-freddo-natchez-bowie-16dn\/"},"modified":"2025-05-07T11:15:04","modified_gmt":"2025-05-07T10:15:04","slug":"coltello-solido-acciaio-a-freddo-natchez-bowie-16dn","status":"publish","type":"product","link":"https:\/\/www.moskito.cz\/it\/produkt\/coltello-solido-acciaio-a-freddo-natchez-bowie-16dn\/","title":{"rendered":"Coltello Solido ACCIAIO A FREDDO NATCHEZ BOWIE 16DN"},"content":{"rendered":"<p>Coltello Solido <strong>ACCIAIO A FREDDO<\/strong> NATCHEZ BOWIE 16DN.<\/p>\n<p>&#8220;Under-The Hill&#8221; era un quartiere notoriamente turbolento sul lungomare di Natchez, nel Mississippi, all&#8217;inizio del XIX secolo. Cos\u00ec dubbio che veniva raramente menzionato nei salotti cortesi delle dimore anteguerra che punteggiavano l&#8217;altro lato della citt\u00e0 durante l&#8217;era del cotone.<\/p>\n<p>Natchez Bowie dei Cold Steel \u00e8 nato &#8220;Under-The-Hill&#8221; e ha il suo pedigree in quelle squallide taverne e strade poco illuminate. Una linea creata per la battaglia, \u00e8 il Bowie da combattimento definitivo. La sua lunga lama \u00e8 perfettamente modellata per potenza, portata e leva, e il suo peso significativo \u00e8 perfettamente bilanciato, conferendogli vivacit\u00e0 e velocit\u00e0 senza precedenti. Combina tutto questo con il suo bordo perfidamente affilato e avrai un coltello che trafigge come un pugnale, taglia come un rasoio e taglia come una mannaia!<\/p>\n<p>Il meglio dei materiali e della lavorazione \u00e8 ci\u00f2 che rende possibili tali prestazioni. La lama \u00e8 realizzata in acciaio per utensili CPM-3V. \u00c8 costoso e difficile da produrre, ma la lama che produce \u00e8 praticamente indistruttibile. Anche la maniglia gioca un ruolo importante nelle prestazioni complessive. Ha una doppia protezione del quillion, un sostegno e una paletta realizzati in acciaio inossidabile serie 300 altamente lucidato e una robusta impugnatura G10 nera. Si adatta facilmente a un&#8217;ampia variet\u00e0 di impugnature e funge anche da arma da impatto davvero formidabile.<\/p>\n<p>Ogni Natchez Bowie \u00e8 dotato di un fodero Secure-Ex che protegge la lama e ti permette di portarlo al tuo fianco in modo sicuro e protetto, sempre pronto a difendere te e i tuoi cari.<\/p>\n<p>Peso: 624 g<br \/>\nLunghezza lama: 29,8 cm<br \/>\nLunghezza manico: 13,6 cm<br \/>\nMateriale manico: Micarta nera lucida lunga<br \/>\nColore: Nero\/Argento<br \/>\nMisura totale: 43,4 cm<br \/>\nMateriale della guaina: guaina Secure-Ex\u00ae<br \/>\nSpessore lama: 8 mm<br \/>\nAcciaio: CPM 3-V<\/p>\n<p><iframe title=\"COLD STEEL&#039;S DEADLIEST WEAPON THE NATCHEZ BOWIE\" width=\"800\" height=\"450\" src=\"https:\/\/www.youtube.com\/embed\/q3OE1W9UGrs?feature=oembed\" frameborder=\"0\" allow=\"accelerometer; autoplay; clipboard-write; encrypted-media; gyroscope; picture-in-picture; web-share\" referrerpolicy=\"strict-origin-when-cross-origin\" allowfullscreen><\/iframe><\/p>\n<p>&nbsp;<\/p>\n","protected":false},"excerpt":{"rendered":"<p><strong>Ogni Natchez Bowie viene fornito con un fodero Secure-Ex che protegge la lama e ti permette di portarlo al tuo fianco in modo sicuro e protetto, sempre pronto a difendere te e i tuoi cari.<\/strong><\/p>\n<p><strong>Trasporto gratuito.<\/strong><\/p>\n","protected":false},"featured_media":340406,"comment_status":"open","ping_status":"closed","template":"","meta":[],"pwb-brand":[3791],"product_brand":[],"product_cat":[3745,3746],"product_tag":[3755],"class_list":{"0":"post-340420","1":"product","2":"type-product","3":"status-publish","4":"has-post-thumbnail","6":"pwb-brand-acciaio-freddo","7":"product_cat-coltelli","8":"product_cat-coltelli-solidi","9":"product_tag-b2b-it","11":"first","12":"instock","13":"taxable","14":"shipping-taxable","15":"purchasable","16":"product-type-simple"},"brands":[{"id":3791,"name":"Acciaio freddo","slug":"acciaio-freddo"}],"_links":{"self":[{"href":"https:\/\/www.moskito.cz\/it\/wp-json\/wp\/v2\/product\/340420","targetHints":{"allow":["GET"]}}],"collection":[{"href":"https:\/\/www.moskito.cz\/it\/wp-json\/wp\/v2\/product"}],"about":[{"href":"https:\/\/www.moskito.cz\/it\/wp-json\/wp\/v2\/types\/product"}],"replies":[{"embeddable":true,"href":"https:\/\/www.moskito.cz\/it\/wp-json\/wp\/v2\/comments?post=340420"}],"wp:featuredmedia":[{"embeddable":true,"href":"https:\/\/www.moskito.cz\/it\/wp-json\/wp\/v2\/media\/340406"}],"wp:attachment":[{"href":"https:\/\/www.moskito.cz\/it\/wp-json\/wp\/v2\/media?parent=340420"}],"wp:term":[{"taxonomy":"pwb-brand","embeddable":true,"href":"https:\/\/www.moskito.cz\/it\/wp-json\/wp\/v2\/pwb-brand?post=340420"},{"taxonomy":"product_brand","embeddable":true,"href":"https:\/\/www.moskito.cz\/it\/wp-json\/wp\/v2\/product_brand?post=340420"},{"taxonomy":"product_cat","embeddable":true,"href":"https:\/\/www.moskito.cz\/it\/wp-json\/wp\/v2\/product_cat?post=340420"},{"taxonomy":"product_tag","embeddable":true,"href":"https:\/\/www.moskito.cz\/it\/wp-json\/wp\/v2\/product_tag?post=340420"}],"curies":[{"name":"wp","href":"https:\/\/api.w.org\/{rel}","templated":true}]}}