{"id":340472,"date":"2024-05-16T15:19:04","date_gmt":"2024-05-16T14:22:11","guid":{"rendered":"https:\/\/www.moskito.cz\/produkt\/coltello-solido-acciaio-freddo-leatherneck-bowie-cs-fx-lthrnk\/"},"modified":"2025-05-07T11:15:06","modified_gmt":"2025-05-07T10:15:06","slug":"coltello-solido-acciaio-freddo-leatherneck-bowie-cs-fx-lthrnk","status":"publish","type":"product","link":"https:\/\/www.moskito.cz\/it\/produkt\/coltello-solido-acciaio-freddo-leatherneck-bowie-cs-fx-lthrnk\/","title":{"rendered":"Coltello solido Acciaio freddo LEATHERNECK BOWIE CS-FX-LTHRNK"},"content":{"rendered":"<p>Coltello solido <strong>Acciaio freddo<\/strong> LEATHERNECK BOWIE CS-FX-LTHRNK.<\/p>\n<p>Il Leatherneck Bowie ha un&#8217;ampia lama in stile bowie realizzata in acciaio D2 tedesco ed \u00e8 lunga 10 \u00bd pollici. Come il resto della serie Leatherneck, ha una finitura nera antiriflesso. Presenta una linea di sangue distinta lungo gran parte della sua lunghezza e, ovviamente, i peli sono affilati! L&#8217;impugnatura Kray-Ex\u2122 si basa sul design standard dell&#8217;altro nostro Leatherneck, ma migliorato con una copertura pi\u00f9 lunga e bracci curvi in \u200b\u200bavanti. Viene fornito con una custodia Secure-Ex\u2122.<\/p>\n<p>Lunghezza lama: 26,7 cm<br \/>\nMateriale manico: Griv-Ex\u2122 lungo<br \/>\nLunghezza manico: 12 cm<br \/>\nColore nero<br \/>\nPeso: 482 g<br \/>\nMisura totale: 38,7 cm<br \/>\nSpessore lama: 0,5 cm<br \/>\nAcciaio: D2<\/p>\n","protected":false},"excerpt":{"rendered":"<p><strong>Leatherneck Bowie \u00e8 un coltello da campo, che si rif\u00e0 alla forma dei classici coltelli Bowie. \u00c8 chiaramente il coltello pi\u00f9 grande di questa serie.  <\/strong><\/p>\n<p><strong>Trasporto gratuito.<\/strong><\/p>\n","protected":false},"featured_media":340465,"comment_status":"open","ping_status":"closed","template":"","meta":[],"pwb-brand":[3791],"product_brand":[],"product_cat":[3746,3745],"product_tag":[3755],"class_list":{"0":"post-340472","1":"product","2":"type-product","3":"status-publish","4":"has-post-thumbnail","6":"pwb-brand-acciaio-freddo","7":"product_cat-coltelli-solidi","8":"product_cat-coltelli","9":"product_tag-b2b-it","11":"first","12":"instock","13":"taxable","14":"shipping-taxable","15":"purchasable","16":"product-type-simple"},"brands":[{"id":3791,"name":"Acciaio freddo","slug":"acciaio-freddo"}],"_links":{"self":[{"href":"https:\/\/www.moskito.cz\/it\/wp-json\/wp\/v2\/product\/340472","targetHints":{"allow":["GET"]}}],"collection":[{"href":"https:\/\/www.moskito.cz\/it\/wp-json\/wp\/v2\/product"}],"about":[{"href":"https:\/\/www.moskito.cz\/it\/wp-json\/wp\/v2\/types\/product"}],"replies":[{"embeddable":true,"href":"https:\/\/www.moskito.cz\/it\/wp-json\/wp\/v2\/comments?post=340472"}],"wp:featuredmedia":[{"embeddable":true,"href":"https:\/\/www.moskito.cz\/it\/wp-json\/wp\/v2\/media\/340465"}],"wp:attachment":[{"href":"https:\/\/www.moskito.cz\/it\/wp-json\/wp\/v2\/media?parent=340472"}],"wp:term":[{"taxonomy":"pwb-brand","embeddable":true,"href":"https:\/\/www.moskito.cz\/it\/wp-json\/wp\/v2\/pwb-brand?post=340472"},{"taxonomy":"product_brand","embeddable":true,"href":"https:\/\/www.moskito.cz\/it\/wp-json\/wp\/v2\/product_brand?post=340472"},{"taxonomy":"product_cat","embeddable":true,"href":"https:\/\/www.moskito.cz\/it\/wp-json\/wp\/v2\/product_cat?post=340472"},{"taxonomy":"product_tag","embeddable":true,"href":"https:\/\/www.moskito.cz\/it\/wp-json\/wp\/v2\/product_tag?post=340472"}],"curies":[{"name":"wp","href":"https:\/\/api.w.org\/{rel}","templated":true}]}}