{"id":340550,"date":"2024-05-16T15:54:16","date_gmt":"2024-05-16T14:54:16","guid":{"rendered":"https:\/\/www.moskito.cz\/produkt\/coltello-solido-cold-steel-coltello-republic-bushcraft-cs-fx-50fld\/"},"modified":"2025-05-07T11:15:07","modified_gmt":"2025-05-07T10:15:07","slug":"coltello-solido-cold-steel-coltello-republic-bushcraft-cs-fx-50fld","status":"publish","type":"product","link":"https:\/\/www.moskito.cz\/it\/produkt\/coltello-solido-cold-steel-coltello-republic-bushcraft-cs-fx-50fld\/","title":{"rendered":"Coltello solido Cold Steel COLTELLO REPUBLIC BUSHCRAFT CS-FX-50FLD"},"content":{"rendered":"<p>Coltello solido <strong>Cold Steel<\/strong> COLTELLO REPUBLIC BUSHCRAFT CS-FX-50FLD.<\/p>\n<p>Che tu stia costruendo un rifugio, preparando un pasto o affrontando sfide impreviste in una situazione di sopravvivenza, hai bisogno di un coltello su cui puoi fare affidamento, uno che possa resistere a qualsiasi ostacolo incontri. Ti presentiamo la lama perfetta per qualsiasi attivit\u00e0 all&#8217;aperto: il nuovissimo Republic, un resistente coltello da sopravvivenza droppoint bushcraft di Cold Steel.<\/p>\n<p>Prodotto negli Stati Uniti, il Republic presenta un&#8217;impressionante lama in acciaio S35VN da 5 pollici con una durezza di HRC58-60 e un robusto spessore di 3,9 mm. La sua lavorazione di precisione fornisce uno strumento versatile e affidabile che ecceller\u00e0 negli ambienti selvaggi pi\u00f9 esigenti. La sua durata \u00e8 ulteriormente migliorata dalla robusta finitura Ionbond, che non solo offre un&#8217;eccezionale resistenza alla corrosione, ma anche un&#8217;estetica elegante e tattica che sicuramente colpir\u00e0 qualsiasi avventuriero della natura selvaggia.<\/p>\n<p>E con soli 8,4 once, Republic \u00e8 facile da trasportare anche se riposto nella custodia in pelle premium inclusa. La lama affidabile si attacca a un manico in Micarta da 5 pollici con una presa sicura che riduce al minimo il rischio di scivolare anche se bagnato. Inoltre, il manico \u00e8 facilmente rimovibile, cos\u00ec puoi adattare rapidamente lo strumento alle tue esigenze o preferenze specifiche in ogni situazione. Il jimping e il choil sulla lama forniscono una migliore presa e controllo del pollice per compiti delicati, mentre il foro per cordino integrato offre un&#8217;ampia gamma di opzioni di trasporto, incluso un modo per attaccare il coltello alla tua attrezzatura o al polso in modo che sia sempre a portata di mano.<\/p>\n<p>&#8211; La lama affilata come un rasoio S35VN da 5 pollici di spessore 3,9 mm pu\u00f2 gestire varie attivit\u00e0 all&#8217;aperto<br \/>\n&#8211; La finitura Ionbond resiste alla corrosione e fornisce un aspetto tattico e raffinato<br \/>\n&#8211; Jimping e choil per maggiore grip e manovrabilit\u00e0<br \/>\n&#8211; La maniglia Micarta da cinque pollici fornisce una presa salda indipendentemente dalle condizioni atmosferiche<br \/>\n&#8211; La maniglia rimovibile consente la personalizzazione in base alla situazione o al business<br \/>\n&#8211; Costruzione robusta e durevole con ritenzione dei bordi di lunga durata<br \/>\n&#8211; Pesa solo 8,4 once<br \/>\n&#8211; Prodotto negli Stati Uniti<\/p>\n<p>Massa. 238 g<br \/>\nColore nero<br \/>\nMisura totale: 25,4 cm<br \/>\nLunghezza manico: 12,7 cm<br \/>\nAcciaio: CPM-S35VN<br \/>\nLunghezza lama: 12,7 cm<br \/>\nSpessore lama: 3,9 mm<br \/>\nMateriale manico: Micarta<br \/>\nMateriale custodia: pelle<\/p>\n<p><iframe title=\"Republic Bushcraft Knife - Made in the USA\" width=\"800\" height=\"450\" src=\"https:\/\/www.youtube.com\/embed\/9VzB1jGOVOk?feature=oembed\" frameborder=\"0\" allow=\"accelerometer; autoplay; clipboard-write; encrypted-media; gyroscope; picture-in-picture; web-share\" referrerpolicy=\"strict-origin-when-cross-origin\" allowfullscreen><\/iframe><\/p>\n<p>&nbsp;<\/p>\n","protected":false},"excerpt":{"rendered":"<p><strong>Che tu stia costruendo un rifugio, preparando un pasto o affrontando sfide impreviste in una situazione di sopravvivenza, hai bisogno di un coltello su cui puoi fare affidamento, uno che possa resistere a qualsiasi ostacolo incontri.<\/strong><\/p>\n<p><strong>Trasporto gratuito.<\/strong><\/p>\n","protected":false},"featured_media":340481,"comment_status":"open","ping_status":"closed","template":"","meta":[],"pwb-brand":[3791],"product_brand":[],"product_cat":[3746,3745],"product_tag":[3755],"class_list":{"0":"post-340550","1":"product","2":"type-product","3":"status-publish","4":"has-post-thumbnail","6":"pwb-brand-acciaio-freddo","7":"product_cat-coltelli-solidi","8":"product_cat-coltelli","9":"product_tag-b2b-it","11":"first","12":"instock","13":"taxable","14":"shipping-taxable","15":"purchasable","16":"product-type-simple"},"brands":[{"id":3791,"name":"Acciaio freddo","slug":"acciaio-freddo"}],"_links":{"self":[{"href":"https:\/\/www.moskito.cz\/it\/wp-json\/wp\/v2\/product\/340550","targetHints":{"allow":["GET"]}}],"collection":[{"href":"https:\/\/www.moskito.cz\/it\/wp-json\/wp\/v2\/product"}],"about":[{"href":"https:\/\/www.moskito.cz\/it\/wp-json\/wp\/v2\/types\/product"}],"replies":[{"embeddable":true,"href":"https:\/\/www.moskito.cz\/it\/wp-json\/wp\/v2\/comments?post=340550"}],"wp:featuredmedia":[{"embeddable":true,"href":"https:\/\/www.moskito.cz\/it\/wp-json\/wp\/v2\/media\/340481"}],"wp:attachment":[{"href":"https:\/\/www.moskito.cz\/it\/wp-json\/wp\/v2\/media?parent=340550"}],"wp:term":[{"taxonomy":"pwb-brand","embeddable":true,"href":"https:\/\/www.moskito.cz\/it\/wp-json\/wp\/v2\/pwb-brand?post=340550"},{"taxonomy":"product_brand","embeddable":true,"href":"https:\/\/www.moskito.cz\/it\/wp-json\/wp\/v2\/product_brand?post=340550"},{"taxonomy":"product_cat","embeddable":true,"href":"https:\/\/www.moskito.cz\/it\/wp-json\/wp\/v2\/product_cat?post=340550"},{"taxonomy":"product_tag","embeddable":true,"href":"https:\/\/www.moskito.cz\/it\/wp-json\/wp\/v2\/product_tag?post=340550"}],"curies":[{"name":"wp","href":"https:\/\/api.w.org\/{rel}","templated":true}]}}