{"id":340754,"date":"2024-05-17T14:56:13","date_gmt":"2024-05-17T13:56:13","guid":{"rendered":"https:\/\/www.moskito.cz\/produkt\/coltello-chiudibile-cold-steel-mayhem-nero-fl-60dplm\/"},"modified":"2025-05-07T11:15:14","modified_gmt":"2025-05-07T10:15:14","slug":"coltello-chiudibile-cold-steel-mayhem-nero-fl-60dplm","status":"publish","type":"product","link":"https:\/\/www.moskito.cz\/it\/produkt\/coltello-chiudibile-cold-steel-mayhem-nero-fl-60dplm\/","title":{"rendered":"Coltello Chiudibile Cold Steel MAYHEM NERO FL-60DPLM"},"content":{"rendered":"<p>Coltello Chiudibile <strong>Cold Steel<\/strong> MAYHEM NERO FL-60DPLM.<\/p>\n<p>Ti presentiamo Mayhem di Cold Steel: un coltello all&#8217;avanguardia progettato per ridefinire le tue aspettative su uno strumento versatile e potente. Realizzato con precisione e perfezione, il Mayhem \u00e8 la combinazione perfetta di prestazioni di taglio, durata e design ergonomico.<\/p>\n<p>Al centro di questa bestia si trova un&#8217;impressionante lama di mannaia modificata da 6 pollici realizzata in acciaio AUS10A di alta qualit\u00e0. Conosciuto per la sua eccezionale ritenzione dei bordi e resistenza alla corrosione, l&#8217;acciaio AUS10A garantisce che Mayhem sia pronto per qualsiasi attivit\u00e0 di taglio che ti si presenta. Con uno spessore di 4 mm, questa lama offre resistenza e stabilit\u00e0 senza pari, rendendola ideale per un uso intensivo e applicazioni impegnative.<\/p>\n<p>Realizzato con la massima attenzione ai dettagli, il Mayhem presenta un manico G10 elegante e robusto. Il G10 \u00e8 un materiale leggero ma incredibilmente resistente che offre una presa eccezionale e garantisce il pieno controllo del coltello, anche in condizioni bagnate o scivolose. Che tu stia affettando, tagliando a cubetti, tritando o eseguendo manovre delicate, l&#8217;impugnatura G10 offre comfort e sicurezza senza pari nella tua mano.<\/p>\n<p>Mayhem non \u00e8 solo questione di pura potenza; \u00e8 progettato per la sicurezza e la facilit\u00e0 d&#8217;uso. Grazie all&#8217;affidabile e sicuro meccanismo di bloccaggio Atlas, puoi indossare e ripiegare la lama in tutta sicurezza con controlli semplici ma intuitivi. Il blocco Atlas garantisce che la lama rimanga saldamente in posizione durante l&#8217;uso, eliminando qualsiasi chiusura accidentale che potrebbe compromettere la tua sicurezza.<\/p>\n<p>Versatile, durevole e progettato per prestazioni elevate, il Mayhem di Cold Steel \u00e8 il compagno perfetto per avventurieri, cacciatori, campeggiatori, sopravvissuti e utenti occasionali. Che si tratti di affrontare sfide all&#8217;aria aperta o tagli di capelli quotidiani, Mayhem superer\u00e0 sicuramente le tue aspettative e diventer\u00e0 una parte indispensabile della tua collezione di attrezzatura.<\/p>\n<p>Misura totale: 33,5 cm<br \/>\nColore: Nero\/Grigio<br \/>\nSpessore lama: 0,4 cm<br \/>\nLunghezza lama: 15,2 cm<br \/>\nPeso: 337,4 grammi<br \/>\nLunghezza manico: 18,3 cm<br \/>\nAcciaio: AUS 10A<br \/>\nMateriale impugnatura: G10<br \/>\nTipo di fusibile: Atlas<\/p>\n<p><iframe title=\"COLD STEEL MAYHEM\" width=\"800\" height=\"450\" src=\"https:\/\/www.youtube.com\/embed\/I7WAMZ2KQdM?feature=oembed\" frameborder=\"0\" allow=\"accelerometer; autoplay; clipboard-write; encrypted-media; gyroscope; picture-in-picture; web-share\" referrerpolicy=\"strict-origin-when-cross-origin\" allowfullscreen><\/iframe><\/p>\n<p>&nbsp;<\/p>\n","protected":false},"excerpt":{"rendered":"<p><strong>Ti presentiamo Mayhem di Cold Steel: un coltello all&#8217;avanguardia progettato per ridefinire le tue aspettative su uno strumento versatile e potente. Realizzato con precisione e perfezione, il Mayhem \u00e8 la combinazione perfetta di prestazioni di taglio, durata e design ergonomico.<\/strong><\/p>\n<p><strong>Trasporto gratuito.<\/strong><\/p>\n","protected":false},"featured_media":340679,"comment_status":"open","ping_status":"closed","template":"","meta":[],"pwb-brand":[3791],"product_brand":[],"product_cat":[3749,3745],"product_tag":[3755],"class_list":{"0":"post-340754","1":"product","2":"type-product","3":"status-publish","4":"has-post-thumbnail","6":"pwb-brand-acciaio-freddo","7":"product_cat-coltelli-di-chiusura","8":"product_cat-coltelli","9":"product_tag-b2b-it","11":"first","12":"instock","13":"taxable","14":"shipping-taxable","15":"purchasable","16":"product-type-simple"},"brands":[{"id":3791,"name":"Acciaio freddo","slug":"acciaio-freddo"}],"_links":{"self":[{"href":"https:\/\/www.moskito.cz\/it\/wp-json\/wp\/v2\/product\/340754","targetHints":{"allow":["GET"]}}],"collection":[{"href":"https:\/\/www.moskito.cz\/it\/wp-json\/wp\/v2\/product"}],"about":[{"href":"https:\/\/www.moskito.cz\/it\/wp-json\/wp\/v2\/types\/product"}],"replies":[{"embeddable":true,"href":"https:\/\/www.moskito.cz\/it\/wp-json\/wp\/v2\/comments?post=340754"}],"wp:featuredmedia":[{"embeddable":true,"href":"https:\/\/www.moskito.cz\/it\/wp-json\/wp\/v2\/media\/340679"}],"wp:attachment":[{"href":"https:\/\/www.moskito.cz\/it\/wp-json\/wp\/v2\/media?parent=340754"}],"wp:term":[{"taxonomy":"pwb-brand","embeddable":true,"href":"https:\/\/www.moskito.cz\/it\/wp-json\/wp\/v2\/pwb-brand?post=340754"},{"taxonomy":"product_brand","embeddable":true,"href":"https:\/\/www.moskito.cz\/it\/wp-json\/wp\/v2\/product_brand?post=340754"},{"taxonomy":"product_cat","embeddable":true,"href":"https:\/\/www.moskito.cz\/it\/wp-json\/wp\/v2\/product_cat?post=340754"},{"taxonomy":"product_tag","embeddable":true,"href":"https:\/\/www.moskito.cz\/it\/wp-json\/wp\/v2\/product_tag?post=340754"}],"curies":[{"name":"wp","href":"https:\/\/api.w.org\/{rel}","templated":true}]}}