{"id":341018,"date":"2024-05-18T00:31:48","date_gmt":"2024-05-17T23:31:48","guid":{"rendered":"https:\/\/www.moskito.cz\/produkt\/coltello-chiudibile-cold-steel-5-max\/"},"modified":"2025-05-07T11:15:23","modified_gmt":"2025-05-07T10:15:23","slug":"coltello-chiudibile-cold-steel-5-max","status":"publish","type":"product","link":"https:\/\/www.moskito.cz\/it\/produkt\/coltello-chiudibile-cold-steel-5-max\/","title":{"rendered":"Coltello chiudibile Cold Steel 5-MAX"},"content":{"rendered":"<p>Coltello chiudibile <strong>Cold Steel<\/strong> 5-MAX.<\/p>\n<p>Ti presentiamo <strong>Cold Steel 5 Max<\/strong> , lo strumento di cui hai bisogno per liberare il tuo avventuriero interiore! Basato sul best-seller 4 Max, ora con lama e portata pi\u00f9 lunghe.<\/p>\n<p>Creato in collaborazione con il designer di coltelli Andrew Demek, noto per aver realizzato alcuni dei coltelli pi\u00f9 raffinati e durevoli al mondo, questo componente vanta un&#8217;impressionante lama affilatissima da 5 pollici forgiata in acciaio S35VN di alta qualit\u00e0. Questo materiale di prima qualit\u00e0 garantisce un&#8217;eccezionale ritenzione dei bordi e un&#8217;incredibile resistenza alla corrosione che resiste facilmente ad anni di utilizzo. Inoltre, la finitura nera della lama rende la lama ancora pi\u00f9 resistente e aggiunge un tocco di raffinatezza per il perfetto connubio tra stile e sostanza.<\/p>\n<p>In allegato \u00e8 presente un&#8217;impugnatura G10 verde scuro dal design ergonomico che fornisce un&#8217;eccellente trazione per una presa salda, anche quando si lavora nelle condizioni esterne pi\u00f9 difficili. Con il rinomato Tri-Ad Lock di <strong>Cold Steel<\/strong> , puoi fidarti che la tua lama rimarr\u00e0 saldamente in posizione durante l&#8217;uso, offrendoti tranquillit\u00e0 e prestazioni superiori e senza preoccupazioni quando ne hai pi\u00f9 bisogno.<\/p>\n<p>Con una lunghezza complessiva di 12 1\/8 pollici, <strong>il 5 Max<\/strong> \u00e8 uno strumento versatile in grado di gestire un&#8217;ampia gamma di attivit\u00e0, dall&#8217;affettatura di materiali rigidi al taglio di precisione: questo coltello \u00e8 adatto a qualsiasi sfida, in qualsiasi momento. Abbina quella lunghezza con uno spessore di 4,8 mm e 12,4 once. peso e disponi di uno strumento straordinariamente robusto e affidabile progettato per superare le tue aspettative anche nelle attivit\u00e0 pi\u00f9 esigenti.<\/p>\n<p>Creato in collaborazione con il designer di coltelli di fama mondiale Andrew Demek<br \/>\nLo strumento versatile resiste a una serie di attivit\u00e0 all&#8217;aperto impegnative<br \/>\nDotato di una lama da 5 pollici forgiata in acciaio S35VN per un&#8217;eccezionale ritenzione del filo<br \/>\nLama lavata nera per una migliore durata e un aspetto sofisticato<br \/>\nL&#8217;impugnatura in G10 garantisce una presa antiscivolo anche in condizioni atmosferiche avverse<br \/>\nRobusta lunghezza complessiva di 12 1\/8 pollici e spessore della lama di 4,8 mm<\/p>\n<p>Peso: 351 g<br \/>\nMateriale impugnatura: G10<br \/>\nColore: Nero\/Verde<br \/>\nMisura totale: 31,1 cm<br \/>\nLunghezza manico: 18,4 cm<br \/>\nSpessore lama: 0,48 cm<br \/>\nTipo di blocco: Tri-Ad Lock<br \/>\nAcciaio: CPM-S35VN<br \/>\nLunghezza lama: 12,7 cm<\/p>\n<p><iframe title=\"COLD STEEL 5 MAX KNIFE\" width=\"800\" height=\"450\" src=\"https:\/\/www.youtube.com\/embed\/OXPJxUYR3dg?feature=oembed\" frameborder=\"0\" allow=\"accelerometer; autoplay; clipboard-write; encrypted-media; gyroscope; picture-in-picture; web-share\" referrerpolicy=\"strict-origin-when-cross-origin\" allowfullscreen><\/iframe><\/p>\n<p>&nbsp;<\/p>\n","protected":false},"excerpt":{"rendered":"<p><strong>Ti presentiamo Cold Steel 5 Max, lo strumento di cui hai bisogno per liberare l&#8217;avventuriero che \u00e8 in te!<\/strong><\/p>\n<p><strong>Trasporto gratuito.<\/strong><\/p>\n","protected":false},"featured_media":340929,"comment_status":"open","ping_status":"closed","template":"","meta":[],"pwb-brand":[3791],"product_brand":[],"product_cat":[3749,3745],"product_tag":[3755],"class_list":{"0":"post-341018","1":"product","2":"type-product","3":"status-publish","4":"has-post-thumbnail","6":"pwb-brand-acciaio-freddo","7":"product_cat-coltelli-di-chiusura","8":"product_cat-coltelli","9":"product_tag-b2b-it","11":"first","12":"instock","13":"taxable","14":"shipping-taxable","15":"purchasable","16":"product-type-simple"},"brands":[{"id":3791,"name":"Acciaio freddo","slug":"acciaio-freddo"}],"_links":{"self":[{"href":"https:\/\/www.moskito.cz\/it\/wp-json\/wp\/v2\/product\/341018","targetHints":{"allow":["GET"]}}],"collection":[{"href":"https:\/\/www.moskito.cz\/it\/wp-json\/wp\/v2\/product"}],"about":[{"href":"https:\/\/www.moskito.cz\/it\/wp-json\/wp\/v2\/types\/product"}],"replies":[{"embeddable":true,"href":"https:\/\/www.moskito.cz\/it\/wp-json\/wp\/v2\/comments?post=341018"}],"wp:featuredmedia":[{"embeddable":true,"href":"https:\/\/www.moskito.cz\/it\/wp-json\/wp\/v2\/media\/340929"}],"wp:attachment":[{"href":"https:\/\/www.moskito.cz\/it\/wp-json\/wp\/v2\/media?parent=341018"}],"wp:term":[{"taxonomy":"pwb-brand","embeddable":true,"href":"https:\/\/www.moskito.cz\/it\/wp-json\/wp\/v2\/pwb-brand?post=341018"},{"taxonomy":"product_brand","embeddable":true,"href":"https:\/\/www.moskito.cz\/it\/wp-json\/wp\/v2\/product_brand?post=341018"},{"taxonomy":"product_cat","embeddable":true,"href":"https:\/\/www.moskito.cz\/it\/wp-json\/wp\/v2\/product_cat?post=341018"},{"taxonomy":"product_tag","embeddable":true,"href":"https:\/\/www.moskito.cz\/it\/wp-json\/wp\/v2\/product_tag?post=341018"}],"curies":[{"name":"wp","href":"https:\/\/api.w.org\/{rel}","templated":true}]}}