{"id":341199,"date":"2024-05-18T10:49:46","date_gmt":"2024-05-18T12:06:44","guid":{"rendered":"https:\/\/www.moskito.cz\/produkt\/coltello-chiudibile-cold-steel-engage-tanto\/"},"modified":"2025-05-07T11:15:26","modified_gmt":"2025-05-07T10:15:26","slug":"coltello-chiudibile-cold-steel-engage-tanto","status":"publish","type":"product","link":"https:\/\/www.moskito.cz\/it\/produkt\/coltello-chiudibile-cold-steel-engage-tanto\/","title":{"rendered":"Coltello chiudibile Cold Steel ENGAGE TANTO"},"content":{"rendered":"<p>Coltello chiudibile <strong>Cold Steel<\/strong> ENGAGE TANTO.<\/p>\n<p>Progettato per un trasporto quotidiano sicuro, <strong>Engage<\/strong> \u00e8 un coltello in acciaio inossidabile 4116 da 3 pollici ricco di funzionalit\u00e0, resistente e facile da affilare. Con la chiusura scorrevole brevettata Atlas\u2122 di Cold Steel, che garantisce una chiusura forte e affidabile, \u00e8 completamente reversibile e pienamente capace di qualsiasi attivit\u00e0 quotidiana. L&#8217;impugnatura GFN di facile presa \u00e8 ricostruita per durare per anni di utilizzo ed \u00e8 disponibile in tre colori. Sono disponibili due opzioni per la forma della lama: tanto e. punto di ritaglio.<\/p>\n<p>Disponibili in un&#8217;ampia gamma di acciai e forme per lame &#8211; e in varie fasce di prezzo &#8211; i nuovi coltelli Engage di Cold Steel sono destinati a diventare stelle da portare tutti i giorni. Completamente ambidestri, questi coltelli EDC premium sono progettati per gestire ogni occasione con sicurezza, dotati di una guida brevettata Atlas\u2122 Lock che offre un bloccaggio duraturo, forte e affidabile.<\/p>\n<p>Lama: 4116<\/p>\n<p>Stile lama: Tanto<\/p>\n<p>Finitura lama: Black Stonewash<\/p>\n<p>Chiusura: serratura Atlas\u00ae<\/p>\n<p>Meccanismo di apertura: Perno, entrambi i lati<\/p>\n<p>Peso:: 68 g<\/p>\n<p>Lunghezza totale: 18,5 cm<\/p>\n<p>Lunghezza lama: 7,6 cm<\/p>\n<p>Lunghezza del coltello chiuso:: 10,5 cm<\/p>\n<p>Spessore lama: 0,24 cm<\/p>\n<p><iframe title=\"Cold Steel&#039;s Atlas Lock Test featuring the  new Engage 3.5&quot;\" width=\"800\" height=\"450\" src=\"https:\/\/www.youtube.com\/embed\/nh_7tHY8Ypw?feature=oembed\" frameborder=\"0\" allow=\"accelerometer; autoplay; clipboard-write; encrypted-media; gyroscope; picture-in-picture; web-share\" referrerpolicy=\"strict-origin-when-cross-origin\" allowfullscreen><\/iframe><\/p>\n<p>&nbsp;<\/p>\n<p>&nbsp;<\/p>\n<p>&nbsp;<\/p>\n","protected":false},"excerpt":{"rendered":"<p><strong>Progettato per un trasporto quotidiano sicuro, Engage \u00e8 un coltello in acciaio inossidabile 4116 da 3 pollici ricco di funzionalit\u00e0, resistente e facile da affilare.<\/strong><\/p>\n","protected":false},"featured_media":341185,"comment_status":"open","ping_status":"closed","template":"","meta":[],"pwb-brand":[3791],"product_brand":[],"product_cat":[3745,3749],"product_tag":[3755],"class_list":{"0":"post-341199","1":"product","2":"type-product","3":"status-publish","4":"has-post-thumbnail","6":"pwb-brand-acciaio-freddo","7":"product_cat-coltelli","8":"product_cat-coltelli-di-chiusura","9":"product_tag-b2b-it","11":"first","12":"instock","13":"taxable","14":"shipping-taxable","15":"purchasable","16":"product-type-simple"},"brands":[{"id":3791,"name":"Acciaio freddo","slug":"acciaio-freddo"}],"_links":{"self":[{"href":"https:\/\/www.moskito.cz\/it\/wp-json\/wp\/v2\/product\/341199","targetHints":{"allow":["GET"]}}],"collection":[{"href":"https:\/\/www.moskito.cz\/it\/wp-json\/wp\/v2\/product"}],"about":[{"href":"https:\/\/www.moskito.cz\/it\/wp-json\/wp\/v2\/types\/product"}],"replies":[{"embeddable":true,"href":"https:\/\/www.moskito.cz\/it\/wp-json\/wp\/v2\/comments?post=341199"}],"wp:featuredmedia":[{"embeddable":true,"href":"https:\/\/www.moskito.cz\/it\/wp-json\/wp\/v2\/media\/341185"}],"wp:attachment":[{"href":"https:\/\/www.moskito.cz\/it\/wp-json\/wp\/v2\/media?parent=341199"}],"wp:term":[{"taxonomy":"pwb-brand","embeddable":true,"href":"https:\/\/www.moskito.cz\/it\/wp-json\/wp\/v2\/pwb-brand?post=341199"},{"taxonomy":"product_brand","embeddable":true,"href":"https:\/\/www.moskito.cz\/it\/wp-json\/wp\/v2\/product_brand?post=341199"},{"taxonomy":"product_cat","embeddable":true,"href":"https:\/\/www.moskito.cz\/it\/wp-json\/wp\/v2\/product_cat?post=341199"},{"taxonomy":"product_tag","embeddable":true,"href":"https:\/\/www.moskito.cz\/it\/wp-json\/wp\/v2\/product_tag?post=341199"}],"curies":[{"name":"wp","href":"https:\/\/api.w.org\/{rel}","templated":true}]}}