{"id":341233,"date":"2024-05-19T19:54:51","date_gmt":"2024-05-19T18:57:14","guid":{"rendered":"https:\/\/www.moskito.cz\/produkt\/coltello-di-chiusura-cold-steel-engage-clip-point\/"},"modified":"2025-06-27T12:48:16","modified_gmt":"2025-06-27T11:48:16","slug":"coltello-di-chiusura-cold-steel-engage-clip-point","status":"publish","type":"product","link":"https:\/\/www.moskito.cz\/it\/produkt\/coltello-di-chiusura-cold-steel-engage-clip-point\/","title":{"rendered":"Coltello di chiusura Cold Steel ENGAGE CLIP POINT"},"content":{"rendered":"<p>Coltello di chiusura <strong>Cold Steel<\/strong> ENGAGE CLIP POINT.<\/p>\n<p>Progettata per essere indossata con sicurezza ogni giorno, <strong>Engage<\/strong> \u00e8 una cartella in acciaio inossidabile 4116 da 3 pollici ricca di funzionalit\u00e0, resistente e facile da affilare. Con la chiusura scorrevole brevettata Atlas\u2122 di Cold Steel, che garantisce una chiusura forte e affidabile, \u00e8 completamente reversibile e pienamente capace di qualsiasi attivit\u00e0 quotidiana. L&#8217;impugnatura GFN di facile presa \u00e8 ricostruita per durare per anni di utilizzo ed \u00e8 disponibile in tre colori. Sono disponibili due opzioni per la forma della lama: tanto e. punto di ritaglio.<\/p>\n<p>Disponibili in un&#8217;ampia gamma di acciai e forme per lame &#8211; e in varie fasce di prezzo &#8211; i nuovi coltelli Engage di Cold Steel sono destinati a diventare stelle da portare tutti i giorni. Completamente ambidestri, questi coltelli EDC premium sono progettati per gestire ogni occasione con sicurezza, dotati di una guida brevettata Atlas\u2122 Lock che offre un bloccaggio duraturo, forte e affidabile.<\/p>\n<p>Acciaio: 4116SS<br \/>\n Materiale dell&#8217;impugnatura: FGN<br \/>\n Colore: arancione\/acciaio<br \/>\n Lunghezza lama: 7,9 cm<br \/>\n Dimensioni totali: 18,5 cm<br \/>\n Lunghezza del manico: 10,6 cm<br \/>\n Spessore lama: 0,25 cm<br \/>\n Peso: 97 g<br \/>\n Tipo di fusibile: Atlas<\/p>\n<p><iframe title=\"Cold Steel&#039;s Atlas Lock Test featuring the  new Engage 3.5&quot;\" width=\"800\" height=\"450\" src=\"https:\/\/www.youtube.com\/embed\/nh_7tHY8Ypw?feature=oembed\" frameborder=\"0\" allow=\"accelerometer; autoplay; clipboard-write; encrypted-media; gyroscope; picture-in-picture; web-share\" referrerpolicy=\"strict-origin-when-cross-origin\" allowfullscreen><\/iframe><\/p>\n<p>&nbsp;<\/p>\n","protected":false},"excerpt":{"rendered":"<p>Coltello di chiusura Cold Steel ENGAGE CLIP POINT. Progettata per essere indossata con sicurezza ogni giorno, Engage \u00e8 una cartella in acciaio inossidabile 4116 da 3 pollici ricca di funzionalit\u00e0, resistente e facile da affilare. Con la chiusura scorrevole brevettata Atlas\u2122 di Cold Steel, che garantisce una chiusura forte e affidabile, \u00e8 completamente reversibile e [&hellip;]<\/p>\n","protected":false},"featured_media":341218,"comment_status":"open","ping_status":"closed","template":"","meta":[],"pwb-brand":[3791],"product_brand":[],"product_cat":[3749,3745],"product_tag":[3755],"class_list":{"0":"post-341233","1":"product","2":"type-product","3":"status-publish","4":"has-post-thumbnail","6":"pwb-brand-acciaio-freddo","7":"product_cat-coltelli-di-chiusura","8":"product_cat-coltelli","9":"product_tag-b2b-it","11":"first","12":"outofstock","13":"taxable","14":"shipping-taxable","15":"purchasable","16":"product-type-simple"},"brands":[{"id":3791,"name":"Acciaio freddo","slug":"acciaio-freddo"}],"_links":{"self":[{"href":"https:\/\/www.moskito.cz\/it\/wp-json\/wp\/v2\/product\/341233","targetHints":{"allow":["GET"]}}],"collection":[{"href":"https:\/\/www.moskito.cz\/it\/wp-json\/wp\/v2\/product"}],"about":[{"href":"https:\/\/www.moskito.cz\/it\/wp-json\/wp\/v2\/types\/product"}],"replies":[{"embeddable":true,"href":"https:\/\/www.moskito.cz\/it\/wp-json\/wp\/v2\/comments?post=341233"}],"wp:featuredmedia":[{"embeddable":true,"href":"https:\/\/www.moskito.cz\/it\/wp-json\/wp\/v2\/media\/341218"}],"wp:attachment":[{"href":"https:\/\/www.moskito.cz\/it\/wp-json\/wp\/v2\/media?parent=341233"}],"wp:term":[{"taxonomy":"pwb-brand","embeddable":true,"href":"https:\/\/www.moskito.cz\/it\/wp-json\/wp\/v2\/pwb-brand?post=341233"},{"taxonomy":"product_brand","embeddable":true,"href":"https:\/\/www.moskito.cz\/it\/wp-json\/wp\/v2\/product_brand?post=341233"},{"taxonomy":"product_cat","embeddable":true,"href":"https:\/\/www.moskito.cz\/it\/wp-json\/wp\/v2\/product_cat?post=341233"},{"taxonomy":"product_tag","embeddable":true,"href":"https:\/\/www.moskito.cz\/it\/wp-json\/wp\/v2\/product_tag?post=341233"}],"curies":[{"name":"wp","href":"https:\/\/api.w.org\/{rel}","templated":true}]}}