{"id":342550,"date":"2024-05-27T18:33:52","date_gmt":"2024-05-27T17:38:54","guid":{"rendered":"https:\/\/www.moskito.cz\/produkt\/spyderco-spydercoin-2023\/"},"modified":"2025-05-07T11:16:07","modified_gmt":"2025-05-07T10:16:07","slug":"spyderco-spydercoin-2023","status":"publish","type":"product","link":"https:\/\/www.moskito.cz\/it\/produkt\/spyderco-spydercoin-2023\/","title":{"rendered":"Spyderco SPYDERCOIN 2023"},"content":{"rendered":"<p><strong>Spyderco<\/strong> SPYDERCOIN 2023.<\/p>\n<p><strong>Lo SpyderCoin\u2122 2023<\/strong> riconosce il costante sostegno di Spyderco alle forze dell&#8217;ordine e al personale militare della nostra nazione e il loro impegno a preservare il nostro stile di vita. \u00c8 un riflesso vivente dei valori della nostra societ\u00e0, che ci ricorda che &#8220;\u00e8 responsabilit\u00e0 del bene impedire che il male danneggi gli innocenti&#8221; e ci incoraggia a &#8220;non arrenderci mai&#8221;, &#8220;non arrendersi mai&#8221; e &#8220;non arrendersi mai&#8221; . Questa moneta \u00e8 coniata su misura nell&#8217;esclusiva forma triangolare di Reuleaux, colorata con smalto blu e bianco e porta con orgoglio il logo Spyderco e l&#8217;anno &#8220;2023&#8221;.<\/p>\n","protected":false},"excerpt":{"rendered":"<p><strong>Spyderco SPYDERCOIN 2023<\/strong><\/p>\n","protected":false},"featured_media":342544,"comment_status":"open","ping_status":"closed","template":"","meta":[],"pwb-brand":[3774],"product_brand":[],"product_cat":[3745,3749],"product_tag":[3755],"class_list":{"0":"post-342550","1":"product","2":"type-product","3":"status-publish","4":"has-post-thumbnail","6":"pwb-brand-spyderco-it","7":"product_cat-coltelli","8":"product_cat-coltelli-di-chiusura","9":"product_tag-b2b-it","11":"first","12":"instock","13":"taxable","14":"shipping-taxable","15":"purchasable","16":"product-type-simple"},"brands":[{"id":3774,"name":"Spyderco","slug":"spyderco-it"}],"_links":{"self":[{"href":"https:\/\/www.moskito.cz\/it\/wp-json\/wp\/v2\/product\/342550","targetHints":{"allow":["GET"]}}],"collection":[{"href":"https:\/\/www.moskito.cz\/it\/wp-json\/wp\/v2\/product"}],"about":[{"href":"https:\/\/www.moskito.cz\/it\/wp-json\/wp\/v2\/types\/product"}],"replies":[{"embeddable":true,"href":"https:\/\/www.moskito.cz\/it\/wp-json\/wp\/v2\/comments?post=342550"}],"wp:featuredmedia":[{"embeddable":true,"href":"https:\/\/www.moskito.cz\/it\/wp-json\/wp\/v2\/media\/342544"}],"wp:attachment":[{"href":"https:\/\/www.moskito.cz\/it\/wp-json\/wp\/v2\/media?parent=342550"}],"wp:term":[{"taxonomy":"pwb-brand","embeddable":true,"href":"https:\/\/www.moskito.cz\/it\/wp-json\/wp\/v2\/pwb-brand?post=342550"},{"taxonomy":"product_brand","embeddable":true,"href":"https:\/\/www.moskito.cz\/it\/wp-json\/wp\/v2\/product_brand?post=342550"},{"taxonomy":"product_cat","embeddable":true,"href":"https:\/\/www.moskito.cz\/it\/wp-json\/wp\/v2\/product_cat?post=342550"},{"taxonomy":"product_tag","embeddable":true,"href":"https:\/\/www.moskito.cz\/it\/wp-json\/wp\/v2\/product_tag?post=342550"}],"curies":[{"name":"wp","href":"https:\/\/api.w.org\/{rel}","templated":true}]}}