{"id":342608,"date":"2024-05-27T18:51:54","date_gmt":"2024-05-28T17:42:03","guid":{"rendered":"https:\/\/www.moskito.cz\/produkt\/coltelli-eretici-coltello-da-tiro-colossus-h039-10a-org\/"},"modified":"2025-05-07T11:16:11","modified_gmt":"2025-05-07T10:16:11","slug":"coltelli-eretici-coltello-da-tiro-colossus-h039-10a-org","status":"publish","type":"product","link":"https:\/\/www.moskito.cz\/it\/produkt\/coltelli-eretici-coltello-da-tiro-colossus-h039-10a-org\/","title":{"rendered":"Coltelli Eretici Coltello da tiro Colossus H039-10A-ORG"},"content":{"rendered":"<p>Coltelli <strong>Eretici<\/strong> Coltello da tiro Colossus H039-10A-ORG.<\/p>\n<p>L&#8217;OTF Auto Double Action Colossus presenta un aspetto intricato, una robustezza esagerata, un&#8217;azione pi\u00f9 veloce del fulmine e la vestibilit\u00e0 e la finitura che ti aspetteresti da un coltello di fascia alta. La lama \u00e8 realizzata in acciaio inossidabile CPM-MagnaCut con una forma a clip a filo singolo semplicemente eccellente. Il massiccio corpo in alluminio \u00e8 eccezionalmente ergonomico e presenta innumerevoli cuscinetti di trazione neri su ciascun lato. La clip da tasca a doppia faccia \u00e8 la cosa pi\u00f9 bella di questo coltello. Tiene saldamente il coltello in tasca togliendo poco dell&#8217;ergonomia che amiamo. La lama viene fornita con una bottiglia di lubrificante per coltelli OTF ed \u00e8 stata orgogliosamente prodotta negli Stati Uniti.<\/p>\n<p>Specifiche:<br \/>\nLunghezza lama: 9 cm<br \/>\nLunghezza totale: 22 cm<br \/>\nMateriale lama: acciaio inossidabile CPM-MagnaCut<br \/>\nSpessore lama: 0,144&#8243;<br \/>\nStile lama: punto di clip<br \/>\nAffilatura della lama: piatta<br \/>\nFinitura lama: Bicolore nero<br \/>\nMateriale impugnatura: Alluminio arancione con inserti di trazione neri<br \/>\nMeccanismo di chiusura: scorrevole<br \/>\nClip da tasca: acciaio inossidabile con trasferimento profondo (ripiegabile verso il basso, destra\/sinistra)<br \/>\nPeso: 4,66 once.<br \/>\nProgettista: Tony Marfione Jr.<br \/>\nFatto a mano negli Stati Uniti<\/p>\n","protected":false},"excerpt":{"rendered":"<p><strong>Tutti i nostri coltelli sono fabbricati negli Stati Uniti e lo manterremo tale. Quando acquisti uno dei nostri coltelli, puoi avere fiducia nel tuo strumento sapendo che \u00e8 supportato da un&#8217;azienda americana. I nostri coltelli sono realizzati in piccoli lotti per assicurarti di ottenere un coltello di qualit\u00e0 che attiri l&#8217;attenzione che altri coltelli prodotti in serie non ottengono!!<\/strong><\/p>\n<p><strong>Trasporto gratuito.<\/strong><\/p>\n","protected":false},"featured_media":342560,"comment_status":"open","ping_status":"closed","template":"","meta":[],"pwb-brand":[3759],"product_brand":[],"product_cat":[3745,3748],"product_tag":[3755],"class_list":{"0":"post-342608","1":"product","2":"type-product","3":"status-publish","4":"has-post-thumbnail","6":"pwb-brand-coltelli-eretici","7":"product_cat-coltelli","8":"product_cat-coltelli-da-tiro","9":"product_tag-b2b-it","11":"first","12":"instock","13":"taxable","14":"shipping-taxable","15":"purchasable","16":"product-type-simple"},"brands":[{"id":3759,"name":"Coltelli eretici","slug":"coltelli-eretici"}],"_links":{"self":[{"href":"https:\/\/www.moskito.cz\/it\/wp-json\/wp\/v2\/product\/342608","targetHints":{"allow":["GET"]}}],"collection":[{"href":"https:\/\/www.moskito.cz\/it\/wp-json\/wp\/v2\/product"}],"about":[{"href":"https:\/\/www.moskito.cz\/it\/wp-json\/wp\/v2\/types\/product"}],"replies":[{"embeddable":true,"href":"https:\/\/www.moskito.cz\/it\/wp-json\/wp\/v2\/comments?post=342608"}],"wp:featuredmedia":[{"embeddable":true,"href":"https:\/\/www.moskito.cz\/it\/wp-json\/wp\/v2\/media\/342560"}],"wp:attachment":[{"href":"https:\/\/www.moskito.cz\/it\/wp-json\/wp\/v2\/media?parent=342608"}],"wp:term":[{"taxonomy":"pwb-brand","embeddable":true,"href":"https:\/\/www.moskito.cz\/it\/wp-json\/wp\/v2\/pwb-brand?post=342608"},{"taxonomy":"product_brand","embeddable":true,"href":"https:\/\/www.moskito.cz\/it\/wp-json\/wp\/v2\/product_brand?post=342608"},{"taxonomy":"product_cat","embeddable":true,"href":"https:\/\/www.moskito.cz\/it\/wp-json\/wp\/v2\/product_cat?post=342608"},{"taxonomy":"product_tag","embeddable":true,"href":"https:\/\/www.moskito.cz\/it\/wp-json\/wp\/v2\/product_tag?post=342608"}],"curies":[{"name":"wp","href":"https:\/\/api.w.org\/{rel}","templated":true}]}}