{"id":342707,"date":"2024-05-28T19:26:52","date_gmt":"2024-05-28T18:30:00","guid":{"rendered":"https:\/\/www.moskito.cz\/produkt\/coltello-di-chiusura-sog-ultra-xr-xhp\/"},"modified":"2025-05-07T11:16:14","modified_gmt":"2025-05-07T10:16:14","slug":"coltello-di-chiusura-sog-ultra-xr-xhp","status":"publish","type":"product","link":"https:\/\/www.moskito.cz\/it\/produkt\/coltello-di-chiusura-sog-ultra-xr-xhp\/","title":{"rendered":"Coltello di chiusura SOG ULTRA XR XHP"},"content":{"rendered":"<p>Coltello di chiusura <strong>SOG<\/strong> ULTRA XR XHP.<\/p>\n<p>Con uno spessore di 6,5 mm e un peso di soli 34 grammi <strong>, il coltello pieghevole SOG Ultra XR XHP<\/strong> presenta un design sottile e materiali leggeri di alta qualit\u00e0, tra cui una lama in acciaio inossidabile CRYO CTS XHP e manico in fibra di carbonio. Il suo blocco XR consente un&#8217;apertura agevole con una sola mano da entrambi i lati e blocca saldamente la lama in posizione aperta. La clip da tasca in titanio funge anche da fermasoldi. Un coltello tascabile con affidabilit\u00e0 quotidiana in ogni situazione.<\/p>\n<p>Con uno spessore di poco meno di un quarto di pollice e un peso di poco pi\u00f9 di un grammo, il SOG Ultra XR \u00e8 una tasca profonda quanto un fermasoldi. Il coltello \u00e8 dotato del sistema di bloccaggio SOG XR, facile da azionare con il pollice ed \u00e8 abbastanza forte da resistere alla pressione di una Volkswagen. L&#8217;Ultra \u00e8 tanto muscoloso quanto bello. &#8211; Rivista Recoil, luglio 2020.<\/p>\n<p>Aggiornando il design dell&#8217;Ultra C-Ti, l&#8217;Ultra XR migliora la funzione e la sensazione di uno dei coltelli tascabili da trasporto quotidiano pi\u00f9 leggeri e capaci per l&#8217;uso urbano. Progettato da zero per soddisfare le esigenze degli utenti esigenti, presenta linee pulite e materiali di prima qualit\u00e0.<\/p>\n<p>BLOCCO XR<br \/>\nIl SOG XR Lock\u00ae consente un&#8217;apertura fluida e controllata con una sola mano quando \u00e8 dotato di un foro per il pollice o tenendo il lucchetto e tirando la lama. Fornisce la massima sicurezza della lama integrata quando aperta, in grado di resistere a 250 libbre di forza.<\/p>\n<p>CTS XHP ACCIAIO<br \/>\nL&#8217;alto contenuto di carbonio e cromo di CTS XHP offre un&#8217;eccellente durezza, ritenzione dei bordi e una resistenza alla corrosione tra le migliori di qualsiasi altro acciaio inossidabile. Con l&#8217;aggiunta di vanadio e niobio alla lega, CTS XHP mostra un&#8217;eccellente resistenza all&#8217;usura.<\/p>\n<p>LUNGHEZZA LAMA: 7,1 cm<br \/>\nColore nero<br \/>\nACCIAIO: CTSXHP<br \/>\nLUNGHEZZA MANICO: 9,2 cm<br \/>\nDIMENSIONE GLOBALE: 16,3 cm<br \/>\nTIPO FUSIBILE: Blocco XR<br \/>\nMATERIALE MANICO: Fibra di carbonio<\/p>\n<p><iframe title=\"Ultra XR\" width=\"800\" height=\"450\" src=\"https:\/\/www.youtube.com\/embed\/zgwjHXNRSeE?feature=oembed\" frameborder=\"0\" allow=\"accelerometer; autoplay; clipboard-write; encrypted-media; gyroscope; picture-in-picture; web-share\" referrerpolicy=\"strict-origin-when-cross-origin\" allowfullscreen><\/iframe><\/p>\n<p>&nbsp;<\/p>\n","protected":false},"excerpt":{"rendered":"<p><strong>COLTELLO DA UOMO DI NUOVA GENERAZIONE<\/strong><br \/>\n<strong>Con uno spessore di poco meno di un quarto di pollice e un peso di poco pi\u00f9 di un grammo, il SOG Ultra XR \u00e8 una tasca profonda quanto un fermasoldi. Il coltello \u00e8 dotato del sistema di bloccaggio SOG XR, facile da azionare con il pollice ed \u00e8 abbastanza forte da resistere alla pressione di una Volkswagen. L&#8217;Ultra \u00e8 tanto muscoloso quanto bello.<\/strong><\/p>\n<p><strong>Trasporto gratuito.<\/strong><\/p>\n","protected":false},"featured_media":342657,"comment_status":"open","ping_status":"closed","template":"","meta":[],"pwb-brand":[3850],"product_brand":[],"product_cat":[3745,3749],"product_tag":[3755],"class_list":{"0":"post-342707","1":"product","2":"type-product","3":"status-publish","4":"has-post-thumbnail","6":"pwb-brand-sog-it","7":"product_cat-coltelli","8":"product_cat-coltelli-di-chiusura","9":"product_tag-b2b-it","11":"first","12":"instock","13":"taxable","14":"shipping-taxable","15":"purchasable","16":"product-type-simple"},"brands":[{"id":3850,"name":"SOG","slug":"sog-it"}],"_links":{"self":[{"href":"https:\/\/www.moskito.cz\/it\/wp-json\/wp\/v2\/product\/342707","targetHints":{"allow":["GET"]}}],"collection":[{"href":"https:\/\/www.moskito.cz\/it\/wp-json\/wp\/v2\/product"}],"about":[{"href":"https:\/\/www.moskito.cz\/it\/wp-json\/wp\/v2\/types\/product"}],"replies":[{"embeddable":true,"href":"https:\/\/www.moskito.cz\/it\/wp-json\/wp\/v2\/comments?post=342707"}],"wp:featuredmedia":[{"embeddable":true,"href":"https:\/\/www.moskito.cz\/it\/wp-json\/wp\/v2\/media\/342657"}],"wp:attachment":[{"href":"https:\/\/www.moskito.cz\/it\/wp-json\/wp\/v2\/media?parent=342707"}],"wp:term":[{"taxonomy":"pwb-brand","embeddable":true,"href":"https:\/\/www.moskito.cz\/it\/wp-json\/wp\/v2\/pwb-brand?post=342707"},{"taxonomy":"product_brand","embeddable":true,"href":"https:\/\/www.moskito.cz\/it\/wp-json\/wp\/v2\/product_brand?post=342707"},{"taxonomy":"product_cat","embeddable":true,"href":"https:\/\/www.moskito.cz\/it\/wp-json\/wp\/v2\/product_cat?post=342707"},{"taxonomy":"product_tag","embeddable":true,"href":"https:\/\/www.moskito.cz\/it\/wp-json\/wp\/v2\/product_tag?post=342707"}],"curies":[{"name":"wp","href":"https:\/\/api.w.org\/{rel}","templated":true}]}}