{"id":342938,"date":"2024-05-28T20:43:35","date_gmt":"2024-05-28T19:45:32","guid":{"rendered":"https:\/\/www.moskito.cz\/produkt\/coltello-chiudibile-sog-adventurer-lb-3\/"},"modified":"2025-05-07T11:16:18","modified_gmt":"2025-05-07T10:16:18","slug":"coltello-chiudibile-sog-adventurer-lb-3","status":"publish","type":"product","link":"https:\/\/www.moskito.cz\/it\/produkt\/coltello-chiudibile-sog-adventurer-lb-3\/","title":{"rendered":"Coltello Chiudibile SOG ADVENTURER LB"},"content":{"rendered":"<p>Coltello Chiudibile <strong>SOG<\/strong> ADVENTURER LB.<\/p>\n<p>\u00c8 probabile che tuo padre o tuo nonno portassero con s\u00e9 un coltello pieghevole con serratura. Questo meccanismo classico e semplice \u00e8 noto per essere leggero, affidabile e durevole. \u00c8 anche sicuro da usare con una solida serratura che impedisce la chiusura accidentale e l&#8217;apertura inaspettata in tasca. Il nostro design aggiornato presenta una lama 5CR15MOV temprata con finitura satinata CRYO che ha le propriet\u00e0 dell&#8217;acciaio inossidabile di resistere alla corrosione e all&#8217;ossidazione insieme a una tenacit\u00e0 media per una buona ritenzione del filo e facilit\u00e0 di affilatura. Il manico in nylon rinforzato con vetro \u00e8 strutturato per una presa sicura pur essendo leggero e resistente. La versatile clip da tasca per il trasporto in profondit\u00e0 presenta un design a doppia faccia.<\/p>\n<p>MATERIALI AGGIORNATI E MODERNI<br \/>\nQuesto non \u00e8 il coltello pieghevole di tuo nonno. \u00c8 dotato di una lama affilata in acciaio 5CR15MOV temprato CRYO che resiste alla corrosione e alle macchie. Il manico in nylon rinforzato con vetro resistente e pesantemente strutturato garantisce una presa salda in condizioni asciutte e bagnate. La clip da tasca a doppia faccia ti consente di trasportarlo come preferisci.<\/p>\n<p>ACCIAIO CRYO 5CR15MOV<br \/>\nA nostro avviso, CRYO 5CR15MOV Steel ha un grande valore. Ha le qualit\u00e0 che desideri dall&#8217;acciaio inossidabile, inclusa la resistenza alla corrosione e alle macchie. L&#8217;indurimento CRYO garantisce che mantenga un bordo affilato e la sua lieve tenacit\u00e0 \u00e8 ideale per gli utenti che amano affilare i propri coltelli.<\/p>\n<p>MANIGLIA GR<br \/>\nLe maniglie in nylon rinforzato con fibra di vetro sono ideali per l&#8217;uso esterno, poich\u00e9 la loro leggerezza le rende facili da imballare. Le fibre di vetro integrate nella matrice di nylon aumentano significativamente la resistenza e la durata della maniglia durante l&#8217;uso esterno impegnativo. Le maniglie GRN hanno una resistenza intrinseca all&#8217;umidit\u00e0, che le rende ideali anche per l&#8217;uso esterno.<\/p>\n<p>Il meccanismo di bloccaggio \u00e8 un&#8217;ottima scelta per l&#8217;uso esterno grazie al suo design leggero e semplice. Con la sua semplicit\u00e0, non molto pu\u00f2 andare storto. Ma non lasciarti ingannare dal design semplice, poich\u00e9 questo design \u00e8 noto per una serratura solida e sicura. Qualcosa su cui puoi fare affidamento quando sei nel bosco.<\/p>\n<p>LUNGHEZZA TOTALE: 19 cm<br \/>\nLUNGHEZZA LAMA: 7,5 cm<br \/>\nTIPO DI CLIP DA CINTURA: reversibile a basso trasporto<br \/>\nFINITURA: Nitruro di titanio<br \/>\nTIPO DI BORDO: Dritto<br \/>\nTIPO LAMA IN ACCIAIO: CRYO 5CR15MOV<br \/>\nFORMA DELLA LAMA: Punto di caduta<br \/>\nMATERIALE MANICO: GRN<br \/>\nCOLORE MANICO: viola<\/p>\n<p><iframe title=\"Adventurer LB\" width=\"800\" height=\"450\" src=\"https:\/\/www.youtube.com\/embed\/plY3yDDxUQI?feature=oembed\" frameborder=\"0\" allow=\"accelerometer; autoplay; clipboard-write; encrypted-media; gyroscope; picture-in-picture; web-share\" referrerpolicy=\"strict-origin-when-cross-origin\" allowfullscreen><\/iframe><\/p>\n<p>&nbsp;<\/p>\n<p>&nbsp;<\/p>\n","protected":false},"excerpt":{"rendered":"<p><strong>Gli appassionati di coltelli ammirano da tempo il design elegante e semplice con un blocco che offre tutti i vantaggi giusti per l&#8217;uso all&#8217;aperto&#8230; leggero, sicuro e durevole.<\/strong><\/p>\n","protected":false},"featured_media":342892,"comment_status":"open","ping_status":"closed","template":"","meta":[],"pwb-brand":[3850],"product_brand":[],"product_cat":[3745,3749],"product_tag":[3755],"class_list":{"0":"post-342938","1":"product","2":"type-product","3":"status-publish","4":"has-post-thumbnail","6":"pwb-brand-sog-it","7":"product_cat-coltelli","8":"product_cat-coltelli-di-chiusura","9":"product_tag-b2b-it","11":"first","12":"instock","13":"taxable","14":"shipping-taxable","15":"purchasable","16":"product-type-simple"},"brands":[{"id":3850,"name":"SOG","slug":"sog-it"}],"_links":{"self":[{"href":"https:\/\/www.moskito.cz\/it\/wp-json\/wp\/v2\/product\/342938","targetHints":{"allow":["GET"]}}],"collection":[{"href":"https:\/\/www.moskito.cz\/it\/wp-json\/wp\/v2\/product"}],"about":[{"href":"https:\/\/www.moskito.cz\/it\/wp-json\/wp\/v2\/types\/product"}],"replies":[{"embeddable":true,"href":"https:\/\/www.moskito.cz\/it\/wp-json\/wp\/v2\/comments?post=342938"}],"wp:featuredmedia":[{"embeddable":true,"href":"https:\/\/www.moskito.cz\/it\/wp-json\/wp\/v2\/media\/342892"}],"wp:attachment":[{"href":"https:\/\/www.moskito.cz\/it\/wp-json\/wp\/v2\/media?parent=342938"}],"wp:term":[{"taxonomy":"pwb-brand","embeddable":true,"href":"https:\/\/www.moskito.cz\/it\/wp-json\/wp\/v2\/pwb-brand?post=342938"},{"taxonomy":"product_brand","embeddable":true,"href":"https:\/\/www.moskito.cz\/it\/wp-json\/wp\/v2\/product_brand?post=342938"},{"taxonomy":"product_cat","embeddable":true,"href":"https:\/\/www.moskito.cz\/it\/wp-json\/wp\/v2\/product_cat?post=342938"},{"taxonomy":"product_tag","embeddable":true,"href":"https:\/\/www.moskito.cz\/it\/wp-json\/wp\/v2\/product_tag?post=342938"}],"curies":[{"name":"wp","href":"https:\/\/api.w.org\/{rel}","templated":true}]}}