{"id":343292,"date":"2022-10-09T21:09:27","date_gmt":"2022-10-09T20:09:27","guid":{"rendered":"https:\/\/www.moskito.cz\/produkt\/coltello-da-tiro-microtech-stonewashed-utx-70-148-10-od\/"},"modified":"2025-09-26T07:50:04","modified_gmt":"2025-09-26T06:50:04","slug":"coltello-da-tiro-microtech-stonewashed-utx-70-148-10-od","status":"publish","type":"product","link":"https:\/\/www.moskito.cz\/it\/produkt\/coltello-da-tiro-microtech-stonewashed-utx-70-148-10-od\/","title":{"rendered":"Coltello da tiro Microtech Stonewashed UTX-70 148-10 OD"},"content":{"rendered":"<p>Coltello da tiro <strong>Microtech<\/strong> Stonewashed UTX-70 148-10 OD.<\/p>\n<p>L&#8217;UTX-70 \u00e8 la combinazione perfetta di dimensioni compatte e grandi prestazioni. Con dimensioni pari al 70% dell&#8217;Ultratech, l&#8217;UTX-70 \u00e8 realizzato con gli stessi materiali, sulle stesse macchine e con la stessa ingegnosit\u00e0 del suo predecessore. L&#8217;UTX-70 \u00e8 il coltello perfetto per tutte le situazioni, qualunque sia il tuo compito di taglio, si adatter\u00e0 perfettamente al tuo stile di vita. Grazie all&#8217;apertura e chiusura rapida con una sola mano, il lavoro viene svolto in pochi secondi. L&#8217;UTX-70 ha molte opzioni disponibili come: lama singola, doppia o tanto. Sono disponibili anche la piastra superiore in alluminio, la piastra superiore in fibra di carbonio nera o la piastra superiore in fibra di carbonio platino. Dotato di una clip da tasca a doppia faccia e di dimensioni compatte, \u00e8 la scelta perfetta per l&#8217;uso e il trasporto quotidiano.<\/p>\n<p>Lunghezza totale: 14,07 cm<br \/>\nLunghezza lama: 6,02 cm<br \/>\nSpessore lama: 0,2 cm<br \/>\nMateriale lama: Bohler M390<br \/>\nDurezza: 59-60\u00b0RC<br \/>\nStile lama: punto di caduta<br \/>\nInserti: piatti<br \/>\nTipo di bordo: liscio<br \/>\n Lunghezza del manico: 8,05 cm<br \/>\n Spessore del manico: 0,8 cm<br \/>\n Materiale dell&#8217;impugnatura: alluminio<br \/>\n Peso: 1,24 oz.<br \/>\nUtente: mano destra<br \/>\nClip da tasca: ribaltabile<br \/>\nTipo di coltello: OTF automatico a doppia azione<br \/>\nApertura: diapositiva con il pollice<br \/>\nMarca: MicroTech<br \/>\nModello: UTX-70<br \/>\nPaese di origine: Stati Uniti<br \/>\nMiglior utilizzo: trasporto quotidiano, tattico<\/p>\n<p><iframe title=\"Microtech Combat Troodon Torture Test\" width=\"800\" height=\"450\" src=\"https:\/\/www.youtube.com\/embed\/xE9TeOFYEjg?feature=oembed\" frameborder=\"0\" allow=\"accelerometer; autoplay; clipboard-write; encrypted-media; gyroscope; picture-in-picture; web-share\" referrerpolicy=\"strict-origin-when-cross-origin\" allowfullscreen><\/iframe><\/p>\n<p>&nbsp;<\/p>\n","protected":false},"excerpt":{"rendered":"<p>Nel corso degli anni, <strong>Microtech\u00ae Knives<\/strong> ha infuso passione e competenza nella produzione di coltelli, creando quasi opere d&#8217;arte che rappresentano l&#8217;apice della funzionalit\u00e0. Tutti i componenti sono realizzati negli Stati Uniti.<br \/>\n <strong>Tutti i coltelli Microtech sono dotati di garanzia a vita.<\/strong><\/p>\n<p> <strong>Spedizione gratuita.<\/strong><\/p>\n","protected":false},"featured_media":343293,"comment_status":"open","ping_status":"closed","template":"","meta":[],"pwb-brand":[3753],"product_brand":[],"product_cat":[3748,3745],"product_tag":[3755],"class_list":{"0":"post-343292","1":"product","2":"type-product","3":"status-publish","4":"has-post-thumbnail","6":"pwb-brand-microtecnologia-it","7":"product_cat-coltelli-da-tiro","8":"product_cat-coltelli","9":"product_tag-b2b-it","11":"first","12":"outofstock","13":"taxable","14":"shipping-taxable","15":"purchasable","16":"product-type-simple"},"brands":[{"id":3753,"name":"Microtecnologia","slug":"microtecnologia-it"}],"_links":{"self":[{"href":"https:\/\/www.moskito.cz\/it\/wp-json\/wp\/v2\/product\/343292","targetHints":{"allow":["GET"]}}],"collection":[{"href":"https:\/\/www.moskito.cz\/it\/wp-json\/wp\/v2\/product"}],"about":[{"href":"https:\/\/www.moskito.cz\/it\/wp-json\/wp\/v2\/types\/product"}],"replies":[{"embeddable":true,"href":"https:\/\/www.moskito.cz\/it\/wp-json\/wp\/v2\/comments?post=343292"}],"wp:featuredmedia":[{"embeddable":true,"href":"https:\/\/www.moskito.cz\/it\/wp-json\/wp\/v2\/media\/343293"}],"wp:attachment":[{"href":"https:\/\/www.moskito.cz\/it\/wp-json\/wp\/v2\/media?parent=343292"}],"wp:term":[{"taxonomy":"pwb-brand","embeddable":true,"href":"https:\/\/www.moskito.cz\/it\/wp-json\/wp\/v2\/pwb-brand?post=343292"},{"taxonomy":"product_brand","embeddable":true,"href":"https:\/\/www.moskito.cz\/it\/wp-json\/wp\/v2\/product_brand?post=343292"},{"taxonomy":"product_cat","embeddable":true,"href":"https:\/\/www.moskito.cz\/it\/wp-json\/wp\/v2\/product_cat?post=343292"},{"taxonomy":"product_tag","embeddable":true,"href":"https:\/\/www.moskito.cz\/it\/wp-json\/wp\/v2\/product_tag?post=343292"}],"curies":[{"name":"wp","href":"https:\/\/api.w.org\/{rel}","templated":true}]}}