{"id":343298,"date":"2021-03-22T21:33:01","date_gmt":"2024-05-31T11:29:45","guid":{"rendered":"https:\/\/www.moskito.cz\/produkt\/coltello-da-tiro-microtech-utx-70-ca148-10\/"},"modified":"2025-07-11T07:53:47","modified_gmt":"2025-07-11T06:53:47","slug":"coltello-da-tiro-microtech-utx-70-ca148-10","status":"publish","type":"product","link":"https:\/\/www.moskito.cz\/it\/produkt\/coltello-da-tiro-microtech-utx-70-ca148-10\/","title":{"rendered":"Coltello da tiro Microtech UTX-70 CA148-10"},"content":{"rendered":"<p>Coltello da tiro <strong>Microtech<\/strong> UTX-70 CA148-10.<\/p>\n<p><strong>L&#8217;UTX-70<\/strong> \u00e8 la combinazione perfetta di dimensioni compatte e grandi prestazioni. <strong>L&#8217;UTX-70<\/strong> \u00e8 realizzato con gli stessi materiali, sulle stesse macchine e con la stessa ingegnosit\u00e0 del suo predecessore. <strong>L&#8217;UTX-70<\/strong> \u00e8 il coltello perfetto per tutte le situazioni, qualunque sia il tuo compito di taglio e si adatter\u00e0 perfettamente al tuo stile di vita. Grazie all&#8217;apertura e alla chiusura rapide con una sola mano, il lavoro viene svolto in pochi secondi. L&#8217;UTX-70 ha molte opzioni disponibili come gli stili a bordo singolo, doppio o tanto. Il coltello \u00e8 dotato di una clip da tasca a doppia faccia di dimensioni compatte, che \u00e8 la scelta ideale per l&#8217;uso e il trasporto quotidiano.<\/p>\n<p>Lunghezza totale: 13 centimetri<br \/>\nLunghezza lama: 4,9 cm<br \/>\nSpessore lama: 0,2 cm<br \/>\nMateriale lama: Bohler M390<br \/>\nDurezza: 59-60\u00b0C<br \/>\nStile lama: punto di caduta<br \/>\nInserti: piatti<br \/>\nTipo di bordo: semplice<br \/>\nLunghezza manico: 8,05 cm<br \/>\nSpessore manico: 0,8 cm<br \/>\nMateriale manico: alluminio<br \/>\nPeso: 1,24 once.<br \/>\nUtente: mano destra<br \/>\nClip da tasca: ribaltabile<br \/>\nTipo di coltello: OTF automatico a doppia azione<br \/>\nApertura: diapositiva con il pollice<br \/>\nMarca: MicroTech<br \/>\nModello: UTX-70<br \/>\nNumero di modello: CAS148-10<br \/>\nPaese di origine: Stati Uniti<br \/>\nMiglior utilizzo: trasporto quotidiano, tattico<\/p>\n<div class=\"description\">\n<p>L&#8217;UTX-70 \u00e8 la combinazione perfetta di dimensioni compatte e grandi prestazioni. Con una dimensione minima rispetto <a href=\"https:\/\/www.knifecenter.com\/kc_new\/store_store.html?ttl=Microtech%20Ultratech%20OTF%20Knives&amp;srch=eqCATE%20CODEdatarq%3Dmt%26waDESCRIPTIONdatarq%3Dultratech\" target=\"_blank\" rel=\"noopener\">all&#8217;Ultratech<\/a> , l&#8217;UTX-70 \u00e8 prodotto con lo stesso materiale, sulle stesse macchine e con la stessa ingegnosit\u00e0 del suo predecessore. L&#8217;UTX-70 \u00e8 il coltello perfetto per tutte le situazioni, qualunque sia il tuo compito di taglio, si adatter\u00e0 perfettamente al tuo stile di vita. Grazie alla rapida azione di apertura e chiusura con una sola mano, il lavoro viene svolto in pochi secondi. Dotato di clip da tasca ambidestra e dimensioni compatte, \u00e8 la scelta perfetta per l&#8217;uso e il trasporto quotidiano<\/p>\n<\/div>\n<div class=\"specifications\">\n<div class=\"specs\">\n<h3 class=\"specificationsPDP\">Specifiche<\/h3>\n<ul>\n<li>Azione: doppia azione: fuoco automatico\/ritrazione automatica<\/li>\n<li>Lunghezza lama: 1,9&#8243;<\/li>\n<li>Stile lama: punto di caduta<\/li>\n<li>Telaio: rivestimento duro in lega Mil-Spec 6061-T6 AL anodizzato<\/li>\n<li>Spessore manico: 0,31&#8243;<\/li>\n<li>Lunghezza chiusa: 3,35&#8243;<\/li>\n<li>Lunghezza totale: 5,25&#8243;<\/li>\n<li>Clip da tasca: acciaio inossidabile 301 completamente duro<\/li>\n<li>Parte superiore standard: lega AL 6061-T6<\/li>\n<li>Grilletto: acciaio inossidabile 303<\/li>\n<li>Peso: 1,1 once<\/li>\n<li><strong>Si prega di notare che l&#8217;acciaio della lama non pu\u00f2 essere specificato poich\u00e9 pu\u00f2 cambiare a seconda della disponibilit\u00e0 (informazioni da Microtech)<\/strong><\/li>\n<li>Prodotto negli Stati Uniti<\/li>\n<\/ul>\n<\/div>\n<\/div>\n","protected":false},"excerpt":{"rendered":"<p>Nel corso degli anni , Microtech\u00ae Knives ha riempito i coltelli con passione e competenza fino a creare quasi opere d&#8217;arte che sono l&#8217;apice della funzionalit\u00e0. Tutte le parti sono prodotte negli Stati Uniti.<br \/>\n<strong>Tutti i coltelli Microtech sono coperti da una garanzia a vita.<\/strong><\/p>\n","protected":false},"featured_media":343299,"comment_status":"open","ping_status":"closed","template":"","meta":[],"pwb-brand":[3753],"product_brand":[],"product_cat":[3745,3748],"product_tag":[3755],"class_list":{"0":"post-343298","1":"product","2":"type-product","3":"status-publish","4":"has-post-thumbnail","6":"pwb-brand-microtecnologia-it","7":"product_cat-coltelli","8":"product_cat-coltelli-da-tiro","9":"product_tag-b2b-it","11":"first","12":"outofstock","13":"taxable","14":"shipping-taxable","15":"purchasable","16":"product-type-simple"},"brands":[{"id":3753,"name":"Microtecnologia","slug":"microtecnologia-it"}],"_links":{"self":[{"href":"https:\/\/www.moskito.cz\/it\/wp-json\/wp\/v2\/product\/343298","targetHints":{"allow":["GET"]}}],"collection":[{"href":"https:\/\/www.moskito.cz\/it\/wp-json\/wp\/v2\/product"}],"about":[{"href":"https:\/\/www.moskito.cz\/it\/wp-json\/wp\/v2\/types\/product"}],"replies":[{"embeddable":true,"href":"https:\/\/www.moskito.cz\/it\/wp-json\/wp\/v2\/comments?post=343298"}],"wp:featuredmedia":[{"embeddable":true,"href":"https:\/\/www.moskito.cz\/it\/wp-json\/wp\/v2\/media\/343299"}],"wp:attachment":[{"href":"https:\/\/www.moskito.cz\/it\/wp-json\/wp\/v2\/media?parent=343298"}],"wp:term":[{"taxonomy":"pwb-brand","embeddable":true,"href":"https:\/\/www.moskito.cz\/it\/wp-json\/wp\/v2\/pwb-brand?post=343298"},{"taxonomy":"product_brand","embeddable":true,"href":"https:\/\/www.moskito.cz\/it\/wp-json\/wp\/v2\/product_brand?post=343298"},{"taxonomy":"product_cat","embeddable":true,"href":"https:\/\/www.moskito.cz\/it\/wp-json\/wp\/v2\/product_cat?post=343298"},{"taxonomy":"product_tag","embeddable":true,"href":"https:\/\/www.moskito.cz\/it\/wp-json\/wp\/v2\/product_tag?post=343298"}],"curies":[{"name":"wp","href":"https:\/\/api.w.org\/{rel}","templated":true}]}}