{"id":343307,"date":"2022-10-09T20:50:21","date_gmt":"2024-05-31T11:31:29","guid":{"rendered":"https:\/\/www.moskito.cz\/produkt\/coltello-da-tiro-microtech-utx-70-stonewashed-drop-point-lama-piana-148-10-vi\/"},"modified":"2025-05-07T11:16:31","modified_gmt":"2025-05-07T10:16:31","slug":"coltello-da-tiro-microtech-utx-70-stonewashed-drop-point-lama-piana-148-10-vi","status":"publish","type":"product","link":"https:\/\/www.moskito.cz\/it\/produkt\/coltello-da-tiro-microtech-utx-70-stonewashed-drop-point-lama-piana-148-10-vi\/","title":{"rendered":"Coltello da tiro Microtech UTX-70 Stonewashed Drop Point Lama Piana 148-10 VI"},"content":{"rendered":"<p>Coltello da tiro <strong>Microtech<\/strong> UTX-70 Stonewashed Drop Point Lama Piana 148-10 VI<\/p>\n<p>L&#8217;UTX-70 \u00e8 la combinazione perfetta di dimensioni compatte e grandi prestazioni. Con una dimensione minima rispetto all&#8217;Ultratech, l&#8217;UTX-70 \u00e8 realizzato con gli stessi materiali, sulle stesse macchine e con la stessa ingegnosit\u00e0 del suo predecessore. L&#8217;UTX-70 \u00e8 il coltello perfetto per tutte le situazioni, qualunque sia il tuo compito di taglio, si adatter\u00e0 perfettamente al tuo stile di vita. Grazie all&#8217;apertura e chiusura rapida con una sola mano, il lavoro viene svolto in pochi secondi. Dotato di una clip da tasca a doppia faccia e di dimensioni compatte, \u00e8 la scelta perfetta per l&#8217;uso e il trasporto quotidiano.<\/p>\n<p>Lunghezza totale: 13,12 centimetri<br \/>\nLunghezza lama: 4,75 cm<br \/>\nSpessore lama: 0,2 cm<br \/>\nMateriale lama: Bohler M390<br \/>\nDurezza: 59-60\u00b0RC<br \/>\nStile lama: punto di caduta<br \/>\nInserti: piatti<br \/>\nTipo di bordo: semplice<br \/>\nLunghezza manico: 8,05 cm<br \/>\nSpessore manico: 0,8 cm<br \/>\nMateriale manico: alluminio<br \/>\nPeso: 1,24 once.<br \/>\nUtente: mano destra<br \/>\nClip da tasca: ribaltabile<br \/>\nTipo di coltello: OTF automatico a doppia azione<br \/>\nApertura: diapositiva con il pollice<br \/>\nMarca: MicroTech<br \/>\nModello: UTX-70<br \/>\nPaese di origine: Stati Uniti<br \/>\nMiglior utilizzo: trasporto quotidiano, tattico<\/p>\n<p><iframe title=\"Microtech Combat Troodon Torture Test\" width=\"800\" height=\"450\" src=\"https:\/\/www.youtube.com\/embed\/xE9TeOFYEjg?feature=oembed\" frameborder=\"0\" allow=\"accelerometer; autoplay; clipboard-write; encrypted-media; gyroscope; picture-in-picture; web-share\" referrerpolicy=\"strict-origin-when-cross-origin\" allowfullscreen><\/iframe><\/p>\n<p>&nbsp;<\/p>\n","protected":false},"excerpt":{"rendered":"<p>Nel corso degli anni, Microtech\u00ae Knives ha riempito i coltelli con passione e competenza per creare quasi opere d&#8217;arte che sono l&#8217;apice della funzionalit\u00e0. Tutte le parti sono prodotte negli Stati Uniti.<br \/>\n<strong>Tutti i coltelli Microtech sono coperti da una garanzia a vita.<\/strong><\/p>\n<p><strong>Trasporto gratuito.<\/strong><\/p>\n","protected":false},"featured_media":343308,"comment_status":"open","ping_status":"closed","template":"","meta":[],"pwb-brand":[3753],"product_brand":[],"product_cat":[3748],"product_tag":[3755],"class_list":{"0":"post-343307","1":"product","2":"type-product","3":"status-publish","4":"has-post-thumbnail","6":"pwb-brand-microtecnologia-it","7":"product_cat-coltelli-da-tiro","8":"product_tag-b2b-it","10":"first","11":"instock","12":"taxable","13":"shipping-taxable","14":"purchasable","15":"product-type-simple"},"brands":[{"id":3753,"name":"Microtecnologia","slug":"microtecnologia-it"}],"_links":{"self":[{"href":"https:\/\/www.moskito.cz\/it\/wp-json\/wp\/v2\/product\/343307","targetHints":{"allow":["GET"]}}],"collection":[{"href":"https:\/\/www.moskito.cz\/it\/wp-json\/wp\/v2\/product"}],"about":[{"href":"https:\/\/www.moskito.cz\/it\/wp-json\/wp\/v2\/types\/product"}],"replies":[{"embeddable":true,"href":"https:\/\/www.moskito.cz\/it\/wp-json\/wp\/v2\/comments?post=343307"}],"wp:featuredmedia":[{"embeddable":true,"href":"https:\/\/www.moskito.cz\/it\/wp-json\/wp\/v2\/media\/343308"}],"wp:attachment":[{"href":"https:\/\/www.moskito.cz\/it\/wp-json\/wp\/v2\/media?parent=343307"}],"wp:term":[{"taxonomy":"pwb-brand","embeddable":true,"href":"https:\/\/www.moskito.cz\/it\/wp-json\/wp\/v2\/pwb-brand?post=343307"},{"taxonomy":"product_brand","embeddable":true,"href":"https:\/\/www.moskito.cz\/it\/wp-json\/wp\/v2\/product_brand?post=343307"},{"taxonomy":"product_cat","embeddable":true,"href":"https:\/\/www.moskito.cz\/it\/wp-json\/wp\/v2\/product_cat?post=343307"},{"taxonomy":"product_tag","embeddable":true,"href":"https:\/\/www.moskito.cz\/it\/wp-json\/wp\/v2\/product_tag?post=343307"}],"curies":[{"name":"wp","href":"https:\/\/api.w.org\/{rel}","templated":true}]}}