{"id":343382,"date":"2022-04-10T19:48:18","date_gmt":"2024-06-03T07:47:47","guid":{"rendered":"https:\/\/www.moskito.cz\/produkt\/coltello-solido-boker-magnum-lil-friend-micro-02sc743\/"},"modified":"2025-05-07T11:16:32","modified_gmt":"2025-05-07T10:16:32","slug":"coltello-solido-boker-magnum-lil-friend-micro-02sc743","status":"publish","type":"product","link":"https:\/\/www.moskito.cz\/it\/produkt\/coltello-solido-boker-magnum-lil-friend-micro-02sc743\/","title":{"rendered":"Coltello solido B\u00f6ker Magnum Li&#8217;l Friend Micro 02SC743"},"content":{"rendered":"<p>Coltello solido B\u00f6ker Magnum Li&#8217;l Friend Micro 02SC743.<\/p>\n<p>Magnum Li&#8217;l Friend \u00e8 un coltello da collo leggero, affilato ed estremamente versatile. La lama affilata 440A apre facilmente i pacchi, taglia il nastro da imballaggio e taglia il nastro in tessuto. Tuttavia, la versatilit\u00e0 del coltello non si riferisce solo alla funzione, ma anche alle possibilit\u00e0 di trasporto. Li&#8217;l Friend pu\u00f2 essere portato in tasca, al collo con una catena a palline, attaccato alla tua attrezzatura o anche alla cintura. Un coltello piccolo, quasi minuscolo, da non sottovalutare. La lama drop-point si abbina armoniosamente al manico in G10 color sabbia. Con fodero in Kydex, catena a sfera e foro per cordino.<\/p>\n<p>Tipo di articolo: coltello fisso<br \/>\nLunghezza totale: 8,50 centimetri<br \/>\nLunghezza lama: 3,50 cm<br \/>\nSpessore lama: 2,70 mm<br \/>\nPeso: 38,00 grammi<br \/>\nMateriale lama: 440A<br \/>\nMateriale impugnatura: G10<br \/>\nFibbia: fissa<br \/>\nColore: marrone<br \/>\nColore lama: grigio<br \/>\nMateriale guaina: Kydex<br \/>\nCodice articolo: 02SC743<\/p>\n<p>Il Magnum Li&#8217;l Friend \u00e8 un coltello da collo leggero, affilato ed estremamente versatile. La lama affilata 440A apre i pacchi, taglia il nastro da imballaggio e taglia facilmente il nastro in tessuto. . La versatilit\u00e0 del coltello non si riferisce solo alla sua funzione, ma anche alle molteplici opzioni di trasporto. Il Li&#8217;l Friend pu\u00f2 essere portato in tasca, al collo con la catena a palline, attaccato all&#8217;attrezzatura o anche alla cintura. Un coltello piccolo, quasi minuscolo, da non sottovalutare. Combina armoniosamente una lama drop point con un manico in G10 color sabbia.<\/p>\n<p>Tipo:<br \/>\nLama fissa<br \/>\nLunghezza totale:<br \/>\n8,50 cm<br \/>\nLunghezza della lama:<br \/>\n3,50 cm<br \/>\nSpessore della lama:<br \/>\n2,70 mm<br \/>\nPeso:<br \/>\n38,00 gr<br \/>\nMateriale lama:<br \/>\n440A<br \/>\nMateriale della maniglia:<br \/>\nG10<br \/>\nTipo di blocco:<br \/>\nFisso<br \/>\nFatto in:<br \/>\nAsia<br \/>\nColore:<br \/>\nMarrone<br \/>\nColore lama:<br \/>\nGrigio<br \/>\nMateriale della guaina:<br \/>\nKydex<br \/>\nCodice articolo:<br \/>\n02SC743<\/p>\n<p>&nbsp;<\/p>\n","protected":false},"excerpt":{"rendered":"<p>Nel corso del tempo, la fabbrica di coltelli <strong>B\u00f6ker<\/strong> si \u00e8 trasformata in un leader globale dell&#8217;innovazione e nel pi\u00f9 grande produttore di coltelli sportivi, coltelli tattici e coltelli da collezione in Europa.<\/p>\n","protected":false},"featured_media":343385,"comment_status":"open","ping_status":"closed","template":"","meta":[],"pwb-brand":[3798],"product_brand":[],"product_cat":[3745,3746],"product_tag":[3755],"class_list":{"0":"post-343382","1":"product","2":"type-product","3":"status-publish","4":"has-post-thumbnail","6":"pwb-brand-boker-it","7":"product_cat-coltelli","8":"product_cat-coltelli-solidi","9":"product_tag-b2b-it","11":"first","12":"outofstock","13":"taxable","14":"shipping-taxable","15":"purchasable","16":"product-type-simple"},"brands":[{"id":3798,"name":"Boker","slug":"boker-it"}],"_links":{"self":[{"href":"https:\/\/www.moskito.cz\/it\/wp-json\/wp\/v2\/product\/343382","targetHints":{"allow":["GET"]}}],"collection":[{"href":"https:\/\/www.moskito.cz\/it\/wp-json\/wp\/v2\/product"}],"about":[{"href":"https:\/\/www.moskito.cz\/it\/wp-json\/wp\/v2\/types\/product"}],"replies":[{"embeddable":true,"href":"https:\/\/www.moskito.cz\/it\/wp-json\/wp\/v2\/comments?post=343382"}],"wp:featuredmedia":[{"embeddable":true,"href":"https:\/\/www.moskito.cz\/it\/wp-json\/wp\/v2\/media\/343385"}],"wp:attachment":[{"href":"https:\/\/www.moskito.cz\/it\/wp-json\/wp\/v2\/media?parent=343382"}],"wp:term":[{"taxonomy":"pwb-brand","embeddable":true,"href":"https:\/\/www.moskito.cz\/it\/wp-json\/wp\/v2\/pwb-brand?post=343382"},{"taxonomy":"product_brand","embeddable":true,"href":"https:\/\/www.moskito.cz\/it\/wp-json\/wp\/v2\/product_brand?post=343382"},{"taxonomy":"product_cat","embeddable":true,"href":"https:\/\/www.moskito.cz\/it\/wp-json\/wp\/v2\/product_cat?post=343382"},{"taxonomy":"product_tag","embeddable":true,"href":"https:\/\/www.moskito.cz\/it\/wp-json\/wp\/v2\/product_tag?post=343382"}],"curies":[{"name":"wp","href":"https:\/\/api.w.org\/{rel}","templated":true}]}}