{"id":343409,"date":"2023-06-27T21:07:08","date_gmt":"2023-06-27T20:07:08","guid":{"rendered":"https:\/\/www.moskito.cz\/produkt\/coltello-pieghevole-spyderco-para-3-paramilitary-3-c223gpcmobk\/"},"modified":"2025-05-07T11:16:33","modified_gmt":"2025-05-07T10:16:33","slug":"coltello-pieghevole-spyderco-para-3-paramilitary-3-c223gpcmobk","status":"publish","type":"product","link":"https:\/\/www.moskito.cz\/it\/produkt\/coltello-pieghevole-spyderco-para-3-paramilitary-3-c223gpcmobk\/","title":{"rendered":"Coltello pieghevole Spyderco Para 3 (Paramilitary 3) C223GPCMOBK"},"content":{"rendered":"<p>Coltello pieghevole <strong>Spyderco<\/strong> Para 3 (Paramilitary 3) C223GPCMOBK<\/p>\n<p>Uno dei prodotti pi\u00f9 attesi nella storia di Spyderco, il Para 3 \u00e8 l&#8217;ultima generazione della loro popolarissima famiglia paramilitare di coltelli pieghevoli. La sua storia risale alla prima generazione del modello Paramilitary, introdotto nel 2004, e ancor pi\u00f9 all&#8217;ispirazione di questo coltello: l&#8217;iconico modello militare.<\/p>\n<p>L&#8217;intento progettuale originale del Paramilitary era quello di fornire la stessa comprovata affidabilit\u00e0 e prestazioni di taglio dell&#8217;esercito, ma in un pacchetto pi\u00f9 compatto e facilmente trasportabile. Il design mostrava anche il blocco di compressione brevettato di Spyderco: un meccanismo di bloccaggio ad alta resistenza situato nella parte posteriore dell&#8217;impugnatura che offriva una serie di vantaggi significativi rispetto al blocco della linea militare.<\/p>\n<p>In linea con il profondo impegno di Spyderco per il miglioramento continuo della qualit\u00e0 (CQI), il Paramilitary \u00e8 stato riprogettato nel 2010 per fornire il Paramilitary 2. Questo design di seconda generazione includeva un dispositivo di bloccaggio migliorato, un&#8217;ergonomia migliorata, una maniglia incassata e viti girevoli e una clip a quattro posizioni per supportare tutte le possibili configurazioni di trasporto. Questi miglioramenti hanno rapidamente stabilito il &#8220;Para 2&#8221; come uno dei modelli pi\u00f9 popolari e ricercati di Spyderco e per molti utenti finali il coltello pieghevole &#8220;perfetto&#8221;. Sebbene significativamente pi\u00f9 piccolo del modello militare a cui si ispir\u00f2, per alcuni clienti era comunque pi\u00f9 grande di quanto potessero trasportare comodamente o legalmente. Sulla base di questo feedback, Spyderco \u00e8 tornato al tavolo da disegno per distillare tutte le caratteristiche, i vantaggi e le prestazioni del Paramilitary 2 in un pacchetto &#8220;sub-compatto&#8221; costruito attorno a una lama da tre pollici. Il risultato \u00e8 il paragrafo 3.<\/p>\n<p>Sebbene chiaramente basato sul Paramilitary 2, il Para 3 non \u00e8 stato chiamato &#8220;Paramilitary 3&#8221; perch\u00e9 le sue dimensioni pi\u00f9 piccole lo qualificano come un coltello dal design diverso. Allo stesso modo, il &#8220;3&#8221; nel suo nome riflette in realt\u00e0 la lunghezza della lama di tre pollici, piuttosto che identificarlo come un modello paramilitare di terza generazione. Sebbene il suo pedigree sia inconfondibile, il Para 3 (e il suo modello e numero SKU) ha una sua &#8220;identit\u00e0&#8221; distinta come prodotto Spyderco.<\/p>\n<p>Di conseguenza, il Para 3 conserva fedelmente tutte le caratteristiche distintive del pi\u00f9 venduto Paramilitary 2, ma in un pacchetto pi\u00f9 piccolo e ancora pi\u00f9 agile. La sua lama da tre pollici \u00e8 realizzata con precisione in acciaio inossidabile CPM-S45VN di alta qualit\u00e0 e presenta una superficie completamente piatta per una geometria della lama superiore e prestazioni di taglio a basso attrito. La sua caratteristica apertura rotonda sovradimensionata annuncia con orgoglio il pedigree del coltello ed \u00e8 facilmente accessibile da entrambi i lati, consentendo un&#8217;apertura ambidestra rapida, con una sola mano.<\/p>\n<p>L&#8217;impugnatura leggera e aperta sul retro \u00e8 costruita su un telaio di solidi inserti in acciaio inossidabile incastonati in guance G10 strutturate. Questo stile di design raffinato massimizza la resistenza strutturale e l&#8217;ergonomia, mantenendo la maniglia sottile e tascabile. \u00c8 anche la base del meccanismo brevettato Compression Lock del coltello, che fornisce un&#8217;eccezionale forza di bloccaggio, ma consente una facile chiusura con una sola mano senza mettere le dita nel percorso della lama. Un&#8217;elegante chiusura a clessidra a quattro posizioni e un foro per cordino di dimensioni generose completano il design, offrendo una scelta di opzioni ribaltabili o ribaltabili sul lato sinistro o destro per un facile fissaggio del cordino o del pendente.<\/p>\n<p>Il Para 3 \u00e8 un coltello pieghevole straordinariamente raffinato con una storia illustre. \u00c8 anche un brillante esempio della nostra incessante ricerca dell\u2019eccellenza e del nostro profondo impegno nel soddisfare le esigenze dei nostri clienti.<\/p>\n<p>Specifiche<br \/>\nLunghezza lama: 7,5 cm<br \/>\nLunghezza da chiuso: 10,67 cm<br \/>\nLunghezza totale: 18,17 cm<br \/>\nMateriale lama: acciaio inossidabile CPM-S45VN<br \/>\nStile lama: punto di clip<br \/>\nAffilatura della lama: completamente piatta<br \/>\nFinitura lama: DLC nero<br \/>\nBordo della lama: liscio<br \/>\nMateriale impugnatura: G10<br \/>\nColore impugnatura: mimetica digitale<br \/>\nMeccanismo di bloccaggio: compressione<br \/>\nClip da tasca: piega su\/gi\u00f9, trasporta a sinistra\/destra<br \/>\nNumero modello: C223GPCMOBK<br \/>\nNome del modello: Para 3<br \/>\nPeso: 3,4 once.<br \/>\nFabbricato negli Usa<\/p>\n","protected":false},"excerpt":{"rendered":"<p><strong>Uno dei prodotti pi\u00f9 attesi nella storia di Spyderco, il Para 3 \u00e8 l&#8217;ultima generazione della loro popolarissima famiglia paramilitare di coltelli pieghevoli.<\/strong><\/p>\n","protected":false},"featured_media":343410,"comment_status":"open","ping_status":"closed","template":"","meta":[],"pwb-brand":[3774],"product_brand":[],"product_cat":[3749,3745],"product_tag":[3755],"class_list":{"0":"post-343409","1":"product","2":"type-product","3":"status-publish","4":"has-post-thumbnail","6":"pwb-brand-spyderco-it","7":"product_cat-coltelli-di-chiusura","8":"product_cat-coltelli","9":"product_tag-b2b-it","11":"first","12":"instock","13":"taxable","14":"shipping-taxable","15":"purchasable","16":"product-type-simple"},"brands":[{"id":3774,"name":"Spyderco","slug":"spyderco-it"}],"_links":{"self":[{"href":"https:\/\/www.moskito.cz\/it\/wp-json\/wp\/v2\/product\/343409","targetHints":{"allow":["GET"]}}],"collection":[{"href":"https:\/\/www.moskito.cz\/it\/wp-json\/wp\/v2\/product"}],"about":[{"href":"https:\/\/www.moskito.cz\/it\/wp-json\/wp\/v2\/types\/product"}],"replies":[{"embeddable":true,"href":"https:\/\/www.moskito.cz\/it\/wp-json\/wp\/v2\/comments?post=343409"}],"wp:featuredmedia":[{"embeddable":true,"href":"https:\/\/www.moskito.cz\/it\/wp-json\/wp\/v2\/media\/343410"}],"wp:attachment":[{"href":"https:\/\/www.moskito.cz\/it\/wp-json\/wp\/v2\/media?parent=343409"}],"wp:term":[{"taxonomy":"pwb-brand","embeddable":true,"href":"https:\/\/www.moskito.cz\/it\/wp-json\/wp\/v2\/pwb-brand?post=343409"},{"taxonomy":"product_brand","embeddable":true,"href":"https:\/\/www.moskito.cz\/it\/wp-json\/wp\/v2\/product_brand?post=343409"},{"taxonomy":"product_cat","embeddable":true,"href":"https:\/\/www.moskito.cz\/it\/wp-json\/wp\/v2\/product_cat?post=343409"},{"taxonomy":"product_tag","embeddable":true,"href":"https:\/\/www.moskito.cz\/it\/wp-json\/wp\/v2\/product_tag?post=343409"}],"curies":[{"name":"wp","href":"https:\/\/api.w.org\/{rel}","templated":true}]}}