{"id":343422,"date":"2022-10-23T11:13:53","date_gmt":"2024-06-04T12:05:47","guid":{"rendered":"https:\/\/www.moskito.cz\/produkt\/coltelli-heretic-custom-roc-otf-auto-baker-forge-tiger-gomai-coltello-da-tiro-con-lama-hawkbill-damasco\/"},"modified":"2025-05-07T11:16:34","modified_gmt":"2025-05-07T10:16:34","slug":"coltelli-heretic-custom-roc-otf-auto-baker-forge-tiger-gomai-coltello-da-tiro-con-lama-hawkbill-damasco","status":"publish","type":"product","link":"https:\/\/www.moskito.cz\/it\/produkt\/coltelli-heretic-custom-roc-otf-auto-baker-forge-tiger-gomai-coltello-da-tiro-con-lama-hawkbill-damasco\/","title":{"rendered":"Coltelli Heretic Custom Roc OTF AUTO Baker Forge Tiger GoMai Coltello da tiro con lama Hawkbill Damasco"},"content":{"rendered":"<p><strong>Coltelli eretici<\/strong> Custom Roc OTF AUTO Baker Forge Tiger GoMai Coltello da tiro con lama Hawkbill Damasco.<\/p>\n<p>Il Roc di <strong>Heretic Knives<\/strong> rientra proprio nel punto debole della formazione Heretic. Il Roc ha la dimensione perfetta per la maggior parte di noi, proprio alla pari con il famoso Microtech Ultratech. Questo coltello \u00e8 realizzato e assemblato al 100% negli Stati Uniti ed \u00e8 coperto da una garanzia a vita, quindi puoi essere sicuro che questo OTF durer\u00e0. Presenta la vestibilit\u00e0 liscia come la seta e la trazione con una sola mano, standard nella linea Heretic OTF. Questo modello presenta una lama leggermente pi\u00f9 lunga di tre pollici, un foro per cordino integrato, una clip per il trasporto profonda e un&#8217;estetica davvero di fascia alta. Il suo profilo sottile e la sua natura leggera lo rendono facile da portare a portata di mano e pronto in un attimo. L&#8217;azione crea dipendenza, l&#8217;ergonomia \u00e8 perfetta e la qualit\u00e0 della lavorazione \u00e8 di prim&#8217;ordine. Non rimarrai deluso.<\/p>\n<p>Questo \u00e8 un modello personalizzato che abbiamo acquisito all&#8217;USN GXIII Show del 2022 e uno dei falchi OTF pi\u00f9 belli e di altissima qualit\u00e0 che abbiamo mai posseduto. Se questo \u00e8 un indizio di ci\u00f2 che verr\u00e0 da Heretic Knives, allora siamo decisamente entusiasti per il futuro.<\/p>\n<p>Specifiche<br \/>\nLunghezza lama: 8 cm<br \/>\nBordo tagliente: 7,5 cm<br \/>\nLunghezza da chiuso: 11,75 cm<br \/>\nLunghezza totale: 19,37 centimetri<br \/>\nMateriale lama: Baker Forge Tiger GoMai Damasco<br \/>\nSpessore lama: 0,35 cm<br \/>\nStile lama: Hawkbill<br \/>\nAffilatura della lama: piatta<br \/>\nFinitura superficiale della lama: Acquaforte al rame<br \/>\nMateriale impugnatura: Alluminio nero con inserti in ottone e rame FatCarbon Snakeskin<br \/>\nSpessore manico: 1.125 cm<br \/>\nMeccanismo di chiusura: scorrevole<br \/>\nClip da tasca: Titanium Deep Carry (ripiegata verso il basso, trasportata a destra)<br \/>\nPeso: 4,16 once.<br \/>\nProgettista: Tony Marfione Jr.<br \/>\nFabbricato negli Usa<\/p>\n<p><iframe title=\"Microtech Combat Troodon Torture Test\" width=\"800\" height=\"450\" src=\"https:\/\/www.youtube.com\/embed\/xE9TeOFYEjg?feature=oembed\" frameborder=\"0\" allow=\"accelerometer; autoplay; clipboard-write; encrypted-media; gyroscope; picture-in-picture; web-share\" referrerpolicy=\"strict-origin-when-cross-origin\" allowfullscreen><\/iframe><\/p>\n<p>&nbsp;<\/p>\n","protected":false},"excerpt":{"rendered":"<p>Questo \u00e8 <strong>un modello personalizzato<\/strong> che abbiamo acquisito all&#8217;USN GXIII Show 2022.<\/p>\n","protected":false},"featured_media":343426,"comment_status":"open","ping_status":"closed","template":"","meta":[],"pwb-brand":[3759],"product_brand":[],"product_cat":[3745,3748],"product_tag":[3755],"class_list":{"0":"post-343422","1":"product","2":"type-product","3":"status-publish","4":"has-post-thumbnail","6":"pwb-brand-coltelli-eretici","7":"product_cat-coltelli","8":"product_cat-coltelli-da-tiro","9":"product_tag-b2b-it","11":"first","12":"outofstock","13":"taxable","14":"shipping-taxable","15":"purchasable","16":"product-type-simple"},"brands":[{"id":3759,"name":"Coltelli eretici","slug":"coltelli-eretici"}],"_links":{"self":[{"href":"https:\/\/www.moskito.cz\/it\/wp-json\/wp\/v2\/product\/343422","targetHints":{"allow":["GET"]}}],"collection":[{"href":"https:\/\/www.moskito.cz\/it\/wp-json\/wp\/v2\/product"}],"about":[{"href":"https:\/\/www.moskito.cz\/it\/wp-json\/wp\/v2\/types\/product"}],"replies":[{"embeddable":true,"href":"https:\/\/www.moskito.cz\/it\/wp-json\/wp\/v2\/comments?post=343422"}],"wp:featuredmedia":[{"embeddable":true,"href":"https:\/\/www.moskito.cz\/it\/wp-json\/wp\/v2\/media\/343426"}],"wp:attachment":[{"href":"https:\/\/www.moskito.cz\/it\/wp-json\/wp\/v2\/media?parent=343422"}],"wp:term":[{"taxonomy":"pwb-brand","embeddable":true,"href":"https:\/\/www.moskito.cz\/it\/wp-json\/wp\/v2\/pwb-brand?post=343422"},{"taxonomy":"product_brand","embeddable":true,"href":"https:\/\/www.moskito.cz\/it\/wp-json\/wp\/v2\/product_brand?post=343422"},{"taxonomy":"product_cat","embeddable":true,"href":"https:\/\/www.moskito.cz\/it\/wp-json\/wp\/v2\/product_cat?post=343422"},{"taxonomy":"product_tag","embeddable":true,"href":"https:\/\/www.moskito.cz\/it\/wp-json\/wp\/v2\/product_tag?post=343422"}],"curies":[{"name":"wp","href":"https:\/\/api.w.org\/{rel}","templated":true}]}}