{"id":343534,"date":"2022-10-31T22:12:18","date_gmt":"2024-06-11T14:43:11","guid":{"rendered":"https:\/\/www.moskito.cz\/produkt\/coltello-di-chiusura-cold-steel-hold-out-6-lama-completa-bordo-seghettato-blk-s35vn\/"},"modified":"2025-05-07T11:16:36","modified_gmt":"2025-05-07T10:16:36","slug":"coltello-di-chiusura-cold-steel-hold-out-6-lama-completa-bordo-seghettato-blk-s35vn","status":"publish","type":"product","link":"https:\/\/www.moskito.cz\/it\/produkt\/coltello-di-chiusura-cold-steel-hold-out-6-lama-completa-bordo-seghettato-blk-s35vn\/","title":{"rendered":"Coltello di chiusura Cold Steel Hold Out 6&#8243; LAMA COMPLETA BORDO SEGHETTATO BLK S35VN"},"content":{"rendered":"<p>Coltello di chiusura <strong>Cold Steel<\/strong> Hold Out lama da 6&#8243; con bordo seghettato BLK S35VN.<\/p>\n<p>COLD STEEL ha fatto rivivere il coltello pieghevole Hold Out gi\u00e0 prodotto e molto popolare in quattro modelli di lame. Rispetto alla versione originale, tuttavia, per i coltelli ha utilizzato acciaio inossidabile a polvere S35VN molto pi\u00f9 nobile. Questo eccezionale acciaio americano non solo \u00e8 molto rigido e durevole, ma pu\u00f2 essere utilizzato per ottenere un&#8217;eccellente affilatura del coltello e la lama ha una lunga durata. L&#8217;acciaio in polvere a grana molto fine con una microstruttura uniforme offre propriet\u00e0 molto stabili. \u00c8 durevole anche con una sfaccettatura della lama molto fine, affidabile, altamente resistente alla corrosione. \u00c8 una buona scelta per coltelli e strumenti personalizzati di alta qualit\u00e0. Il processo CPM (pseudo-metallurgia delle polveri) garantisce una struttura dell&#8217;acciaio molto omogenea e di alta qualit\u00e0, stabilit\u00e0 dimensionale, buona levigabilit\u00e0 e resistenza rispetto agli acciai prodotti con metodi convenzionali classici. Nonostante il minor contenuto di cromo, questo acciaio mostra ottimi risultati nel campo della resistenza alla corrosione. Il manico dei coltelli Hold Out \u00e8 realizzato in G-10 &#8211; fibra di vetro. La superficie del manico ha una consistenza ruvida e non \u00e8 scivolosa nemmeno con le mani sudate o bagnate. Questa serie di coltelli \u00e8 inoltre dotata dell&#8217;esclusivo brevetto Cold Steel\u00ae Tri-Ad Lock\u2122. Il blocco impedisce la chiusura automatica o involontaria del coltello anche dopo la naturale usura del tempo.<\/p>\n<p>PARAMETRI DEL PRODOTTO<br \/>\nDimensioni complessive: 335 mm<br \/>\nLunghezza lama: 152 mm<br \/>\nAcciaio: acciaio S35VN<br \/>\nColore: Nero\/Argento<br \/>\nMateriale manico: manico lungo G-10<br \/>\nLunghezza impugnatura: 183 mm<br \/>\nPeso: 198,5 grammi<br \/>\nSpessore lama: 3,8 mm<br \/>\nTipo di blocco: Tri-Ad Lock<\/p>\n","protected":false},"excerpt":{"rendered":"<p>L&#8217;intera linea di coltelli chiudibili Hold Out si basa sul design scozzese del coltello fisso Skean Dhu.<\/p>\n","protected":false},"featured_media":343535,"comment_status":"open","ping_status":"closed","template":"","meta":[],"pwb-brand":[3791],"product_brand":[],"product_cat":[3745,3749],"product_tag":[3755],"class_list":{"0":"post-343534","1":"product","2":"type-product","3":"status-publish","4":"has-post-thumbnail","6":"pwb-brand-acciaio-freddo","7":"product_cat-coltelli","8":"product_cat-coltelli-di-chiusura","9":"product_tag-b2b-it","11":"first","12":"instock","13":"taxable","14":"shipping-taxable","15":"purchasable","16":"product-type-simple"},"brands":[{"id":3791,"name":"Acciaio freddo","slug":"acciaio-freddo"}],"_links":{"self":[{"href":"https:\/\/www.moskito.cz\/it\/wp-json\/wp\/v2\/product\/343534","targetHints":{"allow":["GET"]}}],"collection":[{"href":"https:\/\/www.moskito.cz\/it\/wp-json\/wp\/v2\/product"}],"about":[{"href":"https:\/\/www.moskito.cz\/it\/wp-json\/wp\/v2\/types\/product"}],"replies":[{"embeddable":true,"href":"https:\/\/www.moskito.cz\/it\/wp-json\/wp\/v2\/comments?post=343534"}],"wp:featuredmedia":[{"embeddable":true,"href":"https:\/\/www.moskito.cz\/it\/wp-json\/wp\/v2\/media\/343535"}],"wp:attachment":[{"href":"https:\/\/www.moskito.cz\/it\/wp-json\/wp\/v2\/media?parent=343534"}],"wp:term":[{"taxonomy":"pwb-brand","embeddable":true,"href":"https:\/\/www.moskito.cz\/it\/wp-json\/wp\/v2\/pwb-brand?post=343534"},{"taxonomy":"product_brand","embeddable":true,"href":"https:\/\/www.moskito.cz\/it\/wp-json\/wp\/v2\/product_brand?post=343534"},{"taxonomy":"product_cat","embeddable":true,"href":"https:\/\/www.moskito.cz\/it\/wp-json\/wp\/v2\/product_cat?post=343534"},{"taxonomy":"product_tag","embeddable":true,"href":"https:\/\/www.moskito.cz\/it\/wp-json\/wp\/v2\/product_tag?post=343534"}],"curies":[{"name":"wp","href":"https:\/\/api.w.org\/{rel}","templated":true}]}}