{"id":343603,"date":"2022-11-01T17:59:02","date_gmt":"2022-11-01T16:59:02","guid":{"rendered":"https:\/\/www.moskito.cz\/?post_type=product&p=343603"},"modified":"2025-05-07T11:16:40","modified_gmt":"2025-05-07T10:16:40","slug":"coltello-fisso-cold-steel-pendleton-mini-hunter","status":"publish","type":"product","link":"https:\/\/www.moskito.cz\/it\/produkt\/coltello-fisso-cold-steel-pendleton-mini-hunter\/","title":{"rendered":"Coltello fisso Cold Steel Pendleton Mini Hunter"},"content":{"rendered":"<p>Coltello fisso <strong>Cold Steel<\/strong> Pendleton Mini Hunter.<\/p>\n<p>Il Pendleton Mini Hunter \u00e8 un piccolo coltello da caccia con lama liscia. COLD STEEL produce Pendleton Hunters sulla base dei coltelli del noto coltellinaio americano Lloyd Pendleton, che lavora a stretto contatto con l&#8217;azienda e partecipa allo sviluppo di coltelli da caccia prodotti in serie. La lama DropPoint \u00e8 realizzata in acciaio giapponese AUS 10A. Questo acciaio inossidabile martensitico ha ottime propriet\u00e0 di resistenza e viene utilizzato principalmente come materiale per utensili da taglio. Rispetto all&#8217;AUS 8A trattiene meglio la lama ed \u00e8 pi\u00f9 resistente all&#8217;abrasione. L&#8217;acciaio \u00e8 stato poi trattato termicamente per ottenere il perfetto equilibrio tra ritenzione del filo e facilit\u00e0 di riaffilatura. Il manico del coltello dalla forma perfetta in materiale Kraton (Long Kray-Ex\u2122) offre una superficie antiscivolo. Si adatta perfettamente alla mano e consente lavori molto delicati con il coltello in ambienti bagnati e fangosi. La confezione \u00e8 una custodia Secure-Ex per proteggere te e la lama. Il Mini Hunter \u00e8 uno strumento indispensabile che pu\u00f2 completare perfettamente qualsiasi kit da caccia o kit di sopravvivenza, pur avendo un aspetto abbastanza discreto da poterlo trasportare senza preoccuparsi di attirare molta attenzione. L&#8217;importatore fornisce una garanzia estesa di 5 anni per questo coltello.<\/p>\n<p>PARAMETRI DEL PRODOTTO<br \/>\nLunghezza impugnatura: 92 mm<br \/>\nMateriale manico: Kray-Ex\u2122 lungo<br \/>\nMateriale della guaina: guaina Secure-Ex\u00ae<br \/>\nPeso: 57 g<br \/>\nColore: Nero\/Argento<br \/>\nLunghezza lama: 76 mm<br \/>\nDimensioni complessive: 168 mm<br \/>\nAcciaio: AUS 10A<br \/>\nSpessore lama: 3 mm<\/p>\n<p>&nbsp;<\/p>\n","protected":false},"excerpt":{"rendered":"<p>Il Pendleton Mini Hunter \u00e8 un coltello robusto con un filo liscio.<\/p>\n","protected":false},"featured_media":343604,"comment_status":"open","ping_status":"closed","template":"","meta":[],"pwb-brand":[3791],"product_brand":[],"product_cat":[3746,3745],"product_tag":[],"class_list":{"0":"post-343603","1":"product","2":"type-product","3":"status-publish","4":"has-post-thumbnail","6":"pwb-brand-acciaio-freddo","7":"product_cat-coltelli-solidi","8":"product_cat-coltelli","10":"first","11":"instock","12":"taxable","13":"shipping-taxable","14":"purchasable","15":"product-type-simple"},"brands":[{"id":3791,"name":"Acciaio freddo","slug":"acciaio-freddo"}],"_links":{"self":[{"href":"https:\/\/www.moskito.cz\/it\/wp-json\/wp\/v2\/product\/343603","targetHints":{"allow":["GET"]}}],"collection":[{"href":"https:\/\/www.moskito.cz\/it\/wp-json\/wp\/v2\/product"}],"about":[{"href":"https:\/\/www.moskito.cz\/it\/wp-json\/wp\/v2\/types\/product"}],"replies":[{"embeddable":true,"href":"https:\/\/www.moskito.cz\/it\/wp-json\/wp\/v2\/comments?post=343603"}],"wp:featuredmedia":[{"embeddable":true,"href":"https:\/\/www.moskito.cz\/it\/wp-json\/wp\/v2\/media\/343604"}],"wp:attachment":[{"href":"https:\/\/www.moskito.cz\/it\/wp-json\/wp\/v2\/media?parent=343603"}],"wp:term":[{"taxonomy":"pwb-brand","embeddable":true,"href":"https:\/\/www.moskito.cz\/it\/wp-json\/wp\/v2\/pwb-brand?post=343603"},{"taxonomy":"product_brand","embeddable":true,"href":"https:\/\/www.moskito.cz\/it\/wp-json\/wp\/v2\/product_brand?post=343603"},{"taxonomy":"product_cat","embeddable":true,"href":"https:\/\/www.moskito.cz\/it\/wp-json\/wp\/v2\/product_cat?post=343603"},{"taxonomy":"product_tag","embeddable":true,"href":"https:\/\/www.moskito.cz\/it\/wp-json\/wp\/v2\/product_tag?post=343603"}],"curies":[{"name":"wp","href":"https:\/\/api.w.org\/{rel}","templated":true}]}}