{"id":343657,"date":"2021-07-22T07:39:18","date_gmt":"2021-07-22T06:39:18","guid":{"rendered":"https:\/\/www.moskito.cz\/produkt\/push-dagger-cold-steel-safe-maker-i\/"},"modified":"2025-06-27T22:25:30","modified_gmt":"2025-06-27T21:25:30","slug":"push-dagger-cold-steel-safe-maker-i","status":"publish","type":"product","link":"https:\/\/www.moskito.cz\/it\/produkt\/push-dagger-cold-steel-safe-maker-i\/","title":{"rendered":"Push Dagger Cold Steel SAFE MAKER I"},"content":{"rendered":"<p>Push Dagger <strong>Cold Steel<\/strong> SAFE MAKER I.<\/p>\n<p>Cold Steel produce coltelli a spinta da oltre un quarto di secolo. Nel corso degli anni, abbiamo costantemente perfezionato i nostri progetti, eliminando alcune funzionalit\u00e0 e migliorandone altre. Lavoriamo costantemente per produrre il miglior coltello a spinta al mondo. La nostra gamma Safe Maker rappresenta il culmine del nostro apprendimento, esperienza, test e sviluppo. Le lame, gli alberi e le clip a T sono lavorati da un unico pezzo solido di acciaio inossidabile giapponese AUS8A con finitura in pietra, quindi trattato termicamente sotto vuoto e indurito sotto zero per maggiore resistenza e prestazioni. L&#8217;impugnatura Kray-Ex modellata incapsula il giogo e parte dell&#8217;asta per maggiore comfort e sicurezza. Disponibile in due dimensioni; Ogni Safe Maker include una cintura\/fondina Secure-Ex robusta e facile da coprire.<\/p>\n<p>Lunghezza totale: 163 mm<br \/>\nSpessore lama: 5 mm<br \/>\nLa lama \u00e8 realizzata in acciaio AUS-8A<br \/>\nLunghezza lama: 115 mm<br \/>\nPeso: 96 g<br \/>\nmanico in materiale Kraton<br \/>\nla custodia \u00e8 inclusa<\/p>\n<p><strong>Cold Steel<\/strong> \u00e8 un&#8217;azienda impegnata nella produzione dei coltelli pi\u00f9 resistenti e affilati al mondo. Negli ultimi tre decenni, Cold Steel \u00e8 stata in prima linea in molte innovazioni che hanno contribuito a definire l&#8217;industria dei coltelli. I successi successivi, inclusa l&#8217;introduzione dei manici a quadri Kraton\u00ae e degli stili di lame a punta tanto, sono passati da caratteristiche curiose a marchi industriali di qualit\u00e0 e raffinatezza. La nuova direzione \u00e8 stata interrotta anche con l&#8217;introduzione di nuove lame in acciaio uniche come San Mai III\u00ae e Tri-Ad \u2122 Lock e meccanismo di bloccaggio per coltelli pieghevoli. Ad esempio, il Tri-Ad \u2122 Lock non \u00e8 mai stato eguagliato da nessuno dei concorrenti di Cold Steel e non \u00e8 stato dimostrato che superi in prestazioni qualsiasi cosa abbiano prodotto fino ad oggi. Naturalmente, Cold Steel guarder\u00e0 sempre al futuro e si impegner\u00e0 costantemente a produrre i coltelli pi\u00f9 resistenti e affilati al mondo. Questo obiettivo, altrettanto sfuggente e difficile da raggiungere, \u00e8 lo stesso da quarant\u2019anni. Cold Steel Inc. \u00e8 un&#8217;azienda focalizzata sulla produzione dei coltelli, delle spade, dei tomahawk, dei machete, delle posate e degli strumenti pi\u00f9 resistenti e affilati per il trasporto quotidiano: EDC. Rapidamente adottato dai militari, dalle forze speciali delle forze dell&#8217;ordine, dai soccorritori, dai professionisti dell&#8217;autodifesa e dai membri della comunit\u00e0 delle arti marziali, Cold Steel si \u00e8 rapidamente fatto un nome per qualit\u00e0, forza, affidabilit\u00e0 e affidabilit\u00e0 nel trasporto quotidiano (EDC) . La nostra gamma diversificata e variegata \u00e8 cresciuta rapidamente fino a includere non solo una vasta selezione di coltelli pieghevoli (dalle lame pi\u00f9 piccole &#8220;EDC&#8221; ai nostri iconici &#8220;mega-cartella&#8221; giganti) ma anche lame fisse, spade, sciabole, bastoni e alabarde, come oltre a provviste da caccia, lance, fucili, asce, machete, tomahawk e strumenti! Nel corso dei decenni, Cold Steel ha introdotto nuovi materiali e design pionieristici che hanno contribuito a plasmare il mondo dei coltelli, delle armi da taglio e degli strumenti moderni. Dall&#8217;introduzione delle impugnature a scacchi Kraton\u00ae e della lama Tanto &#8220;americanizzata&#8221;, all&#8217;inclusione di nuovi acciai per lame innovativi come San Mai III\u00ae e meccanismi di bloccaggio rivoluzionari (come il nostro Tri-Ad \u2122 Lock). Guardando al futuro, Cold Steel continua a portare sul mercato nuovi livelli di resistenza, sicurezza e prestazioni, fornendo prodotti comprovati su cui puoi fare affidamento, sempre e ovunque!<\/p>\n<p>Cold Steel produce coltelli a spinta da oltre un quarto di secolo. Nel corso degli anni abbiamo continuamente perfezionato i nostri design, scartando alcune caratteristiche e migliorandone altre. Costantemente impegnato a produrre il miglior coltello a spinta al mondo. La nostra serie Safe Maker rappresenta l&#8217;apice del nostro apprendimento, esperienza, test e sviluppo. Le lame, gli alberi e le linguette a forma di &#8220;T&#8221; sono ricavati da un unico pezzo solido di acciaio inossidabile giapponese AUS8A con finitura lavata in pietra, e successivamente trattati termicamente sotto vuoto e temprati a temperature inferiori allo zero per maggiore resistenza e prestazioni. Una maniglia Kray-Ex testurizzata incapsula il codolo e parte dell&#8217;asta per maggiore comfort e sicurezza. Disponibile in due dimensioni; ogni Safe Maker include una guaina per stivale\/cintura Secure-Ex robusta e facilmente occultabile.<br \/>\nPeso: 3,4 once Spessore lama: 5 mm Lunghezza lama: 4-1\/2&#8243; Acciaio lama: AUS8A giapponese con finitura stonewashed Lunghezza\/materiale impugnatura: 2&#8243; Kray-Ex\u00ae Lunghezza totale: 6-1\/2&#8243; Caratteristiche aggiuntive: Sicuro Tipo di coltello con fodero -Ex\u00ae: Intervallo di lunghezza lama fissa: 3-5 in acciaio Famiglia: AUS Forma lama: Punta a lancia<\/p>\n<p>&nbsp;<\/p>\n","protected":false},"excerpt":{"rendered":"<p>Cold Steel Safe Maker Spingo il pugnale o comunque il coltello da pugno con una lama di 114 mm con una guaina per il trasporto nascosto.<\/p>\n","protected":false},"featured_media":343658,"comment_status":"open","ping_status":"closed","template":"","meta":[],"pwb-brand":[3791],"product_brand":[],"product_cat":[3746,3745],"product_tag":[],"class_list":{"0":"post-343657","1":"product","2":"type-product","3":"status-publish","4":"has-post-thumbnail","6":"pwb-brand-acciaio-freddo","7":"product_cat-coltelli-solidi","8":"product_cat-coltelli","10":"first","11":"instock","12":"taxable","13":"shipping-taxable","14":"purchasable","15":"product-type-simple"},"brands":[{"id":3791,"name":"Acciaio freddo","slug":"acciaio-freddo"}],"_links":{"self":[{"href":"https:\/\/www.moskito.cz\/it\/wp-json\/wp\/v2\/product\/343657","targetHints":{"allow":["GET"]}}],"collection":[{"href":"https:\/\/www.moskito.cz\/it\/wp-json\/wp\/v2\/product"}],"about":[{"href":"https:\/\/www.moskito.cz\/it\/wp-json\/wp\/v2\/types\/product"}],"replies":[{"embeddable":true,"href":"https:\/\/www.moskito.cz\/it\/wp-json\/wp\/v2\/comments?post=343657"}],"wp:featuredmedia":[{"embeddable":true,"href":"https:\/\/www.moskito.cz\/it\/wp-json\/wp\/v2\/media\/343658"}],"wp:attachment":[{"href":"https:\/\/www.moskito.cz\/it\/wp-json\/wp\/v2\/media?parent=343657"}],"wp:term":[{"taxonomy":"pwb-brand","embeddable":true,"href":"https:\/\/www.moskito.cz\/it\/wp-json\/wp\/v2\/pwb-brand?post=343657"},{"taxonomy":"product_brand","embeddable":true,"href":"https:\/\/www.moskito.cz\/it\/wp-json\/wp\/v2\/product_brand?post=343657"},{"taxonomy":"product_cat","embeddable":true,"href":"https:\/\/www.moskito.cz\/it\/wp-json\/wp\/v2\/product_cat?post=343657"},{"taxonomy":"product_tag","embeddable":true,"href":"https:\/\/www.moskito.cz\/it\/wp-json\/wp\/v2\/product_tag?post=343657"}],"curies":[{"name":"wp","href":"https:\/\/api.w.org\/{rel}","templated":true}]}}