{"id":343674,"date":"2021-07-22T09:05:16","date_gmt":"2021-07-22T08:05:16","guid":{"rendered":"https:\/\/www.moskito.cz\/produkt\/coltello-chiudibile-cold-steel-grande-luzon\/"},"modified":"2024-06-12T10:37:35","modified_gmt":"2024-06-12T09:37:35","slug":"coltello-chiudibile-cold-steel-grande-luzon","status":"publish","type":"product","link":"https:\/\/www.moskito.cz\/it\/produkt\/coltello-chiudibile-cold-steel-grande-luzon\/","title":{"rendered":"Coltello chiudibile Cold Steel GRANDE LUZON"},"content":{"rendered":"<p>Coltello Chiudibile <strong>Cold Steel<\/strong> GRANDE LUZON.<\/p>\n<p>Ispirati da diversi balisong della collezione di Lynn ma funzionanti come un flipper, i Luzon sono un&#8217;alternativa politicamente corretta per coloro che non possono possedere legalmente i balisong. Composte da acciaio inossidabile 8Cr13MoV e sapientemente temprate a 57-58 Rockwell, le lame Luzon hanno punte affilate e resistenti con una lama sufficiente per essere ugualmente utili per tagliare e tritare. Una volta incontrate le maniglie ispirate al bamb\u00f9, sognerai le Filippine, caratterizzate da segmenti concavi che offrono una miriade di comode opzioni di presa. Le maniglie Luzons sono realizzate in Glass Nylon (GFN) e sono impermeabili a tutti gli elementi.<\/p>\n<p>Simpatici ed economici, e con il vento che aprono, i Luzon sono una scelta formidabile per coloro che cercano di ferire. Offrendo un livello di sicurezza ineguagliabile, sono dotati di una robusta molla di sicurezza a balestra e di un meccanismo di sicurezza secondario (brevettato) estremamente resistente agli urti quando attivato. Le tue dita saranno al sicuro anche nelle peggiori condizioni. Disponibile in due misure.<\/p>\n<p>Materiale lama: 8cr13mov<br \/>\nMateriale manico: GFN<br \/>\nLunghezza lama: 15,2 cm<br \/>\nLunghezza totale: 34 cm<br \/>\nLunghezza manico: 18,8 cm<br \/>\nSpessore lama: 3,5 mm<br \/>\nPeso: 263 g<br \/>\nTrattamento superficiale della lama: Satinato<\/p>\n<p>Cold Steel \u00e8 un&#8217;azienda impegnata nella produzione dei coltelli pi\u00f9 resistenti e affilati al mondo. Negli ultimi tre decenni, Cold Steel \u00e8 stata in prima linea in molte innovazioni che hanno contribuito a definire l&#8217;industria dei coltelli. I successi successivi, inclusa l&#8217;introduzione dei manici a quadri Kraton\u00ae e degli stili di lame a punta tanto, sono passati da caratteristiche curiose a marchi industriali di qualit\u00e0 e raffinatezza. La nuova direzione \u00e8 stata interrotta anche con l&#8217;introduzione di nuove lame in acciaio uniche come San Mai III\u00ae e Tri-Ad \u2122 Lock e meccanismo di bloccaggio per coltelli pieghevoli. Ad esempio, il Tri-Ad \u2122 Lock non \u00e8 mai stato eguagliato da nessuno dei concorrenti di Cold Steel e non \u00e8 stato dimostrato che superi in prestazioni qualsiasi cosa abbiano prodotto fino ad oggi. Naturalmente, Cold Steel guarder\u00e0 sempre al futuro e si impegner\u00e0 costantemente a produrre i coltelli pi\u00f9 resistenti e affilati al mondo. Questo obiettivo, altrettanto sfuggente e difficile da raggiungere, \u00e8 lo stesso da quarant\u2019anni. Cold Steel Inc. \u00e8 un&#8217;azienda focalizzata sulla produzione dei coltelli, delle spade, dei tomahawk, dei machete, delle posate e degli strumenti pi\u00f9 resistenti e affilati per il trasporto quotidiano: EDC. Rapidamente adottato dai militari, dalle forze speciali delle forze dell&#8217;ordine, dai soccorritori, dai professionisti dell&#8217;autodifesa e dai membri della comunit\u00e0 delle arti marziali, Cold Steel si \u00e8 rapidamente fatto un nome per qualit\u00e0, forza, affidabilit\u00e0 e affidabilit\u00e0 nel trasporto quotidiano (EDC) . La nostra gamma diversificata e variegata \u00e8 cresciuta rapidamente fino a includere non solo una vasta selezione di coltelli pieghevoli (dalle lame pi\u00f9 piccole &#8220;EDC&#8221; ai nostri iconici &#8220;mega-cartella&#8221; giganti) ma anche lame fisse, spade, sciabole, bastoni e alabarde, come oltre a provviste da caccia, lance, fucili, asce, machete, tomahawk e strumenti! Nel corso dei decenni, Cold Steel ha introdotto nuovi materiali e design pionieristici che hanno contribuito a plasmare il mondo dei coltelli, delle armi da taglio e degli strumenti moderni. Dall&#8217;introduzione delle impugnature a scacchi Kraton\u00ae e della lama Tanto &#8220;americanizzata&#8221;, all&#8217;inclusione di nuovi acciai per lame innovativi come San Mai III\u00ae e meccanismi di bloccaggio rivoluzionari (come il nostro Tri-Ad \u2122 Lock). Guardando al futuro, Cold Steel continua a portare sul mercato nuovi livelli di resistenza, sicurezza e prestazioni, fornendo prodotti comprovati su cui puoi fare affidamento, sempre e ovunque!<\/p>\n","protected":false},"excerpt":{"rendered":"<p><strong>Luzon (Large) di COLD STEEL \u00e8 un coltello pieghevole pi\u00f9 grande con una lama liscia. La forma della lama del coltello si ispira ai balisong filippini.<\/strong><\/p>\n","protected":false},"featured_media":343675,"comment_status":"open","ping_status":"closed","template":"","meta":[],"pwb-brand":[3791],"product_brand":[],"product_cat":[3749,3745],"product_tag":[],"class_list":{"0":"post-343674","1":"product","2":"type-product","3":"status-publish","4":"has-post-thumbnail","6":"pwb-brand-acciaio-freddo","7":"product_cat-coltelli-di-chiusura","8":"product_cat-coltelli","10":"first","11":"instock","12":"taxable","13":"shipping-taxable","14":"purchasable","15":"product-type-simple"},"brands":[{"id":3791,"name":"Acciaio freddo","slug":"acciaio-freddo"}],"_links":{"self":[{"href":"https:\/\/www.moskito.cz\/it\/wp-json\/wp\/v2\/product\/343674","targetHints":{"allow":["GET"]}}],"collection":[{"href":"https:\/\/www.moskito.cz\/it\/wp-json\/wp\/v2\/product"}],"about":[{"href":"https:\/\/www.moskito.cz\/it\/wp-json\/wp\/v2\/types\/product"}],"replies":[{"embeddable":true,"href":"https:\/\/www.moskito.cz\/it\/wp-json\/wp\/v2\/comments?post=343674"}],"wp:featuredmedia":[{"embeddable":true,"href":"https:\/\/www.moskito.cz\/it\/wp-json\/wp\/v2\/media\/343675"}],"wp:attachment":[{"href":"https:\/\/www.moskito.cz\/it\/wp-json\/wp\/v2\/media?parent=343674"}],"wp:term":[{"taxonomy":"pwb-brand","embeddable":true,"href":"https:\/\/www.moskito.cz\/it\/wp-json\/wp\/v2\/pwb-brand?post=343674"},{"taxonomy":"product_brand","embeddable":true,"href":"https:\/\/www.moskito.cz\/it\/wp-json\/wp\/v2\/product_brand?post=343674"},{"taxonomy":"product_cat","embeddable":true,"href":"https:\/\/www.moskito.cz\/it\/wp-json\/wp\/v2\/product_cat?post=343674"},{"taxonomy":"product_tag","embeddable":true,"href":"https:\/\/www.moskito.cz\/it\/wp-json\/wp\/v2\/product_tag?post=343674"}],"curies":[{"name":"wp","href":"https:\/\/api.w.org\/{rel}","templated":true}]}}