{"id":343688,"date":"2022-11-01T17:03:49","date_gmt":"2022-11-01T16:03:49","guid":{"rendered":"https:\/\/www.moskito.cz\/produkt\/coltello-fisso-cold-steel-outdoorsman-lite\/"},"modified":"2025-05-07T11:16:43","modified_gmt":"2025-05-07T10:16:43","slug":"coltello-fisso-cold-steel-outdoorsman-lite","status":"publish","type":"product","link":"https:\/\/www.moskito.cz\/it\/produkt\/coltello-fisso-cold-steel-outdoorsman-lite\/","title":{"rendered":"Coltello fisso Cold Steel Outdoorsman Lite"},"content":{"rendered":"<p>Coltello fisso <strong>Cold Steel<\/strong> Outdoorsman Lite.<\/p>\n<p>L&#8217;Outdoorsman Lite \u00e8 un coltello robusto con un filo liscio. La lama \u00e8 realizzata in acciaio inossidabile 4034. Questo acciaio inossidabile ha propriet\u00e0 paragonabili all&#8217;AUS 8A o 440C. Viene utilizzato principalmente nell&#8217;industria medica e farmaceutica e nella produzione di utensili da cucina. L&#8217;Outdoorsman Lite ha una maniglia bimateriale. La parte base del manico \u00e8 costituita da polipropilene ad alta resistenza, che conferisce al coltello la sua forma e eccellenti propriet\u00e0 di resistenza, e la superficie \u00e8 rivestita con un polimero sintetico morbido e flessibile denominato Kray-Ex, in modo che il manico non scivoli. Puoi pulirlo semplicemente con acqua e sapone. Il coltello viene fornito con un fodero Secure-Ex\u00ae.<\/p>\n<p>PARAMETRI DEL PRODOTTO<br \/>\nLunghezza lama: 152 mm<br \/>\nDimensioni complessive: 279 mm<br \/>\nColore: Nero\/Argento<br \/>\nSpessore lama: 3 mm<br \/>\nLunghezza impugnatura: 127 mm<br \/>\nMateriale del manico: polipropilene ad alto impatto e Kray-Ex\u2122<br \/>\nAcciaio: 4034SS<br \/>\nPeso: 182 g<\/p>\n<p>&nbsp;<\/p>\n","protected":false},"excerpt":{"rendered":"<p>Outdoorsman Lite di Cold Steel \u00e8 un coltello solido semplice ma molto efficace, progettato per l&#8217;esterno, il campeggio, la pesca o altre attivit\u00e0 all&#8217;aperto.<\/p>\n","protected":false},"featured_media":343689,"comment_status":"open","ping_status":"closed","template":"","meta":[],"pwb-brand":[3791],"product_brand":[],"product_cat":[3746,3745],"product_tag":[],"class_list":{"0":"post-343688","1":"product","2":"type-product","3":"status-publish","4":"has-post-thumbnail","6":"pwb-brand-acciaio-freddo","7":"product_cat-coltelli-solidi","8":"product_cat-coltelli","10":"first","11":"instock","12":"taxable","13":"shipping-taxable","14":"purchasable","15":"product-type-simple"},"brands":[{"id":3791,"name":"Acciaio freddo","slug":"acciaio-freddo"}],"_links":{"self":[{"href":"https:\/\/www.moskito.cz\/it\/wp-json\/wp\/v2\/product\/343688","targetHints":{"allow":["GET"]}}],"collection":[{"href":"https:\/\/www.moskito.cz\/it\/wp-json\/wp\/v2\/product"}],"about":[{"href":"https:\/\/www.moskito.cz\/it\/wp-json\/wp\/v2\/types\/product"}],"replies":[{"embeddable":true,"href":"https:\/\/www.moskito.cz\/it\/wp-json\/wp\/v2\/comments?post=343688"}],"wp:featuredmedia":[{"embeddable":true,"href":"https:\/\/www.moskito.cz\/it\/wp-json\/wp\/v2\/media\/343689"}],"wp:attachment":[{"href":"https:\/\/www.moskito.cz\/it\/wp-json\/wp\/v2\/media?parent=343688"}],"wp:term":[{"taxonomy":"pwb-brand","embeddable":true,"href":"https:\/\/www.moskito.cz\/it\/wp-json\/wp\/v2\/pwb-brand?post=343688"},{"taxonomy":"product_brand","embeddable":true,"href":"https:\/\/www.moskito.cz\/it\/wp-json\/wp\/v2\/product_brand?post=343688"},{"taxonomy":"product_cat","embeddable":true,"href":"https:\/\/www.moskito.cz\/it\/wp-json\/wp\/v2\/product_cat?post=343688"},{"taxonomy":"product_tag","embeddable":true,"href":"https:\/\/www.moskito.cz\/it\/wp-json\/wp\/v2\/product_tag?post=343688"}],"curies":[{"name":"wp","href":"https:\/\/api.w.org\/{rel}","templated":true}]}}