{"id":343702,"date":"2022-10-31T20:19:53","date_gmt":"2022-10-31T19:19:53","guid":{"rendered":"https:\/\/www.moskito.cz\/produkt\/coltello-solido-acciaio-freddo-mini-tac-tanto-seghettato-49htfs\/"},"modified":"2025-05-07T11:16:45","modified_gmt":"2025-05-07T10:16:45","slug":"coltello-solido-acciaio-freddo-mini-tac-tanto-seghettato-49htfs","status":"publish","type":"product","link":"https:\/\/www.moskito.cz\/it\/produkt\/coltello-solido-acciaio-freddo-mini-tac-tanto-seghettato-49htfs\/","title":{"rendered":"Coltello Solido Acciaio Freddo MINI TAC TANTO (SEGHETTATO) 49HTFS"},"content":{"rendered":"<p>Coltello Solido Acciaio Freddo MINI TAC TANTO (SEGHETTATO) 49HTFS.<\/p>\n<p>I coltelli Mini Tac Neck di Cold Steel sono cos\u00ec sottili e leggeri che possono essere trasportati comodamente praticamente 24 ore al giorno! Con i loro resistenti foderi Secure Ex, appositamente progettati per tenere bene il coltello consentendo un&#8217;estrazione rapida, possono fungere anche da pratica lama da campeggio o da utilit\u00e0, coltello da trasporto quotidiano o strumento di salvataggio. Ogni Mini Tac \u00e8 dotato di impugnature Griv-Ex testurizzate sottili e di alta qualit\u00e0. Questa caratteristica consente loro di giacere piatti e vicini al corpo pur fornendo una superficie di presa positiva. Se combinati con l&#8217;elsa integrale, questi pesi danno alle dita un incredibile presa e consentono una presa straordinariamente sicura che resiste al rotolamento o alla torsione.<\/p>\n<p>PARAMETRI DEL PRODOTTO<br \/>\n Materiale dell&#8217;impugnatura: Griv-Ex\u2122 lungo in stile G-10<br \/>\n Lunghezza lama: 95 mm<br \/>\n Peso: 76,54 g<br \/>\n Acciaio: acciaio inossidabile giapponese AUS 8A<br \/>\n Dimensioni complessive: 171 mm<br \/>\n Materiale della guaina: guaina per il collo Secure-Ex\u00ae con cordino a catena di perline<br \/>\n Colore: Nero<br \/>\n Lunghezza impugnatura: 76,2 mm<br \/>\n Spessore lama: 2,5 mm<\/p>\n","protected":false},"excerpt":{"rendered":"<p>I coltelli Mini Tac Neck di Cold Steel sono cos\u00ec sottili e leggeri che possono essere trasportati comodamente praticamente 24 ore al giorno!<\/p>\n","protected":false},"featured_media":343703,"comment_status":"open","ping_status":"closed","template":"","meta":[],"pwb-brand":[3791],"product_brand":[],"product_cat":[3746,3745],"product_tag":[],"class_list":{"0":"post-343702","1":"product","2":"type-product","3":"status-publish","4":"has-post-thumbnail","6":"pwb-brand-acciaio-freddo","7":"product_cat-coltelli-solidi","8":"product_cat-coltelli","10":"first","11":"instock","12":"taxable","13":"shipping-taxable","14":"purchasable","15":"product-type-simple"},"brands":[{"id":3791,"name":"Acciaio freddo","slug":"acciaio-freddo"}],"_links":{"self":[{"href":"https:\/\/www.moskito.cz\/it\/wp-json\/wp\/v2\/product\/343702","targetHints":{"allow":["GET"]}}],"collection":[{"href":"https:\/\/www.moskito.cz\/it\/wp-json\/wp\/v2\/product"}],"about":[{"href":"https:\/\/www.moskito.cz\/it\/wp-json\/wp\/v2\/types\/product"}],"replies":[{"embeddable":true,"href":"https:\/\/www.moskito.cz\/it\/wp-json\/wp\/v2\/comments?post=343702"}],"wp:featuredmedia":[{"embeddable":true,"href":"https:\/\/www.moskito.cz\/it\/wp-json\/wp\/v2\/media\/343703"}],"wp:attachment":[{"href":"https:\/\/www.moskito.cz\/it\/wp-json\/wp\/v2\/media?parent=343702"}],"wp:term":[{"taxonomy":"pwb-brand","embeddable":true,"href":"https:\/\/www.moskito.cz\/it\/wp-json\/wp\/v2\/pwb-brand?post=343702"},{"taxonomy":"product_brand","embeddable":true,"href":"https:\/\/www.moskito.cz\/it\/wp-json\/wp\/v2\/product_brand?post=343702"},{"taxonomy":"product_cat","embeddable":true,"href":"https:\/\/www.moskito.cz\/it\/wp-json\/wp\/v2\/product_cat?post=343702"},{"taxonomy":"product_tag","embeddable":true,"href":"https:\/\/www.moskito.cz\/it\/wp-json\/wp\/v2\/product_tag?post=343702"}],"curies":[{"name":"wp","href":"https:\/\/api.w.org\/{rel}","templated":true}]}}