{"id":343721,"date":"2021-07-21T18:46:39","date_gmt":"2024-06-12T11:07:38","guid":{"rendered":"https:\/\/www.moskito.cz\/produkt\/pugnale-da-spinta-cold-steel-chaos-push-knife\/"},"modified":"2025-05-07T11:16:47","modified_gmt":"2025-05-07T10:16:47","slug":"pugnale-da-spinta-cold-steel-chaos-push-knife","status":"publish","type":"product","link":"https:\/\/www.moskito.cz\/it\/produkt\/pugnale-da-spinta-cold-steel-chaos-push-knife\/","title":{"rendered":"Pugnale da spinta Cold Steel CHAOS PUSH KNIFE"},"content":{"rendered":"<p>Pugnale da spinta <strong>Cold Steel<\/strong> CHAOS PUSH KNIFE.<\/p>\n<p>Infine, il coltello D-guard progettato da zero per prosperare negli ambienti militari e delle operazioni speciali pi\u00f9 esigenti. Realizzato con un&#8217;ampia lama a doppio taglio potenziata per essere affilata come un rasoio, taglia, squarcia e spinge come una motosega sotto steroidi. Ma \u00e8 l&#8217;impugnatura D-guard a renderlo davvero unico, offrendo una protezione senza precedenti per la mano e le dita. L&#8217;impugnatura \u00e8 in Griv-Ex\u2122 stampato ad iniezione con stampi Kray-Ex\u2122 di precisione per comfort e resistenza agli urti. Consente colpi percussivi multidirezionali con due frantoi a cranio rimovibili. Il fodero Secure-Ex\u00ae \u00e8 altamente funzionale ed \u00e8 dotato di passante per cintura in Cordura per poter portare sempre con te il coltello Chaos Push.<\/p>\n<p>Acciaio: SK-5 ad alto tenore di carbonio<br \/>\nLunghezza lama: 127 mm<br \/>\nLunghezza lama: 203 mm<br \/>\nLunghezza impugnatura: 76 mm<br \/>\nSpessore lama: 5 mm<br \/>\nTelaio di protezione della maniglia in alluminio 6061 ad alta resistenza<br \/>\nPunte rimovibili in acciaio inossidabile su entrambe le estremit\u00e0 del manico<br \/>\nNella confezione \u00e8 inclusa una guaina Secure-Ex in una combinazione di nylon e polimero<\/p>\n<p><strong>Cold Steel<\/strong> \u00e8 un&#8217;azienda impegnata nella produzione dei coltelli pi\u00f9 resistenti e affilati al mondo. Negli ultimi tre decenni, Cold Steel \u00e8 stata in prima linea in molte innovazioni che hanno contribuito a definire l&#8217;industria dei coltelli. I successi successivi, inclusa l&#8217;introduzione dei manici a quadri Kraton\u00ae e degli stili di lame a punta tanto, sono passati da caratteristiche curiose a marchi industriali di qualit\u00e0 e raffinatezza. La nuova direzione \u00e8 stata interrotta anche con l&#8217;introduzione di nuove lame in acciaio uniche come San Mai III\u00ae e Tri-Ad \u2122 Lock e meccanismo di bloccaggio per coltelli pieghevoli. Ad esempio, il Tri-Ad \u2122 Lock non \u00e8 mai stato eguagliato da nessuno dei concorrenti di Cold Steel e non \u00e8 stato dimostrato che superi in prestazioni qualsiasi cosa abbiano prodotto fino ad oggi. Naturalmente, Cold Steel guarder\u00e0 sempre al futuro e si impegner\u00e0 costantemente a produrre i coltelli pi\u00f9 resistenti e affilati al mondo. Questo obiettivo, altrettanto sfuggente e difficile da raggiungere, \u00e8 lo stesso da quarant\u2019anni. Cold Steel Inc. \u00e8 un&#8217;azienda focalizzata sulla produzione dei coltelli, delle spade, dei tomahawk, dei machete, delle posate e degli strumenti pi\u00f9 resistenti e affilati per il trasporto quotidiano: EDC. Rapidamente adottato dai militari, dalle forze speciali delle forze dell&#8217;ordine, dai soccorritori, dai professionisti dell&#8217;autodifesa e dai membri della comunit\u00e0 delle arti marziali, Cold Steel si \u00e8 rapidamente fatto un nome per qualit\u00e0, forza, affidabilit\u00e0 e affidabilit\u00e0 nel trasporto quotidiano (EDC) . La nostra gamma diversificata e variegata \u00e8 cresciuta rapidamente fino a includere non solo una vasta selezione di coltelli pieghevoli (dalle lame pi\u00f9 piccole &#8220;EDC&#8221; ai nostri iconici &#8220;mega-cartella&#8221; giganti) ma anche lame fisse, spade, sciabole, bastoni e alabarde, come oltre a provviste da caccia, lance, fucili, asce, machete, tomahawk e strumenti! Nel corso dei decenni, Cold Steel ha introdotto nuovi materiali e design pionieristici che hanno contribuito a plasmare il mondo dei coltelli, delle armi da taglio e degli strumenti moderni. Dall&#8217;introduzione delle impugnature a scacchi Kraton\u00ae e della lama Tanto &#8220;americanizzata&#8221;, all&#8217;inclusione di nuovi acciai per lame innovativi come San Mai III\u00ae e meccanismi di bloccaggio rivoluzionari (come il nostro Tri-Ad \u2122 Lock). Guardando al futuro, Cold Steel continua a portare sul mercato nuovi livelli di resistenza, sicurezza e prestazioni, fornendo prodotti comprovati su cui puoi fare affidamento, sempre e ovunque!<\/p>\n<p>Infine, un coltello a spinta D-guard progettato da zero per prosperare negli ambienti militari e delle operazioni speciali pi\u00f9 difficili. Realizzato con un&#8217;ampia lama a doppio taglio, affilata come un rasoio, taglia, taglia e spinge come una motosega sotto steroidi. Ma \u00e8 l&#8217;impugnatura D-guard che lo rende davvero unico in quanto offre una protezione senza precedenti per la mano e le dita. L&#8217;impugnatura \u00e8 stampata ad iniezione in Griv-Ex\u2122 con sovrastampi Kray-Ex\u2122 per comfort e resistenza agli urti. Consente colpi di percussione multidirezionali grazie ai suoi doppi pomelli frantoio per cranio, che sono rimovibili. Il fodero Secure-Ex\u00ae \u00e8 altamente funzionale e viene fornito con un passante per cintura in Cordura, cos\u00ec il Chaos Push Knife pu\u00f2 essere portato sempre al tuo fianco.<br \/>\nPeso: 5 once Tipo di coltello: Fisso Famiglia di prodotti: Chaos Steel Famiglia: Acciai ad alto tenore di carbonio<\/p>\n<p>&nbsp;<\/p>\n","protected":false},"excerpt":{"rendered":"<p>Il Chaos Push Knife \u00e8 un coltello solido con una lama liscia. Il coltello \u00e8 dominato da un paramano a &#8220;D&#8221; in alluminio 6061 ad alta resistenza.<\/p>\n","protected":false},"featured_media":343722,"comment_status":"open","ping_status":"closed","template":"","meta":[],"pwb-brand":[3791],"product_brand":[],"product_cat":[3745,3746],"product_tag":[],"class_list":{"0":"post-343721","1":"product","2":"type-product","3":"status-publish","4":"has-post-thumbnail","6":"pwb-brand-acciaio-freddo","7":"product_cat-coltelli","8":"product_cat-coltelli-solidi","10":"first","11":"instock","12":"taxable","13":"shipping-taxable","14":"purchasable","15":"product-type-simple"},"brands":[{"id":3791,"name":"Acciaio freddo","slug":"acciaio-freddo"}],"_links":{"self":[{"href":"https:\/\/www.moskito.cz\/it\/wp-json\/wp\/v2\/product\/343721","targetHints":{"allow":["GET"]}}],"collection":[{"href":"https:\/\/www.moskito.cz\/it\/wp-json\/wp\/v2\/product"}],"about":[{"href":"https:\/\/www.moskito.cz\/it\/wp-json\/wp\/v2\/types\/product"}],"replies":[{"embeddable":true,"href":"https:\/\/www.moskito.cz\/it\/wp-json\/wp\/v2\/comments?post=343721"}],"wp:featuredmedia":[{"embeddable":true,"href":"https:\/\/www.moskito.cz\/it\/wp-json\/wp\/v2\/media\/343722"}],"wp:attachment":[{"href":"https:\/\/www.moskito.cz\/it\/wp-json\/wp\/v2\/media?parent=343721"}],"wp:term":[{"taxonomy":"pwb-brand","embeddable":true,"href":"https:\/\/www.moskito.cz\/it\/wp-json\/wp\/v2\/pwb-brand?post=343721"},{"taxonomy":"product_brand","embeddable":true,"href":"https:\/\/www.moskito.cz\/it\/wp-json\/wp\/v2\/product_brand?post=343721"},{"taxonomy":"product_cat","embeddable":true,"href":"https:\/\/www.moskito.cz\/it\/wp-json\/wp\/v2\/product_cat?post=343721"},{"taxonomy":"product_tag","embeddable":true,"href":"https:\/\/www.moskito.cz\/it\/wp-json\/wp\/v2\/product_tag?post=343721"}],"curies":[{"name":"wp","href":"https:\/\/api.w.org\/{rel}","templated":true}]}}