{"id":343782,"date":"2022-09-27T21:07:10","date_gmt":"2024-06-12T11:25:15","guid":{"rendered":"https:\/\/www.moskito.cz\/produkt\/coltello-fisso-crkt-halfachance-k920kkp\/"},"modified":"2025-05-07T11:16:49","modified_gmt":"2025-05-07T10:16:49","slug":"coltello-fisso-crkt-halfachance-k920kkp","status":"publish","type":"product","link":"https:\/\/www.moskito.cz\/it\/produkt\/coltello-fisso-crkt-halfachance-k920kkp\/","title":{"rendered":"Coltello Fisso CRKT HALFACHANCE K920KKP"},"content":{"rendered":"<p>Coltello Fisso <strong>CRKT<\/strong> HALFACHANCE K920KKP.<\/p>\n<p>Con una lama di dimensioni generose, una comoda impugnatura e un fodero in nylon rinforzato, \u00e8 un paraang di sopravvivenza da utilizzare quando sei la tua squadra di soccorso.<\/p>\n<p>Halfachance\u2122 \u00e8 un&#8217;enorme e solida lama da parang da sopravvivenza progettata dal pluripremiato produttore di coltelli personalizzati Ken Onion di Kaneohe, HI, per essere durevole, resistente e funzionare come un bue. La robusta lama in acciaio al carbonio ha un rivestimento a polvere nera che \u00e8 durevole in ambienti estremi. Costruito per un uso intensivo, guadagna facilmente un vantaggio sul terreno una volta che sei riuscito a uscire dalle profondit\u00e0 della giungla.<\/p>\n<p>Met\u00e0 della battaglia in ogni situazione di sopravvivenza \u00e8 con il tuo esaurimento fisico. Per evitare ci\u00f2, la maniglia stampata a doppia iniezione \u00e8 progettata ergonomicamente per ridurre l&#8217;affaticamento della mano e dispone di pi\u00f9 fori per la corda per diverse opzioni di presa. Il risultato \u00e8 uno slicing pi\u00f9 efficiente quando \u00e8 necessario tagliare il proprio percorso. Letteralmente.<\/p>\n<p>Questo parang \u00e8 dotato di un fodero in nylon rinforzato con un esclusivo sistema di passanti in velcro che pu\u00f2 essere cambiato tra due posizioni: appeso o attaccato alla cintura. Un ulteriore ciondolo in paracord si attacca al fodero per le emergenze o per legare questa coppia a un pacco, un camion o un mulo.<\/p>\n<p>Prendi la lama che ti porter\u00e0 a casa sano e salvo, anche se hai solo Halfachance\u2122 per sopravvivere.<\/p>\n<p>SPECIFICHE<br \/>\nLunghezza lama 14,00&#8243; (355,60 mm)<br \/>\nLama Lama liscia<br \/>\nLama in acciaio al carbonio 65Mn<br \/>\nTrattamento superficiale della lama con verniciatura a polvere<br \/>\nSpessore lama 0,10&#8243; (2,54 mm)<br \/>\nLunghezza totale 19,50&#8243; (495,30 mm)<br \/>\nPeso 0,58 kg (1,28 libbre)<br \/>\nManico in nylon rinforzato con fibra di vetro con rivestimento in gomma<br \/>\nStyle Coltello a lama fissa con fodero<br \/>\nMateriale della calotta Nylon intrecciato<br \/>\nPeso del guscio 6,10 once (172,93 g)<\/p>\n<p><iframe title=\"CRKT Halfachance Parang | by Ken Onion\" width=\"800\" height=\"450\" src=\"https:\/\/www.youtube.com\/embed\/chsRGpztVDQ?feature=oembed\" frameborder=\"0\" allow=\"accelerometer; autoplay; clipboard-write; encrypted-media; gyroscope; picture-in-picture; web-share\" referrerpolicy=\"strict-origin-when-cross-origin\" allowfullscreen><\/iframe><\/p>\n<p>&nbsp;<\/p>\n<p>&nbsp;<\/p>\n","protected":false},"excerpt":{"rendered":"<p>Progettato da Ken Onion a Kaneohe, Hawaii.<\/p>\n","protected":false},"featured_media":343783,"comment_status":"open","ping_status":"closed","template":"","meta":[],"pwb-brand":[3763],"product_brand":[],"product_cat":[3745,3746],"product_tag":[3755],"class_list":{"0":"post-343782","1":"product","2":"type-product","3":"status-publish","4":"has-post-thumbnail","6":"pwb-brand-crkt-it","7":"product_cat-coltelli","8":"product_cat-coltelli-solidi","9":"product_tag-b2b-it","11":"first","12":"outofstock","13":"taxable","14":"shipping-taxable","15":"purchasable","16":"product-type-simple"},"brands":[{"id":3763,"name":"CRKT","slug":"crkt-it"}],"_links":{"self":[{"href":"https:\/\/www.moskito.cz\/it\/wp-json\/wp\/v2\/product\/343782","targetHints":{"allow":["GET"]}}],"collection":[{"href":"https:\/\/www.moskito.cz\/it\/wp-json\/wp\/v2\/product"}],"about":[{"href":"https:\/\/www.moskito.cz\/it\/wp-json\/wp\/v2\/types\/product"}],"replies":[{"embeddable":true,"href":"https:\/\/www.moskito.cz\/it\/wp-json\/wp\/v2\/comments?post=343782"}],"wp:featuredmedia":[{"embeddable":true,"href":"https:\/\/www.moskito.cz\/it\/wp-json\/wp\/v2\/media\/343783"}],"wp:attachment":[{"href":"https:\/\/www.moskito.cz\/it\/wp-json\/wp\/v2\/media?parent=343782"}],"wp:term":[{"taxonomy":"pwb-brand","embeddable":true,"href":"https:\/\/www.moskito.cz\/it\/wp-json\/wp\/v2\/pwb-brand?post=343782"},{"taxonomy":"product_brand","embeddable":true,"href":"https:\/\/www.moskito.cz\/it\/wp-json\/wp\/v2\/product_brand?post=343782"},{"taxonomy":"product_cat","embeddable":true,"href":"https:\/\/www.moskito.cz\/it\/wp-json\/wp\/v2\/product_cat?post=343782"},{"taxonomy":"product_tag","embeddable":true,"href":"https:\/\/www.moskito.cz\/it\/wp-json\/wp\/v2\/product_tag?post=343782"}],"curies":[{"name":"wp","href":"https:\/\/api.w.org\/{rel}","templated":true}]}}