{"id":343818,"date":"2023-03-25T12:55:11","date_gmt":"2023-03-25T11:55:11","guid":{"rendered":"https:\/\/www.moskito.cz\/produkt\/coltello-chiudibile-cold-steel-sr1-lite\/"},"modified":"2025-05-07T11:16:50","modified_gmt":"2025-05-07T10:16:50","slug":"coltello-chiudibile-cold-steel-sr1-lite","status":"publish","type":"product","link":"https:\/\/www.moskito.cz\/it\/produkt\/coltello-chiudibile-cold-steel-sr1-lite\/","title":{"rendered":"Coltello chiudibile Cold Steel SR1 LITE"},"content":{"rendered":"<p>Coltello chiudibile <strong>Cold Steel<\/strong> SR1 LITE<\/p>\n<p>Anche se non significativamente pi\u00f9 leggero, il nostro SR1 Lite \u00e8 innegabilmente pi\u00f9 leggero nel portafoglio! Costruito per imitare il suo fratello maggiore in ogni aspetto, tranne che sostituendo l&#8217;impugnatura G-10 con un&#8217;impugnatura Griv-Ex\u2122 e utilizzando la pi\u00f9 economica lama in acciaio 8Cr14MoV. \u00c8 ancora estremamente nitido e pronto per i compiti pi\u00f9 difficili o le avventure pi\u00f9 grandi.<\/p>\n<p>Descrizione:<br \/>\nMateriale lama: 8cr13mov<br \/>\nMateriale manico: Griv-Ex<br \/>\nSicurezza:: Blocco Tri-Ad<br \/>\nLunghezza lama: 10,2 cm<br \/>\nLunghezza totale: 23,8 cm<br \/>\nLunghezza del coltello piegato:: 13,7 cm<br \/>\nSpessore lama: 4,8 mm<br \/>\nPeso: 179 g<br \/>\nTipo di lama:: Punto di clip<\/p>\n","protected":false},"excerpt":{"rendered":"<p><strong>L&#8217;SR1 Lite \u00e8 una variante pi\u00f9 economica del popolare SR1.<\/strong><\/p>\n","protected":false},"featured_media":343820,"comment_status":"open","ping_status":"closed","template":"","meta":[],"pwb-brand":[3791],"product_brand":[],"product_cat":[3749,3745],"product_tag":[3755],"class_list":{"0":"post-343818","1":"product","2":"type-product","3":"status-publish","4":"has-post-thumbnail","6":"pwb-brand-acciaio-freddo","7":"product_cat-coltelli-di-chiusura","8":"product_cat-coltelli","9":"product_tag-b2b-it","11":"first","12":"instock","13":"taxable","14":"shipping-taxable","15":"purchasable","16":"product-type-simple"},"brands":[{"id":3791,"name":"Acciaio freddo","slug":"acciaio-freddo"}],"_links":{"self":[{"href":"https:\/\/www.moskito.cz\/it\/wp-json\/wp\/v2\/product\/343818","targetHints":{"allow":["GET"]}}],"collection":[{"href":"https:\/\/www.moskito.cz\/it\/wp-json\/wp\/v2\/product"}],"about":[{"href":"https:\/\/www.moskito.cz\/it\/wp-json\/wp\/v2\/types\/product"}],"replies":[{"embeddable":true,"href":"https:\/\/www.moskito.cz\/it\/wp-json\/wp\/v2\/comments?post=343818"}],"wp:featuredmedia":[{"embeddable":true,"href":"https:\/\/www.moskito.cz\/it\/wp-json\/wp\/v2\/media\/343820"}],"wp:attachment":[{"href":"https:\/\/www.moskito.cz\/it\/wp-json\/wp\/v2\/media?parent=343818"}],"wp:term":[{"taxonomy":"pwb-brand","embeddable":true,"href":"https:\/\/www.moskito.cz\/it\/wp-json\/wp\/v2\/pwb-brand?post=343818"},{"taxonomy":"product_brand","embeddable":true,"href":"https:\/\/www.moskito.cz\/it\/wp-json\/wp\/v2\/product_brand?post=343818"},{"taxonomy":"product_cat","embeddable":true,"href":"https:\/\/www.moskito.cz\/it\/wp-json\/wp\/v2\/product_cat?post=343818"},{"taxonomy":"product_tag","embeddable":true,"href":"https:\/\/www.moskito.cz\/it\/wp-json\/wp\/v2\/product_tag?post=343818"}],"curies":[{"name":"wp","href":"https:\/\/api.w.org\/{rel}","templated":true}]}}