{"id":343827,"date":"2022-11-03T22:05:11","date_gmt":"2022-11-03T21:05:11","guid":{"rendered":"https:\/\/www.moskito.cz\/produkt\/coltello-chiudibile-cold-steel-sr1-tanto-point\/"},"modified":"2025-05-07T11:16:51","modified_gmt":"2025-05-07T10:16:51","slug":"coltello-chiudibile-cold-steel-sr1-tanto-point","status":"publish","type":"product","link":"https:\/\/www.moskito.cz\/it\/produkt\/coltello-chiudibile-cold-steel-sr1-tanto-point\/","title":{"rendered":"Coltello Chiudibile Cold Steel SR1 TANTO POINT"},"content":{"rendered":"<p>Coltello Chiudibile <strong>Cold Steel<\/strong> SR1 TANTO POINT.<\/p>\n<p>Il Cold Steel SRK (Survival Rescue Knife) \u00e8 il fiore all&#8217;occhiello della nostra gamma da oltre 25 anni. Il coltello preferito da molti nell&#8217;esercito, rimane fino ad oggi la lama fissa standard per i Navy SEAL nell&#8217;addestramento BUDS. Quando abbiamo chiesto al produttore di coltelli personalizzati Andrew Demko di sviluppare un coltello pieghevole tattico di alta gamma per uso militare, si \u00e8 ispirato al nostro SRK! L&#8217;SR1 presenta lo stile minimalista caratteristico di Andrew, senza fronzoli o fronzoli, solo un design puramente funzionale e pratico. La SR1 e la nuova SR1 Tanto sono costruite per il lavoro. Entrambi sono realizzati in acciaio in polvere americano CPM-S35VN di prima qualit\u00e0 e sono cavalli da lavoro ad alte prestazioni progettati per gli ambienti pi\u00f9 difficili e spietati. Una buona lama ha bisogno di una buona impugnatura, quindi l&#8217;impugnatura SR1 \u00e8 realizzata in G-10 di alta qualit\u00e0 con inserti in acciaio trattato termicamente. Con una superficie ruvida per una presa sicura anche in condizioni fredde e umide e sapientemente sagomata per una presa comoda e sicura anche con guanti pesanti. Per maggiore affidabilit\u00e0 e tranquillit\u00e0, abbiamo dotato l&#8217;SR1 del nostro meccanismo di bloccaggio Tri-Ad, collaudato nel tempo per resistere ai peggiori abusi, con una resistenza agli urti e agli urti senza rivali, rendendo questo coltello la scelta ideale per una lama da sopravvivenza.<\/p>\n<p>PARAMETRI DEL PRODOTTO<br \/>\nSpessore lama: 4,8 mm<br \/>\nMateriale manico: lungo OD Green G11<br \/>\nDimensioni complessive: 238 mm<br \/>\nTipo di blocco: Tri-Ad Lock<br \/>\nPeso: 204 g<br \/>\nColore: verde\/argento<br \/>\nAcciaio: CPM-S35VN<br \/>\nLunghezza lama: 101 mm<br \/>\nMateriale della fondina: tasca ambidestra\/clip da cintura<br \/>\nLunghezza impugnatura: 137 mm<\/p>\n","protected":false},"excerpt":{"rendered":"<p><strong>SR1 Tanto di COLD STEEL \u00e8 un coltello chiudibile con lama liscia.<\/strong><\/p>\n","protected":false},"featured_media":343828,"comment_status":"open","ping_status":"closed","template":"","meta":[],"pwb-brand":[3791],"product_brand":[],"product_cat":[3749,3745],"product_tag":[3755],"class_list":{"0":"post-343827","1":"product","2":"type-product","3":"status-publish","4":"has-post-thumbnail","6":"pwb-brand-acciaio-freddo","7":"product_cat-coltelli-di-chiusura","8":"product_cat-coltelli","9":"product_tag-b2b-it","11":"first","12":"instock","13":"taxable","14":"shipping-taxable","15":"purchasable","16":"product-type-simple"},"brands":[{"id":3791,"name":"Acciaio freddo","slug":"acciaio-freddo"}],"_links":{"self":[{"href":"https:\/\/www.moskito.cz\/it\/wp-json\/wp\/v2\/product\/343827","targetHints":{"allow":["GET"]}}],"collection":[{"href":"https:\/\/www.moskito.cz\/it\/wp-json\/wp\/v2\/product"}],"about":[{"href":"https:\/\/www.moskito.cz\/it\/wp-json\/wp\/v2\/types\/product"}],"replies":[{"embeddable":true,"href":"https:\/\/www.moskito.cz\/it\/wp-json\/wp\/v2\/comments?post=343827"}],"wp:featuredmedia":[{"embeddable":true,"href":"https:\/\/www.moskito.cz\/it\/wp-json\/wp\/v2\/media\/343828"}],"wp:attachment":[{"href":"https:\/\/www.moskito.cz\/it\/wp-json\/wp\/v2\/media?parent=343827"}],"wp:term":[{"taxonomy":"pwb-brand","embeddable":true,"href":"https:\/\/www.moskito.cz\/it\/wp-json\/wp\/v2\/pwb-brand?post=343827"},{"taxonomy":"product_brand","embeddable":true,"href":"https:\/\/www.moskito.cz\/it\/wp-json\/wp\/v2\/product_brand?post=343827"},{"taxonomy":"product_cat","embeddable":true,"href":"https:\/\/www.moskito.cz\/it\/wp-json\/wp\/v2\/product_cat?post=343827"},{"taxonomy":"product_tag","embeddable":true,"href":"https:\/\/www.moskito.cz\/it\/wp-json\/wp\/v2\/product_tag?post=343827"}],"curies":[{"name":"wp","href":"https:\/\/api.w.org\/{rel}","templated":true}]}}