{"id":343862,"date":"2022-04-20T21:12:36","date_gmt":"2022-04-20T20:12:36","guid":{"rendered":"https:\/\/www.moskito.cz\/produkt\/pugnale-da-spinta-cold-steel-bordo-urban-doppio-bordo-seghettato\/"},"modified":"2024-06-12T12:34:57","modified_gmt":"2024-06-12T11:34:57","slug":"pugnale-da-spinta-cold-steel-bordo-urban-doppio-bordo-seghettato","status":"publish","type":"product","link":"https:\/\/www.moskito.cz\/it\/produkt\/pugnale-da-spinta-cold-steel-bordo-urban-doppio-bordo-seghettato\/","title":{"rendered":"Pugnale da spinta Cold Steel BORDO URBAN DOPPIO BORDO SEGHETTATO"},"content":{"rendered":"<p>Pugnale da spinta <strong>Cold Steel<\/strong> BORDO URBAN DOPPIO BORDO SEGHETTATO.<\/p>\n<p>Il nostro Urban Edge \u00e8 uno strumento quotidiano sorprendentemente versatile e utile. La sua presa sicura consente all&#8217;utente di aprire la mano pur avendo il pieno controllo del coltello. Molti dipendenti di Cold Steel li usano regolarmente: aprono scatole, si fermano a firmare per le consegne o digitano su computer o tablet, il tutto senza che il coltello si allontani dalle loro mani! Abbastanza leggero da poter essere indossato come cordino o appeso a un portachiavi, ma ha comunque una potenza di taglio sufficiente per gestire compiti che metterebbero alla prova anche alcuni coltelli pi\u00f9 grandi; L&#8217;Urban Edge \u00e8 anche un formidabile strumento di autodifesa di ultima istanza.<\/p>\n<p>PARAMETRI DEL PRODOTTO<br \/>\nMateriale manico: Kray-Ex\u2122 lungo<br \/>\nLunghezza lama: 63,5 mm<br \/>\nColore: Nero\/Argento<br \/>\nAcciaio: acciaio inossidabile giapponese AUS 8A<br \/>\nLunghezza impugnatura: 38,1 mm<br \/>\nDimensioni complessive: 101 mm<br \/>\nPeso: 53,86 g<br \/>\nSpessore lama: 3 mm<br \/>\nMateriale della guaina: Guaina Secure-Ex\u00ae<\/p>\n<p>Il nostro Urban Edge \u00e8 uno strumento di utilit\u00e0 quotidiana sorprendentemente versatile e utile. La sua presa sicura consente all&#8217;utente di aprire la mano pur avendo il pieno controllo del coltello. Molti dipendenti di Cold Steel li usano regolarmente: aprono scatole, si fermano per firmare per le consegne o digitano su computer o tablet, il tutto senza che il coltello si allontani mai dalla loro mano. Abbastanza leggero da essere indossato come coltello da collo o appeso a un portachiavi, ma! ha ancora abbastanza potenza di taglio per gestire compiti che metterebbero alla prova anche alcuni coltelli pi\u00f9 grandi; l&#8217;Urban Edge \u00e8 anche un formidabile strumento di autodifesa di ultima istanza.<br \/>\nPeso: 1,9 once Spessore lama: 3 mm Lunghezza lama: 2-1\/2&#8243; Acciaio lama: acciaio inossidabile AUS8A giapponese Lunghezza\/materiale impugnatura: Kray-Ex\u2122 1-1\/2&#8243; Caratteristiche aggiuntive: Secure-Ex\u00ae Tipo di coltello con fodero: Fisso Intervallo di lunghezza della lama: 1-3 in acciaio Famiglia: AUS Forma della lama: punta di lancia Famiglia di prodotti: Urban Edge<\/p>\n","protected":false},"excerpt":{"rendered":"<p>L&#8217;Urban Edge Double Serrated Edge di COLD STEEL \u00e8 un pugnale con un bordo seghettato su entrambi i lati. Urban Edge \u00e8 un pugnale per l&#8217;EDC e la sopravvivenza quotidiana nella giungla urbana. \u00c8 eccellente da portare nascosto o da appendere al collo.<\/p>\n","protected":false},"featured_media":343863,"comment_status":"open","ping_status":"closed","template":"","meta":[],"pwb-brand":[3791],"product_brand":[],"product_cat":[3746,3745],"product_tag":[],"class_list":{"0":"post-343862","1":"product","2":"type-product","3":"status-publish","4":"has-post-thumbnail","6":"pwb-brand-acciaio-freddo","7":"product_cat-coltelli-solidi","8":"product_cat-coltelli","10":"first","11":"instock","12":"taxable","13":"shipping-taxable","14":"purchasable","15":"product-type-simple"},"brands":[{"id":3791,"name":"Acciaio freddo","slug":"acciaio-freddo"}],"_links":{"self":[{"href":"https:\/\/www.moskito.cz\/it\/wp-json\/wp\/v2\/product\/343862","targetHints":{"allow":["GET"]}}],"collection":[{"href":"https:\/\/www.moskito.cz\/it\/wp-json\/wp\/v2\/product"}],"about":[{"href":"https:\/\/www.moskito.cz\/it\/wp-json\/wp\/v2\/types\/product"}],"replies":[{"embeddable":true,"href":"https:\/\/www.moskito.cz\/it\/wp-json\/wp\/v2\/comments?post=343862"}],"wp:featuredmedia":[{"embeddable":true,"href":"https:\/\/www.moskito.cz\/it\/wp-json\/wp\/v2\/media\/343863"}],"wp:attachment":[{"href":"https:\/\/www.moskito.cz\/it\/wp-json\/wp\/v2\/media?parent=343862"}],"wp:term":[{"taxonomy":"pwb-brand","embeddable":true,"href":"https:\/\/www.moskito.cz\/it\/wp-json\/wp\/v2\/pwb-brand?post=343862"},{"taxonomy":"product_brand","embeddable":true,"href":"https:\/\/www.moskito.cz\/it\/wp-json\/wp\/v2\/product_brand?post=343862"},{"taxonomy":"product_cat","embeddable":true,"href":"https:\/\/www.moskito.cz\/it\/wp-json\/wp\/v2\/product_cat?post=343862"},{"taxonomy":"product_tag","embeddable":true,"href":"https:\/\/www.moskito.cz\/it\/wp-json\/wp\/v2\/product_tag?post=343862"}],"curies":[{"name":"wp","href":"https:\/\/api.w.org\/{rel}","templated":true}]}}