{"id":343882,"date":"2020-04-30T10:20:11","date_gmt":"2024-06-12T11:50:04","guid":{"rendered":"https:\/\/www.moskito.cz\/produkt\/coltello-fisso-cold-steel-true-flight-thrower-cs80tftc\/"},"modified":"2025-07-11T07:51:16","modified_gmt":"2025-07-11T06:51:16","slug":"coltello-fisso-cold-steel-true-flight-thrower-cs80tftc","status":"publish","type":"product","link":"https:\/\/www.moskito.cz\/it\/produkt\/coltello-fisso-cold-steel-true-flight-thrower-cs80tftc\/","title":{"rendered":"Coltello Fisso Cold Steel True Flight Thrower CS80TFTC"},"content":{"rendered":"<p>Coltello Fisso Cold Steel True Flight Thrower CS80TFTC.<\/p>\n<p>L&#8217;azienda americana Cold Steel \u00e8 originaria di Ventura, California. Il marchio \u00e8 stato fondato nel 1980 con l&#8217;obiettivo di produrre i coltelli pi\u00f9 resistenti e affilati al mondo. Negli ultimi tre decenni, Cold Steel \u00e8 stata in prima linea in molte innovazioni che hanno contribuito a definire il coltello commerciale nel suo insieme. Il produttore mantiene un&#8217;elevata qualit\u00e0 di lavorazione e lavora costantemente per raggiungere il suo obiettivo di offrire i coltelli pi\u00f9 resistenti e affilati al mondo. Una vasta gamma di coltelli tattici o da caccia garantisce un&#8217;ampia base di utenti e fan fedeli<\/p>\n<p>Lunghezza totale: 30,5 cm<br \/>\n Lunghezza lama: 17 cm<br \/>\n Acciaio: carbonio 1055<br \/>\n Manico: avvolto con paracord<\/p>\n<p>&nbsp;<\/p>\n","protected":false},"excerpt":{"rendered":"<p>Coltello fisso con fodero.<\/p>\n","protected":false},"featured_media":168015,"comment_status":"open","ping_status":"closed","template":"","meta":[],"pwb-brand":[3791],"product_brand":[],"product_cat":[3746,3745],"product_tag":[],"class_list":{"0":"post-343882","1":"product","2":"type-product","3":"status-publish","4":"has-post-thumbnail","6":"pwb-brand-acciaio-freddo","7":"product_cat-coltelli-solidi","8":"product_cat-coltelli","10":"first","11":"instock","12":"taxable","13":"shipping-taxable","14":"purchasable","15":"product-type-simple"},"brands":[{"id":3791,"name":"Acciaio freddo","slug":"acciaio-freddo"}],"_links":{"self":[{"href":"https:\/\/www.moskito.cz\/it\/wp-json\/wp\/v2\/product\/343882","targetHints":{"allow":["GET"]}}],"collection":[{"href":"https:\/\/www.moskito.cz\/it\/wp-json\/wp\/v2\/product"}],"about":[{"href":"https:\/\/www.moskito.cz\/it\/wp-json\/wp\/v2\/types\/product"}],"replies":[{"embeddable":true,"href":"https:\/\/www.moskito.cz\/it\/wp-json\/wp\/v2\/comments?post=343882"}],"wp:featuredmedia":[{"embeddable":true,"href":"https:\/\/www.moskito.cz\/it\/wp-json\/wp\/v2\/media\/168015"}],"wp:attachment":[{"href":"https:\/\/www.moskito.cz\/it\/wp-json\/wp\/v2\/media?parent=343882"}],"wp:term":[{"taxonomy":"pwb-brand","embeddable":true,"href":"https:\/\/www.moskito.cz\/it\/wp-json\/wp\/v2\/pwb-brand?post=343882"},{"taxonomy":"product_brand","embeddable":true,"href":"https:\/\/www.moskito.cz\/it\/wp-json\/wp\/v2\/product_brand?post=343882"},{"taxonomy":"product_cat","embeddable":true,"href":"https:\/\/www.moskito.cz\/it\/wp-json\/wp\/v2\/product_cat?post=343882"},{"taxonomy":"product_tag","embeddable":true,"href":"https:\/\/www.moskito.cz\/it\/wp-json\/wp\/v2\/product_tag?post=343882"}],"curies":[{"name":"wp","href":"https:\/\/api.w.org\/{rel}","templated":true}]}}