{"id":343914,"date":"2022-04-17T22:02:03","date_gmt":"2024-06-12T12:06:03","guid":{"rendered":"https:\/\/www.moskito.cz\/produkt\/coltello-chiudibile-cold-steel-silver-eye-elite-spear-point\/"},"modified":"2025-05-07T11:16:55","modified_gmt":"2025-05-07T10:16:55","slug":"coltello-chiudibile-cold-steel-silver-eye-elite-spear-point","status":"publish","type":"product","link":"https:\/\/www.moskito.cz\/it\/produkt\/coltello-chiudibile-cold-steel-silver-eye-elite-spear-point\/","title":{"rendered":"Coltello chiudibile Cold Steel SILVER EYE ELITE SPEAR POINT"},"content":{"rendered":"<p>Coltello <strong>chiudibile Cold Steel<\/strong> SILVER EYE ELITE SPEAR POINT.<\/p>\n<p>Il Silver Eye \u00e8 una scelta eccellente se stai cercando un coltello di lusso per il trasporto quotidiano (EDC). La lama del coltello \u00e8 realizzata in acciaio inossidabile CPM S35VN. La lama \u00e8 inoltre dotata di un&#8217;innovativa aletta di apertura brevettata HTR\u2122 progettata da Andrew Demko. Questa aletta sagomata consente una presa sicura sulla lama e una corretta distribuzione della pressione del pollice durante l&#8217;apertura ed \u00e8 adatta sia per utenti destrimani che mancini. L&#8217;aspetto lussuoso del coltello \u00e8 dato dall&#8217;occhiello &#8220;argentato&#8221; sul sistema di apertura e dalla clip &#8220;dorata&#8221; lucida. Un ottimo coltello da usare in chiesa, ad un matrimonio o ovunque sia necessario un coltello con grande eleganza e lucentezza. \ud83d\ude42 L&#8217;eccezionale acciaio americano non solo \u00e8 molto rigido e durevole, ma pu\u00f2 essere utilizzato per ottenere un&#8217;eccellente affilatura del coltello e la lama ha una lunga durata. L&#8217;acciaio in polvere a grana molto fine con una microstruttura uniforme offre propriet\u00e0 molto stabili. \u00c8 durevole anche con una sfaccettatura della lama molto fine, affidabile, altamente resistente alla corrosione. \u00c8 una buona scelta per coltelli e strumenti personalizzati di alta qualit\u00e0. Il processo CPM (pseudo-metallurgia delle polveri) garantisce una struttura dell&#8217;acciaio molto omogenea e di alta qualit\u00e0, stabilit\u00e0 dimensionale, buona levigabilit\u00e0 e resistenza rispetto agli acciai prodotti con metodi convenzionali classici. Nonostante il minor contenuto di cromo, questo acciaio mostra ottimi risultati nel campo della resistenza alla corrosione. La maniglia \u00e8 realizzata in fibra di carbonio lucidata, che \u00e8 molto leggera, ma allo stesso tempo sufficientemente resistente e durevole. Golden Eye \u00e8 dotato dell&#8217;esclusivo brevetto Cold Steel\u00ae Tri-Ad Lock\u2122. Il blocco impedisce la chiusura automatica o involontaria del coltello anche dopo la naturale usura del tempo.<\/p>\n<p>Lunghezza impugnatura: 124 mm<br \/>\nPeso: 113 g<br \/>\nAcciaio: acciaio S35VN<br \/>\nLunghezza lama: 89 mm<br \/>\nDimensioni complessive: 213 mm<br \/>\nMateriale manico: manico lungo in fibra di carbonio<br \/>\nSpessore lama: 3,5 mm<br \/>\nColore nero<br \/>\nTipo di fusibile: Tri-Ad Lock<br \/>\nClip antigoccia in acciaio<\/p>\n<p>&nbsp;<\/p>\n<p>&nbsp;<\/p>\n","protected":false},"excerpt":{"rendered":"<p>Il Golden Silver Elite \u00e8 un coltello pieghevole dal design lussuoso che \u00e8 adatto come accessorio per un abito sociale o un codice di abbigliamento da lavoro.<\/p>\n","protected":false},"featured_media":343915,"comment_status":"open","ping_status":"closed","template":"","meta":[],"pwb-brand":[3791],"product_brand":[],"product_cat":[3745,3749],"product_tag":[],"class_list":{"0":"post-343914","1":"product","2":"type-product","3":"status-publish","4":"has-post-thumbnail","6":"pwb-brand-acciaio-freddo","7":"product_cat-coltelli","8":"product_cat-coltelli-di-chiusura","10":"first","11":"instock","12":"taxable","13":"shipping-taxable","14":"purchasable","15":"product-type-simple"},"brands":[{"id":3791,"name":"Acciaio freddo","slug":"acciaio-freddo"}],"_links":{"self":[{"href":"https:\/\/www.moskito.cz\/it\/wp-json\/wp\/v2\/product\/343914","targetHints":{"allow":["GET"]}}],"collection":[{"href":"https:\/\/www.moskito.cz\/it\/wp-json\/wp\/v2\/product"}],"about":[{"href":"https:\/\/www.moskito.cz\/it\/wp-json\/wp\/v2\/types\/product"}],"replies":[{"embeddable":true,"href":"https:\/\/www.moskito.cz\/it\/wp-json\/wp\/v2\/comments?post=343914"}],"wp:featuredmedia":[{"embeddable":true,"href":"https:\/\/www.moskito.cz\/it\/wp-json\/wp\/v2\/media\/343915"}],"wp:attachment":[{"href":"https:\/\/www.moskito.cz\/it\/wp-json\/wp\/v2\/media?parent=343914"}],"wp:term":[{"taxonomy":"pwb-brand","embeddable":true,"href":"https:\/\/www.moskito.cz\/it\/wp-json\/wp\/v2\/pwb-brand?post=343914"},{"taxonomy":"product_brand","embeddable":true,"href":"https:\/\/www.moskito.cz\/it\/wp-json\/wp\/v2\/product_brand?post=343914"},{"taxonomy":"product_cat","embeddable":true,"href":"https:\/\/www.moskito.cz\/it\/wp-json\/wp\/v2\/product_cat?post=343914"},{"taxonomy":"product_tag","embeddable":true,"href":"https:\/\/www.moskito.cz\/it\/wp-json\/wp\/v2\/product_tag?post=343914"}],"curies":[{"name":"wp","href":"https:\/\/api.w.org\/{rel}","templated":true}]}}