{"id":343991,"date":"2021-10-14T14:08:38","date_gmt":"2021-10-14T13:08:38","guid":{"rendered":"https:\/\/www.moskito.cz\/produkt\/coltello-solid-sog-seal-pup-elite-nero\/"},"modified":"2024-06-12T13:47:57","modified_gmt":"2024-06-12T12:47:57","slug":"coltello-solid-sog-seal-pup-elite-nero","status":"publish","type":"product","link":"https:\/\/www.moskito.cz\/it\/produkt\/coltello-solid-sog-seal-pup-elite-nero\/","title":{"rendered":"Coltello Solid SOG SEAL Pup Elite Nero"},"content":{"rendered":"<p>La nostra storia inizia in Vietnam, dove i membri della forza operativa speciale top secret americana, nota come MACV ( <strong>SOG<\/strong> ), trasportavano un coltello segreto unico nella giungla in missioni segrete. Alcuni anni dopo, nel 1986, questo coltello ispir\u00f2 un giovane designer di nome Spencer Frazer a fondare <strong>SOG<\/strong> Specialty Knives. La sua missione: riprodurre il coltello <strong>SOG<\/strong> Bowie originale e rendere omaggio all&#8217;unit\u00e0 operativa speciale che lo ha creato. Ci\u00f2 che era iniziato come un unico modello commemorativo divenne presto un&#8217;intera linea di strumenti innovativi, testati dalle forze speciali statunitensi e premiati persino come il coltello preferito dai Navy SEAL. Oggi i coltelli SOG vengono indossati con sicurezza nelle situazioni pi\u00f9 impegnative. Forgiati dalla tradizione, temprati sul campo, limati per voi.<\/p>\n<p>Che tu stia proteggendo gli altri o guidando un&#8217;epica spedizione di caccia, affrontando una delle sfide quotidiane della vita o affrontando le condizioni pi\u00f9 estreme, fatti strada con <strong>SOG<\/strong> .<\/p>\n<p>Coltello Solid <strong>SOG<\/strong> SEAL Pup Elite Nero.<\/p>\n<p>Lama fissa tattica compatta, spessa e resistente con manico in nylon rinforzato con vetro. Disponibile con fodero in nylon compatibile MOLLE.<\/p>\n<p>Non tutti i coltelli da sopravvivenza devono essere di grandi dimensioni, e questo coltello di medie dimensioni porta con s\u00e9 molte delle fantastiche funzionalit\u00e0 che ci aspettiamo e su cui facciamo affidamento da SOG. La caratteristica migliore di questo coltello \u00e8 la longevit\u00e0 della sua affilatura. So che anche se uso questo coltello per alcune attivit\u00e0 quotidiane, sar\u00e0 comunque affilato se dovessi usarlo in caso di emergenza.<\/p>\n<p>Lunghezza totale: 24 cm<br \/>\nPeso del prodotto: 5,40 once<br \/>\nLunghezza lama: 12,5 cm<br \/>\nLinea di prodotti: Seal Pup Elite<br \/>\nTiNi nero con custodia rigida<br \/>\nTipo di bordo: parzialmente seghettato<br \/>\nTipo di lama in acciaio: AUS-8<br \/>\nMateriale manico: Nylon rinforzato con vetro<br \/>\nColore manico: Nero<br \/>\nDurezza: RC 57-58<br \/>\nCustodia inclusa: s\u00ec<br \/>\nColore cassa: nero<\/p>\n<p>Lama fissa tattica compatta, spessa e resistente con raspa per colonna vertebrale e manico in nylon rinforzato con fibra di vetro. Disponibile con fodero in nylon compatibile MOLLE.<\/p>\n<p>&#8220;Non tutti i coltelli da sopravvivenza devono essere di grandi dimensioni, e questo coltello di medie dimensioni presenta molte delle belle caratteristiche che ci aspettiamo e su cui facciamo affidamento in un SOG. La caratteristica migliore di questo coltello \u00e8 la longevit\u00e0 della sua affilatura. So che anche se uso questo coltello per alcune attivit\u00e0 quotidiane, sar\u00e0 comunque affilato se dovessi usarlo in caso di emergenza.&#8221;<\/p>\n<p>Lunghezza totale<br \/>\n9,5&#8243;<br \/>\nPeso del prodotto<br \/>\n5,40 once<br \/>\nLunghezza della lama<br \/>\n4,85&#8243;<br \/>\nSpessore della lama<br \/>\n0,19&#8243;<br \/>\nFamiglia di prodotti<br \/>\nCuccioli di foca Elite<br \/>\nTipologia di prodotto<br \/>\nLama fissa<br \/>\nPaese di origine<br \/>\nTaiwan<br \/>\nForo per cordino<br \/>\nS\u00cc<br \/>\nMateriale del cordino<br \/>\nNylon<br \/>\nIncidibile<br \/>\nS\u00cc<br \/>\nFine<br \/>\nTiNi nero con custodia rigida<br \/>\nTipo di bordo<br \/>\nParzialmente seghettato<br \/>\nTipo lama in acciaio<br \/>\nAUS-8<br \/>\nForma della lama<br \/>\nPunto di ritaglio<br \/>\nTipo di colonna vertebrale<br \/>\nRaspa<br \/>\nGestire il materiale<br \/>\nNylon rinforzato con vetro<br \/>\nColore maniglia<br \/>\nNero<br \/>\nDurezza<br \/>\nRC. 57-58<br \/>\nFodero Incluso<br \/>\nS\u00cc<br \/>\nColore guaina<br \/>\nNero<\/p>\n<p>&nbsp;<\/p>\n","protected":false},"excerpt":{"rendered":"<div class=\"elementor-element elementor-element-bbb542b elementor-widget elementor-widget-woocommerce-product-short-description\" data-id=\"bbb542b\" data-element_type=\"widget\" data-widget_type=\"woocommerce-product-short-description.default\">\n<div class=\"elementor-widget-container\">\n<div class=\"woocommerce-product-details__short-description\">\n<div class=\"elementor-element elementor-element-bbb542b elementor-widget elementor-widget-woocommerce-product-short-description\" data-id=\"bbb542b\" data-element_type=\"widget\" data-widget_type=\"woocommerce-product-short-description.default\">\n<div class=\"elementor-widget-container\">\n<div class=\"woocommerce-product-details__short-description\">\n<p>Che tu stia proteggendo gli altri o guidando un&#8217;epica spedizione di caccia, affrontando una delle sfide quotidiane della vita o affrontando le condizioni pi\u00f9 estreme, fatti strada con <strong>SOG<\/strong> .<\/p>\n<p><strong>Diamo una garanzia a vita su tutti i coltelli SOG!<\/strong><\/p>\n<\/div>\n<\/div>\n<\/div>\n<\/div>\n<\/div>\n<\/div>\n","protected":false},"featured_media":343995,"comment_status":"open","ping_status":"closed","template":"","meta":[],"pwb-brand":[3850],"product_brand":[],"product_cat":[3746,3745],"product_tag":[3755],"class_list":{"0":"post-343991","1":"product","2":"type-product","3":"status-publish","4":"has-post-thumbnail","6":"pwb-brand-sog-it","7":"product_cat-coltelli-solidi","8":"product_cat-coltelli","9":"product_tag-b2b-it","11":"first","12":"instock","13":"taxable","14":"shipping-taxable","15":"purchasable","16":"product-type-simple"},"brands":[{"id":3850,"name":"SOG","slug":"sog-it"}],"_links":{"self":[{"href":"https:\/\/www.moskito.cz\/it\/wp-json\/wp\/v2\/product\/343991","targetHints":{"allow":["GET"]}}],"collection":[{"href":"https:\/\/www.moskito.cz\/it\/wp-json\/wp\/v2\/product"}],"about":[{"href":"https:\/\/www.moskito.cz\/it\/wp-json\/wp\/v2\/types\/product"}],"replies":[{"embeddable":true,"href":"https:\/\/www.moskito.cz\/it\/wp-json\/wp\/v2\/comments?post=343991"}],"wp:featuredmedia":[{"embeddable":true,"href":"https:\/\/www.moskito.cz\/it\/wp-json\/wp\/v2\/media\/343995"}],"wp:attachment":[{"href":"https:\/\/www.moskito.cz\/it\/wp-json\/wp\/v2\/media?parent=343991"}],"wp:term":[{"taxonomy":"pwb-brand","embeddable":true,"href":"https:\/\/www.moskito.cz\/it\/wp-json\/wp\/v2\/pwb-brand?post=343991"},{"taxonomy":"product_brand","embeddable":true,"href":"https:\/\/www.moskito.cz\/it\/wp-json\/wp\/v2\/product_brand?post=343991"},{"taxonomy":"product_cat","embeddable":true,"href":"https:\/\/www.moskito.cz\/it\/wp-json\/wp\/v2\/product_cat?post=343991"},{"taxonomy":"product_tag","embeddable":true,"href":"https:\/\/www.moskito.cz\/it\/wp-json\/wp\/v2\/product_tag?post=343991"}],"curies":[{"name":"wp","href":"https:\/\/api.w.org\/{rel}","templated":true}]}}