{"id":344023,"date":"2022-11-21T22:11:24","date_gmt":"2024-06-12T12:52:18","guid":{"rendered":"https:\/\/www.moskito.cz\/produkt\/coltello-solido-sog-recondo-fx-fde-bordo-dritto\/"},"modified":"2026-02-15T05:44:17","modified_gmt":"2026-02-15T04:44:17","slug":"coltello-solido-sog-recondo-fx-fde-bordo-dritto","status":"publish","type":"product","link":"https:\/\/www.moskito.cz\/it\/produkt\/coltello-solido-sog-recondo-fx-fde-bordo-dritto\/","title":{"rendered":"Coltello Solido SOG RECONDO FX FDE BORDO DRITTO"},"content":{"rendered":"<p>Coltello Solido <strong>SOG<\/strong> RECONDO FX FDE BORDO DRITTO.<\/p>\n<p>L&#8217;impugnatura sagomata gommata consente una presa ottimale in tutte le posizioni. La lama in acciaio inossidabile CRYO 440C ha un&#8217;eccellente resistenza alla corrosione e all&#8217;usura. La custodia SOG compatibile con UMS \u00e8 reversibile e offre molteplici opzioni di montaggio.<\/p>\n<p>TANTA CAPACE QUANTO DIFFICILE<\/p>\n<p>Recondo \u00e8 progettato principalmente per i professionisti in uniforme di tutto il mondo. \u00c8 leggero, \u00e8 piatto e non sar\u00e0 d&#8217;intralcio quando \u00e8 saldamente attaccato alla tua attrezzatura.<\/p>\n<p>CRIO 440C<\/p>\n<p>La lama in acciaio inossidabile CRYO 440C ha un&#8217;eccellente resistenza alla corrosione e all&#8217;usura. Attraversa quasi tutto il manico.<\/p>\n<p>CUSTODIA COMPATIBILE CON UMS<\/p>\n<p>La custodia offre molteplici opzioni di montaggio e offre un sistema di regolazione dell&#8217;impugnatura senza attrezzi. La vestibilit\u00e0 aderente consente una trazione perfetta. La custodia \u00e8 adatta per entrambi i lati.<\/p>\n<p>IMPUGNATURA GOMMATA<\/p>\n<p>L&#8217;impugnatura gommata sagomata consente una presa ottimale in tutte le impugnature, anche se i palmi delle mani sono sporchi.<\/p>\n<p>PESO: 149 g<br \/>\nMATERIALE MANICO: 30% GRN \/ TPU<br \/>\nSPESSORE LAMA: 4 mm<br \/>\nTIPO DI ASSICURAZIONE: UMS<br \/>\nLUNGHEZZA LAMA: 117 mm<br \/>\nDIMENSIONE GLOBALE: 244 mm<br \/>\nColore nero<br \/>\nMATERIALE DELLA CASSA: Polipropilene<br \/>\nACCIAIO: CRYO 440C<\/p>\n","protected":false},"excerpt":{"rendered":"<p>Recondo FX \u00e8 un moderno coltellino militare a lama fissa. Leggero, piatto e preparato per il tuo attacco Molle.<\/p>\n","protected":false},"featured_media":344024,"comment_status":"open","ping_status":"closed","template":"","meta":[],"pwb-brand":[3850],"product_brand":[],"product_cat":[3745,3746],"product_tag":[3755],"class_list":{"0":"post-344023","1":"product","2":"type-product","3":"status-publish","4":"has-post-thumbnail","6":"pwb-brand-sog-it","7":"product_cat-coltelli","8":"product_cat-coltelli-solidi","9":"product_tag-b2b-it","11":"first","12":"instock","13":"taxable","14":"shipping-taxable","15":"purchasable","16":"product-type-simple"},"brands":[{"id":3850,"name":"SOG","slug":"sog-it"}],"_links":{"self":[{"href":"https:\/\/www.moskito.cz\/it\/wp-json\/wp\/v2\/product\/344023","targetHints":{"allow":["GET"]}}],"collection":[{"href":"https:\/\/www.moskito.cz\/it\/wp-json\/wp\/v2\/product"}],"about":[{"href":"https:\/\/www.moskito.cz\/it\/wp-json\/wp\/v2\/types\/product"}],"replies":[{"embeddable":true,"href":"https:\/\/www.moskito.cz\/it\/wp-json\/wp\/v2\/comments?post=344023"}],"wp:featuredmedia":[{"embeddable":true,"href":"https:\/\/www.moskito.cz\/it\/wp-json\/wp\/v2\/media\/344024"}],"wp:attachment":[{"href":"https:\/\/www.moskito.cz\/it\/wp-json\/wp\/v2\/media?parent=344023"}],"wp:term":[{"taxonomy":"pwb-brand","embeddable":true,"href":"https:\/\/www.moskito.cz\/it\/wp-json\/wp\/v2\/pwb-brand?post=344023"},{"taxonomy":"product_brand","embeddable":true,"href":"https:\/\/www.moskito.cz\/it\/wp-json\/wp\/v2\/product_brand?post=344023"},{"taxonomy":"product_cat","embeddable":true,"href":"https:\/\/www.moskito.cz\/it\/wp-json\/wp\/v2\/product_cat?post=344023"},{"taxonomy":"product_tag","embeddable":true,"href":"https:\/\/www.moskito.cz\/it\/wp-json\/wp\/v2\/product_tag?post=344023"}],"curies":[{"name":"wp","href":"https:\/\/api.w.org\/{rel}","templated":true}]}}