{"id":344257,"date":"2022-11-23T22:42:43","date_gmt":"2024-06-13T13:04:35","guid":{"rendered":"https:\/\/www.moskito.cz\/produkt\/coltello-solido-sog-aegis-fx-indigo-acid-yellow\/"},"modified":"2025-05-07T11:17:05","modified_gmt":"2025-05-07T10:17:05","slug":"coltello-solido-sog-aegis-fx-indigo-acid-yellow","status":"publish","type":"product","link":"https:\/\/www.moskito.cz\/it\/produkt\/coltello-solido-sog-aegis-fx-indigo-acid-yellow\/","title":{"rendered":"Coltello solido SOG AEGIS FX INDIGO &amp; ACID YELLOW"},"content":{"rendered":"<p>Coltello solido <strong>SOG<\/strong> AEGIS FX INDIGO &amp; ACID YELLOW.<\/p>\n<p>L&#8217;impugnatura sagomata gommata consente una presa ottimale in tutte le posizioni. La lama in acciaio inossidabile CRYO 440C ha un&#8217;eccellente resistenza alla corrosione e all&#8217;usura. La custodia SOG compatibile con UMS \u00e8 reversibile e offre molteplici opzioni di montaggio.<\/p>\n<p>TANTA CAPACE QUANTO DIFFICILE<\/p>\n<p>Recondo \u00e8 progettato principalmente per i professionisti in uniforme di tutto il mondo. \u00c8 leggero, \u00e8 piatto e non sar\u00e0 d&#8217;intralcio quando \u00e8 saldamente attaccato alla tua attrezzatura.<\/p>\n<p>CRIO 440C<\/p>\n<p>La lama in acciaio inossidabile CRYO 440C ha un&#8217;eccellente resistenza alla corrosione e all&#8217;usura. Attraversa quasi tutto il manico.<\/p>\n<p>CUSTODIA COMPATIBILE CON UMS<\/p>\n<p>La custodia offre molteplici opzioni di montaggio e offre un sistema di regolazione dell&#8217;impugnatura senza attrezzi. La vestibilit\u00e0 aderente consente una trazione perfetta. La custodia \u00e8 adatta per entrambi i lati.<\/p>\n<p>IMPUGNATURA GOMMATA<\/p>\n<p>L&#8217;impugnatura gommata sagomata consente una presa ottimale in tutte le impugnature, anche se i palmi delle mani sono sporchi.<\/p>\n<p>TIPO DI ASSICURAZIONE: N\/A<br \/>\nDIMENSIONE GLOBALE: 223 mm<br \/>\nSPESSORE LAMA: 3,6 mm<br \/>\nLUNGHEZZA LAMA: 93 mm<br \/>\nCOLORE: Argento<br \/>\nPESO: 139 g<br \/>\nACCIAIO: CRYO KRUPP 4116<br \/>\nMATERIALE MANICO: 30% GRN \/ TPU<br \/>\nMATERIALE CASSA: GRN<\/p>\n<p>&nbsp;<\/p>\n","protected":false},"excerpt":{"rendered":"<p>Aegis FX \u00e8 un coltello da outdoor con lama solida e filo liscio. Un coltello molto affidabile grazie al design fulltang per tutti gli avventurieri.<\/p>\n","protected":false},"featured_media":344258,"comment_status":"open","ping_status":"closed","template":"","meta":[],"pwb-brand":[3850],"product_brand":[],"product_cat":[3745,3746],"product_tag":[3755],"class_list":{"0":"post-344257","1":"product","2":"type-product","3":"status-publish","4":"has-post-thumbnail","6":"pwb-brand-sog-it","7":"product_cat-coltelli","8":"product_cat-coltelli-solidi","9":"product_tag-b2b-it","11":"first","12":"instock","13":"taxable","14":"shipping-taxable","15":"purchasable","16":"product-type-simple"},"brands":[{"id":3850,"name":"SOG","slug":"sog-it"}],"_links":{"self":[{"href":"https:\/\/www.moskito.cz\/it\/wp-json\/wp\/v2\/product\/344257","targetHints":{"allow":["GET"]}}],"collection":[{"href":"https:\/\/www.moskito.cz\/it\/wp-json\/wp\/v2\/product"}],"about":[{"href":"https:\/\/www.moskito.cz\/it\/wp-json\/wp\/v2\/types\/product"}],"replies":[{"embeddable":true,"href":"https:\/\/www.moskito.cz\/it\/wp-json\/wp\/v2\/comments?post=344257"}],"wp:featuredmedia":[{"embeddable":true,"href":"https:\/\/www.moskito.cz\/it\/wp-json\/wp\/v2\/media\/344258"}],"wp:attachment":[{"href":"https:\/\/www.moskito.cz\/it\/wp-json\/wp\/v2\/media?parent=344257"}],"wp:term":[{"taxonomy":"pwb-brand","embeddable":true,"href":"https:\/\/www.moskito.cz\/it\/wp-json\/wp\/v2\/pwb-brand?post=344257"},{"taxonomy":"product_brand","embeddable":true,"href":"https:\/\/www.moskito.cz\/it\/wp-json\/wp\/v2\/product_brand?post=344257"},{"taxonomy":"product_cat","embeddable":true,"href":"https:\/\/www.moskito.cz\/it\/wp-json\/wp\/v2\/product_cat?post=344257"},{"taxonomy":"product_tag","embeddable":true,"href":"https:\/\/www.moskito.cz\/it\/wp-json\/wp\/v2\/product_tag?post=344257"}],"curies":[{"name":"wp","href":"https:\/\/api.w.org\/{rel}","templated":true}]}}