{"id":344463,"date":"2024-06-14T09:51:53","date_gmt":"2024-06-14T08:55:10","guid":{"rendered":"https:\/\/www.moskito.cz\/produkt\/lancio-di-cold-steel-templar-x\/"},"modified":"2025-05-07T11:17:13","modified_gmt":"2025-05-07T10:17:13","slug":"lancio-di-cold-steel-templar-x","status":"publish","type":"product","link":"https:\/\/www.moskito.cz\/it\/produkt\/lancio-di-cold-steel-templar-x\/","title":{"rendered":"Lancio di Cold Steel TEMPLAR X"},"content":{"rendered":"<p>Lancio di <strong>Cold Steel<\/strong> TEMPLAR X.<\/p>\n<p><strong>Il Cold Steel Templar<\/strong> \u00e8 uno strumento da lancio specializzato realizzato per lo sport moderno o il lancio da competizione. Progettato dalla lama personalizzata Dave Baker, il Templare si ispira all&#8217;antica ascia da lancio storica conosciuta come Hurlbat. Realizzato in un unico pezzo di robusto acciaio al carbonio temprato a molla, il Templar \u00e8 divertente da lanciare e facile da usare. In termini di potenziale di &#8220;afferramento&#8221;, \u00e8 la cosa migliore dopo uno shuriken o una stella cadente, che atterra con un &#8220;thunk&#8221; soddisfacente pi\u00f9 e pi\u00f9 volte! Con una testa in stile ascia, punta superiore e posteriore e manico con punta smussata, colpisce forte a quasi tutte le distanze e ruota, e il bilanciamento pesante della testa consente lanci pi\u00f9 lunghi.<\/p>\n<p>Peso: 16,9 once<\/p>\n<p>Spessore lama: 0,5 cm<\/p>\n<p>Lame in acciaio: 1065 ad alto contenuto di carbonio<\/p>\n<p>Stile: ascia<\/p>\n<p>Famiglia di acciai: acciai ad alto tenore di carbonio<\/p>\n<div class=\"detaillist-row\">\n<div class=\"detaillist-row-name\">Dimensione complessiva. 37cm<\/div>\n<\/div>\n<p>&nbsp;<\/p>\n<p>&nbsp;<\/p>\n","protected":false},"excerpt":{"rendered":"<p><strong>Il Cold Steel Templar \u00e8 uno strumento da lancio specializzato realizzato per lo sport moderno o il lancio da competizione.<\/strong><\/p>\n","protected":false},"featured_media":344455,"comment_status":"open","ping_status":"closed","template":"","meta":[],"pwb-brand":[3791],"product_brand":[],"product_cat":[3745,3747],"product_tag":[3755],"class_list":{"0":"post-344463","1":"product","2":"type-product","3":"status-publish","4":"has-post-thumbnail","6":"pwb-brand-acciaio-freddo","7":"product_cat-coltelli","8":"product_cat-coltelli-da-lancio","9":"product_tag-b2b-it","11":"first","12":"outofstock","13":"taxable","14":"shipping-taxable","15":"purchasable","16":"product-type-simple"},"brands":[{"id":3791,"name":"Acciaio freddo","slug":"acciaio-freddo"}],"_links":{"self":[{"href":"https:\/\/www.moskito.cz\/it\/wp-json\/wp\/v2\/product\/344463","targetHints":{"allow":["GET"]}}],"collection":[{"href":"https:\/\/www.moskito.cz\/it\/wp-json\/wp\/v2\/product"}],"about":[{"href":"https:\/\/www.moskito.cz\/it\/wp-json\/wp\/v2\/types\/product"}],"replies":[{"embeddable":true,"href":"https:\/\/www.moskito.cz\/it\/wp-json\/wp\/v2\/comments?post=344463"}],"wp:featuredmedia":[{"embeddable":true,"href":"https:\/\/www.moskito.cz\/it\/wp-json\/wp\/v2\/media\/344455"}],"wp:attachment":[{"href":"https:\/\/www.moskito.cz\/it\/wp-json\/wp\/v2\/media?parent=344463"}],"wp:term":[{"taxonomy":"pwb-brand","embeddable":true,"href":"https:\/\/www.moskito.cz\/it\/wp-json\/wp\/v2\/pwb-brand?post=344463"},{"taxonomy":"product_brand","embeddable":true,"href":"https:\/\/www.moskito.cz\/it\/wp-json\/wp\/v2\/product_brand?post=344463"},{"taxonomy":"product_cat","embeddable":true,"href":"https:\/\/www.moskito.cz\/it\/wp-json\/wp\/v2\/product_cat?post=344463"},{"taxonomy":"product_tag","embeddable":true,"href":"https:\/\/www.moskito.cz\/it\/wp-json\/wp\/v2\/product_tag?post=344463"}],"curies":[{"name":"wp","href":"https:\/\/api.w.org\/{rel}","templated":true}]}}