{"id":344504,"date":"2024-06-14T10:13:49","date_gmt":"2024-06-14T09:16:24","guid":{"rendered":"https:\/\/www.moskito.cz\/produkt\/set-da-lancio-per-ascia-cold-steel-argento-confezione-da-3-con-fodero\/"},"modified":"2025-05-07T11:17:16","modified_gmt":"2025-05-07T10:17:16","slug":"set-da-lancio-per-ascia-cold-steel-argento-confezione-da-3-con-fodero","status":"publish","type":"product","link":"https:\/\/www.moskito.cz\/it\/produkt\/set-da-lancio-per-ascia-cold-steel-argento-confezione-da-3-con-fodero\/","title":{"rendered":"Set da lancio per ascia Cold Steel ARGENTO CONFEZIONE DA 3 CON FODERO"},"content":{"rendered":"<p>Set da lancio per ascia <strong>Cold Steel<\/strong> ARGENTO CONFEZIONE DA 3 CON FODERO.<\/p>\n<p>Porta il lancio del bersaglio al livello successivo con questo set di tre asce da lancio. Queste asce in acciaio monopezzo sono progettate specificamente per il lancio di bersagli. Realizzato in robusto acciaio 420SS e alloggiato in una comoda custodia in nylon. Sfida i tuoi amici per la supremazia nel cortile!<\/p>\n<p>Lunghezza lama: 11,2 cm<\/p>\n<p>Lunghezza totale: 24 centimetri<\/p>\n<p>Lame in acciaio: 420SS<\/p>\n<p>Fodero: nylon<\/p>\n<div class=\"detaillist-row\">\n<div class=\"detaillist-row-name\">Peso: 253 g<\/div>\n<\/div>\n<pre id=\"tw-target-text\" class=\"tw-data-text tw-text-large tw-ta\" dir=\"ltr\" data-placeholder=\"P\u0159eklad\" aria-label=\"P\u0159elo\u017een\u00fd text\" data-ved=\"2ahUKEwjYueubx9qGAxV__gIHHVN4C40Q3ewLegQICBAT\"><span class=\"Y2IQFc\" lang=\"cs\"> <\/span><\/pre>\n","protected":false},"excerpt":{"rendered":"<p><strong>Porta il lancio del bersaglio al livello successivo con questo set di tre asce da lancio.<\/strong><\/p>\n","protected":false},"featured_media":344471,"comment_status":"open","ping_status":"closed","template":"","meta":[],"pwb-brand":[3791],"product_brand":[],"product_cat":[3745,3747],"product_tag":[3755],"class_list":{"0":"post-344504","1":"product","2":"type-product","3":"status-publish","4":"has-post-thumbnail","6":"pwb-brand-acciaio-freddo","7":"product_cat-coltelli","8":"product_cat-coltelli-da-lancio","9":"product_tag-b2b-it","11":"first","12":"instock","13":"taxable","14":"shipping-taxable","15":"purchasable","16":"product-type-simple"},"brands":[{"id":3791,"name":"Acciaio freddo","slug":"acciaio-freddo"}],"_links":{"self":[{"href":"https:\/\/www.moskito.cz\/it\/wp-json\/wp\/v2\/product\/344504","targetHints":{"allow":["GET"]}}],"collection":[{"href":"https:\/\/www.moskito.cz\/it\/wp-json\/wp\/v2\/product"}],"about":[{"href":"https:\/\/www.moskito.cz\/it\/wp-json\/wp\/v2\/types\/product"}],"replies":[{"embeddable":true,"href":"https:\/\/www.moskito.cz\/it\/wp-json\/wp\/v2\/comments?post=344504"}],"wp:featuredmedia":[{"embeddable":true,"href":"https:\/\/www.moskito.cz\/it\/wp-json\/wp\/v2\/media\/344471"}],"wp:attachment":[{"href":"https:\/\/www.moskito.cz\/it\/wp-json\/wp\/v2\/media?parent=344504"}],"wp:term":[{"taxonomy":"pwb-brand","embeddable":true,"href":"https:\/\/www.moskito.cz\/it\/wp-json\/wp\/v2\/pwb-brand?post=344504"},{"taxonomy":"product_brand","embeddable":true,"href":"https:\/\/www.moskito.cz\/it\/wp-json\/wp\/v2\/product_brand?post=344504"},{"taxonomy":"product_cat","embeddable":true,"href":"https:\/\/www.moskito.cz\/it\/wp-json\/wp\/v2\/product_cat?post=344504"},{"taxonomy":"product_tag","embeddable":true,"href":"https:\/\/www.moskito.cz\/it\/wp-json\/wp\/v2\/product_tag?post=344504"}],"curies":[{"name":"wp","href":"https:\/\/api.w.org\/{rel}","templated":true}]}}