{"id":344585,"date":"2024-06-14T10:34:52","date_gmt":"2024-06-14T09:34:52","guid":{"rendered":"https:\/\/www.moskito.cz\/produkt\/confezione-da-3-stelle-da-lancio-cold-steel-con-custodia\/"},"modified":"2025-05-07T11:17:17","modified_gmt":"2025-05-07T10:17:17","slug":"confezione-da-3-stelle-da-lancio-cold-steel-con-custodia","status":"publish","type":"product","link":"https:\/\/www.moskito.cz\/it\/produkt\/confezione-da-3-stelle-da-lancio-cold-steel-con-custodia\/","title":{"rendered":"CONFEZIONE DA 3 STELLE DA LANCIO Cold Steel CON CUSTODIA"},"content":{"rendered":"<p>CONFEZIONE DA 3 STELLE DA LANCIO <strong>Cold Steel<\/strong> CON CUSTODIA.<\/p>\n<p>Queste stelle da lancio sono un&#8217;interpretazione moderna del classico Shuriken. Utilizzata da secoli in Cina e Giappone, una stella da lancio \u00e8 costituita da un pezzo di acciaio appiattito ben bilanciato con 3 o pi\u00f9 punte acuminate. Se lanciato in alto come una palla da baseball, un&#8217;arma laterale, un&#8217;ascella o un rovescio come un disco volante, colpisce almeno un punto ogni volta. Questo set di tre stelle da lancio \u00e8 realizzato in acciaio 420SS di alta qualit\u00e0 con un resistente rivestimento in ossido nero e \u00e8 alloggiato in una pratica custodia in nylon.<\/p>\n<p>Colore nero<br \/>\nPeso: 43 g<br \/>\nMisura totale: 9,9 cm<br \/>\nLunghezza lama: 3,8 cm<br \/>\nSpessore lama: 0,3 mm<br \/>\nAcciaio: 420SS<br \/>\nMateriale della custodia: nylon<\/p>\n","protected":false},"excerpt":{"rendered":"<p><strong>Queste stelle da lancio sono un&#8217;interpretazione moderna del classico Shuriken.<\/strong><\/p>\n","protected":false},"featured_media":344524,"comment_status":"open","ping_status":"closed","template":"","meta":[],"pwb-brand":[3791],"product_brand":[],"product_cat":[3747,3745],"product_tag":[3755],"class_list":{"0":"post-344585","1":"product","2":"type-product","3":"status-publish","4":"has-post-thumbnail","6":"pwb-brand-acciaio-freddo","7":"product_cat-coltelli-da-lancio","8":"product_cat-coltelli","9":"product_tag-b2b-it","11":"first","12":"instock","13":"taxable","14":"shipping-taxable","15":"purchasable","16":"product-type-simple"},"brands":[{"id":3791,"name":"Acciaio freddo","slug":"acciaio-freddo"}],"_links":{"self":[{"href":"https:\/\/www.moskito.cz\/it\/wp-json\/wp\/v2\/product\/344585","targetHints":{"allow":["GET"]}}],"collection":[{"href":"https:\/\/www.moskito.cz\/it\/wp-json\/wp\/v2\/product"}],"about":[{"href":"https:\/\/www.moskito.cz\/it\/wp-json\/wp\/v2\/types\/product"}],"replies":[{"embeddable":true,"href":"https:\/\/www.moskito.cz\/it\/wp-json\/wp\/v2\/comments?post=344585"}],"wp:featuredmedia":[{"embeddable":true,"href":"https:\/\/www.moskito.cz\/it\/wp-json\/wp\/v2\/media\/344524"}],"wp:attachment":[{"href":"https:\/\/www.moskito.cz\/it\/wp-json\/wp\/v2\/media?parent=344585"}],"wp:term":[{"taxonomy":"pwb-brand","embeddable":true,"href":"https:\/\/www.moskito.cz\/it\/wp-json\/wp\/v2\/pwb-brand?post=344585"},{"taxonomy":"product_brand","embeddable":true,"href":"https:\/\/www.moskito.cz\/it\/wp-json\/wp\/v2\/product_brand?post=344585"},{"taxonomy":"product_cat","embeddable":true,"href":"https:\/\/www.moskito.cz\/it\/wp-json\/wp\/v2\/product_cat?post=344585"},{"taxonomy":"product_tag","embeddable":true,"href":"https:\/\/www.moskito.cz\/it\/wp-json\/wp\/v2\/product_tag?post=344585"}],"curies":[{"name":"wp","href":"https:\/\/api.w.org\/{rel}","templated":true}]}}