{"id":344633,"date":"2024-06-14T10:48:35","date_gmt":"2024-06-14T09:48:35","guid":{"rendered":"https:\/\/www.moskito.cz\/produkt\/coltello-chiudibile-cold-steel-micro-recon-1-tanto-stonewashed\/"},"modified":"2025-05-07T11:17:19","modified_gmt":"2025-05-07T10:17:19","slug":"coltello-chiudibile-cold-steel-micro-recon-1-tanto-stonewashed","status":"publish","type":"product","link":"https:\/\/www.moskito.cz\/it\/produkt\/coltello-chiudibile-cold-steel-micro-recon-1-tanto-stonewashed\/","title":{"rendered":"Coltello Chiudibile Cold Steel MICRO RECON 1 TANTO STONEWASHED"},"content":{"rendered":"<p>Coltello Chiudibile <strong>Cold Steel<\/strong> MICRO RECON 1 TANTO STONEWASHED.<\/p>\n<p>La nostra serie <strong>Recon 1<\/strong> \u00e8 un coltello popolare tra i militari e le forze dell&#8217;ordine, i vigili del fuoco e i soccorritori, nonch\u00e9 tra i civili, e continua a stabilire lo standard per i coltelli tattici pieghevoli. Questi coltelli affidabili hanno una reputazione duramente guadagnata di affidabilit\u00e0 e resistenza. La serie Recon 1 \u00e8 disponibile con lame da 2, 3, 4 e 5 \u00bd pollici e ogni aspetto del loro design \u00e8 stato riprogettato per essere il pi\u00f9 durevole ed efficiente possibile. Ogni modello di questa gamma diversificata \u00e8 dotato del nostro lucchetto Tri-Ad famoso in tutto il mondo, che protegge le tue preziose dita dai danni quando usi il coltello anche nelle condizioni pi\u00f9 impegnative. Dal piccolo e robusto cavallo di battaglia della nostra serie Micro alle brutali prestazioni di taglio della nostra serie XL Recon 1 e tutti i coltelli in mezzo, qualunque sia la tua missione, Recon 1 \u00e8 qui per te!<\/p>\n<p>Colore nero<br \/>\nPeso: 31,18 g<br \/>\nMisura totale: 11,1 centimetri<br \/>\nLunghezza lama: 5 cm<br \/>\nSpessore lama: 0,25 cm<br \/>\nAcciaio: 4034SS<br \/>\nLunghezza manico: 6 cm<br \/>\nMateriale manico: Griv-Ex\u2122 lungo in stile G-10<\/p>\n","protected":false},"excerpt":{"rendered":"<p><strong>Il coltello pieghevole Micro Recon 1 Tanto Point \u00e8 ideale per l&#8217;uso quotidiano grazie alle sue dimensioni e al suo peso.<\/strong><\/p>\n","protected":false},"featured_media":344627,"comment_status":"open","ping_status":"closed","template":"","meta":[],"pwb-brand":[3791],"product_brand":[],"product_cat":[3749,3745],"product_tag":[3755],"class_list":{"0":"post-344633","1":"product","2":"type-product","3":"status-publish","4":"has-post-thumbnail","6":"pwb-brand-acciaio-freddo","7":"product_cat-coltelli-di-chiusura","8":"product_cat-coltelli","9":"product_tag-b2b-it","11":"first","12":"instock","13":"taxable","14":"shipping-taxable","15":"purchasable","16":"product-type-simple"},"brands":[{"id":3791,"name":"Acciaio freddo","slug":"acciaio-freddo"}],"_links":{"self":[{"href":"https:\/\/www.moskito.cz\/it\/wp-json\/wp\/v2\/product\/344633","targetHints":{"allow":["GET"]}}],"collection":[{"href":"https:\/\/www.moskito.cz\/it\/wp-json\/wp\/v2\/product"}],"about":[{"href":"https:\/\/www.moskito.cz\/it\/wp-json\/wp\/v2\/types\/product"}],"replies":[{"embeddable":true,"href":"https:\/\/www.moskito.cz\/it\/wp-json\/wp\/v2\/comments?post=344633"}],"wp:featuredmedia":[{"embeddable":true,"href":"https:\/\/www.moskito.cz\/it\/wp-json\/wp\/v2\/media\/344627"}],"wp:attachment":[{"href":"https:\/\/www.moskito.cz\/it\/wp-json\/wp\/v2\/media?parent=344633"}],"wp:term":[{"taxonomy":"pwb-brand","embeddable":true,"href":"https:\/\/www.moskito.cz\/it\/wp-json\/wp\/v2\/pwb-brand?post=344633"},{"taxonomy":"product_brand","embeddable":true,"href":"https:\/\/www.moskito.cz\/it\/wp-json\/wp\/v2\/product_brand?post=344633"},{"taxonomy":"product_cat","embeddable":true,"href":"https:\/\/www.moskito.cz\/it\/wp-json\/wp\/v2\/product_cat?post=344633"},{"taxonomy":"product_tag","embeddable":true,"href":"https:\/\/www.moskito.cz\/it\/wp-json\/wp\/v2\/product_tag?post=344633"}],"curies":[{"name":"wp","href":"https:\/\/api.w.org\/{rel}","templated":true}]}}