{"id":344694,"date":"2024-06-14T11:08:26","date_gmt":"2024-06-14T10:09:37","guid":{"rendered":"https:\/\/www.moskito.cz\/produkt\/coltello-chiudibile-cold-steel-engage-grigio\/"},"modified":"2025-05-07T11:17:21","modified_gmt":"2025-05-07T10:17:21","slug":"coltello-chiudibile-cold-steel-engage-grigio","status":"publish","type":"product","link":"https:\/\/www.moskito.cz\/it\/produkt\/coltello-chiudibile-cold-steel-engage-grigio\/","title":{"rendered":"Coltello Chiudibile Cold Steel ENGAGE GRIGIO"},"content":{"rendered":"<p>Coltello Chiudibile <strong>Cold Steel<\/strong> ENGAGE GRIGIO.<\/p>\n<p>L&#8217;Engage \u00e8 un coltello pieghevole di alta qualit\u00e0 realizzato in acciaio inossidabile giapponese AUS-10 da 3 pollici, una robusta opzione da portare tutti i giorni che \u00e8 forte, facile da affilare e mantiene il filo eccezionalmente bene. Dotato del blocco scorrevole Atlas\u2122 brevettato da Cold Steel per un bloccaggio duraturo e coerente, \u00e8 completamente ambidestro e pronto ad affrontare qualsiasi attivit\u00e0 quotidiana. Sono disponibili due opzioni di maniglia: la robusta variante GFN o G10. La versatile lama Clip Point \u00e8 una pregiata pietra PVD nera ad acqua.<\/p>\n<p>Disponibili in un&#8217;ampia gamma di lame e forme &#8211; e in diverse fasce di prezzo &#8211; i nuovi coltelli Engage di Cold Steel sono destinati a diventare le star di tutti i giorni. Completamente ambidestri, questi coltelli EDC premium sono progettati per gestire ogni occasione con sicurezza, dotati di una guida brevettata Atlas\u2122 Lock che offre un bloccaggio duraturo, forte e affidabile.<\/p>\n<p>Colore: grigio\/acciaio<br \/>\nPeso: 97 g<br \/>\nMisura totale: 18,5 centimetri<br \/>\nLunghezza lama: 8 cm<br \/>\nSpessore lama: 0,25 cm<br \/>\nAcciaio: AUS 10A<br \/>\nLunghezza manico: 10,6 cm<br \/>\nMateriale manico: G-10<\/p>\n<p><iframe title=\"Cold Steel&#039;s Atlas Lock Test featuring the  new Engage 3.5&quot;\" width=\"800\" height=\"450\" src=\"https:\/\/www.youtube.com\/embed\/nh_7tHY8Ypw?feature=oembed\" frameborder=\"0\" allow=\"accelerometer; autoplay; clipboard-write; encrypted-media; gyroscope; picture-in-picture; web-share\" referrerpolicy=\"strict-origin-when-cross-origin\" allowfullscreen><\/iframe><\/p>\n<p>&nbsp;<\/p>\n","protected":false},"excerpt":{"rendered":"<p><strong>Disponibili in un&#8217;ampia gamma di lame e forme &#8211; e in diverse fasce di prezzo &#8211; i nuovi coltelli Engage di Cold Steel sono destinati a diventare stelle da portare tutti i giorni.<\/strong><\/p>\n","protected":false},"featured_media":344643,"comment_status":"open","ping_status":"closed","template":"","meta":[],"pwb-brand":[3791],"product_brand":[],"product_cat":[3745,3749],"product_tag":[3755],"class_list":{"0":"post-344694","1":"product","2":"type-product","3":"status-publish","4":"has-post-thumbnail","6":"pwb-brand-acciaio-freddo","7":"product_cat-coltelli","8":"product_cat-coltelli-di-chiusura","9":"product_tag-b2b-it","11":"first","12":"instock","13":"taxable","14":"shipping-taxable","15":"purchasable","16":"product-type-simple"},"brands":[{"id":3791,"name":"Acciaio freddo","slug":"acciaio-freddo"}],"_links":{"self":[{"href":"https:\/\/www.moskito.cz\/it\/wp-json\/wp\/v2\/product\/344694","targetHints":{"allow":["GET"]}}],"collection":[{"href":"https:\/\/www.moskito.cz\/it\/wp-json\/wp\/v2\/product"}],"about":[{"href":"https:\/\/www.moskito.cz\/it\/wp-json\/wp\/v2\/types\/product"}],"replies":[{"embeddable":true,"href":"https:\/\/www.moskito.cz\/it\/wp-json\/wp\/v2\/comments?post=344694"}],"wp:featuredmedia":[{"embeddable":true,"href":"https:\/\/www.moskito.cz\/it\/wp-json\/wp\/v2\/media\/344643"}],"wp:attachment":[{"href":"https:\/\/www.moskito.cz\/it\/wp-json\/wp\/v2\/media?parent=344694"}],"wp:term":[{"taxonomy":"pwb-brand","embeddable":true,"href":"https:\/\/www.moskito.cz\/it\/wp-json\/wp\/v2\/pwb-brand?post=344694"},{"taxonomy":"product_brand","embeddable":true,"href":"https:\/\/www.moskito.cz\/it\/wp-json\/wp\/v2\/product_brand?post=344694"},{"taxonomy":"product_cat","embeddable":true,"href":"https:\/\/www.moskito.cz\/it\/wp-json\/wp\/v2\/product_cat?post=344694"},{"taxonomy":"product_tag","embeddable":true,"href":"https:\/\/www.moskito.cz\/it\/wp-json\/wp\/v2\/product_tag?post=344694"}],"curies":[{"name":"wp","href":"https:\/\/api.w.org\/{rel}","templated":true}]}}