{"id":344702,"date":"2023-03-25T12:16:07","date_gmt":"2024-06-14T12:54:29","guid":{"rendered":"https:\/\/www.moskito.cz\/produkt\/coltello-chiudibile-cold-steel-engage-s35vn-da-35\/"},"modified":"2025-05-07T11:17:21","modified_gmt":"2025-05-07T10:17:21","slug":"coltello-chiudibile-cold-steel-engage-s35vn-da-35","status":"publish","type":"product","link":"https:\/\/www.moskito.cz\/it\/produkt\/coltello-chiudibile-cold-steel-engage-s35vn-da-35\/","title":{"rendered":"Coltello chiudibile Cold Steel Engage S35VN da 3,5&#8243;."},"content":{"rendered":"<p>Coltello chiudibile <strong>Cold Steel<\/strong> Engage S35VN da 3,5&#8243;.<\/p>\n<p><strong>L&#8217;Engage<\/strong> \u00e8 un coltello per un facile trasporto quotidiano, con una grande lama in acciaio inossidabile S35VN per una robustezza e una ritenzione del filo superiori. Dotato del sistema brevettato Atlas\u2122 Lock di Cold Steel per un bloccaggio coerente, duraturo e affidabile, \u00e8 completamente ambidestro e pienamente capace di qualsiasi compito. L&#8217;impugnatura G-10 di facile presa \u00e8 stata riprogettata per garantire flessibilit\u00e0 e la lama con clip satinata consente un taglio dettagliato e preciso.<\/p>\n<p>Disponibili in un&#8217;ampia gamma di acciai e forme per lame &#8211; e in varie fasce di prezzo &#8211; i nuovi coltelli <strong>Engage<\/strong> di Cold Steel sono destinati a diventare stelle da portare tutti i giorni. Completamente ambidestri, questi coltelli EDC premium sono progettati per gestire ogni occasione con sicurezza, dotati di una guida brevettata Atlas\u2122 Lock che offre un bloccaggio duraturo, forte e affidabile.<\/p>\n<p>Descrizione:<\/p>\n<p>Materiale lama: CPM-S35VN<br \/>\nMateriale manico: G-10<br \/>\nSicurezza: blocco Atlas<br \/>\nLunghezza lama: 8,9 cm<br \/>\nSpessore lama: 3,8 mm<br \/>\nTipo di lama: punto di clip<br \/>\nUtilizzo: EDC &#8211; da indossare tutti i giorni<br \/>\nApertura con una sola mano: s\u00ec<br \/>\nTipo di coltello: Chiusura<\/p>\n","protected":false},"excerpt":{"rendered":"<p><strong>I coltelli Engage sono un classico monomano per l&#8217;uso quotidiano.<\/strong><\/p>\n","protected":false},"featured_media":344707,"comment_status":"open","ping_status":"closed","template":"","meta":[],"pwb-brand":[3791],"product_brand":[],"product_cat":[3745,3749],"product_tag":[3755],"class_list":{"0":"post-344702","1":"product","2":"type-product","3":"status-publish","4":"has-post-thumbnail","6":"pwb-brand-acciaio-freddo","7":"product_cat-coltelli","8":"product_cat-coltelli-di-chiusura","9":"product_tag-b2b-it","11":"first","12":"instock","13":"taxable","14":"shipping-taxable","15":"purchasable","16":"product-type-simple"},"brands":[{"id":3791,"name":"Acciaio freddo","slug":"acciaio-freddo"}],"_links":{"self":[{"href":"https:\/\/www.moskito.cz\/it\/wp-json\/wp\/v2\/product\/344702","targetHints":{"allow":["GET"]}}],"collection":[{"href":"https:\/\/www.moskito.cz\/it\/wp-json\/wp\/v2\/product"}],"about":[{"href":"https:\/\/www.moskito.cz\/it\/wp-json\/wp\/v2\/types\/product"}],"replies":[{"embeddable":true,"href":"https:\/\/www.moskito.cz\/it\/wp-json\/wp\/v2\/comments?post=344702"}],"wp:featuredmedia":[{"embeddable":true,"href":"https:\/\/www.moskito.cz\/it\/wp-json\/wp\/v2\/media\/344707"}],"wp:attachment":[{"href":"https:\/\/www.moskito.cz\/it\/wp-json\/wp\/v2\/media?parent=344702"}],"wp:term":[{"taxonomy":"pwb-brand","embeddable":true,"href":"https:\/\/www.moskito.cz\/it\/wp-json\/wp\/v2\/pwb-brand?post=344702"},{"taxonomy":"product_brand","embeddable":true,"href":"https:\/\/www.moskito.cz\/it\/wp-json\/wp\/v2\/product_brand?post=344702"},{"taxonomy":"product_cat","embeddable":true,"href":"https:\/\/www.moskito.cz\/it\/wp-json\/wp\/v2\/product_cat?post=344702"},{"taxonomy":"product_tag","embeddable":true,"href":"https:\/\/www.moskito.cz\/it\/wp-json\/wp\/v2\/product_tag?post=344702"}],"curies":[{"name":"wp","href":"https:\/\/api.w.org\/{rel}","templated":true}]}}