{"id":344746,"date":"2024-06-14T14:15:19","date_gmt":"2024-06-14T13:23:37","guid":{"rendered":"https:\/\/www.moskito.cz\/produkt\/coltello-pieghevole-cold-steel-engage\/"},"modified":"2025-05-07T11:17:23","modified_gmt":"2025-05-07T10:17:23","slug":"coltello-pieghevole-cold-steel-engage","status":"publish","type":"product","link":"https:\/\/www.moskito.cz\/it\/produkt\/coltello-pieghevole-cold-steel-engage\/","title":{"rendered":"Coltello pieghevole Cold Steel Engage"},"content":{"rendered":"<p>Coltello pieghevole <strong>Cold Steel<\/strong> Engage.<\/p>\n<p>Collegare 3&#8243; pollici &#8211; S35VN<\/p>\n<p>Costruito per il trasporto quotidiano, Engage \u00e8 un componente facile da trasportare con una grande lama in acciaio inossidabile S35VN da 3 pollici per una robustezza e una ritenzione del filo superiori. Dotato del sistema brevettato Atlas\u2122 Lock di Cold Steel per un bloccaggio coerente, duraturo e affidabile, \u00e8 completamente ambidestro e pienamente capace di qualsiasi compito. L&#8217;impugnatura G10 di facile presa \u00e8 stata riprogettata per garantire flessibilit\u00e0 e la lama satinata a clip consente un taglio dettagliato e preciso.<\/p>\n<p>Disponibili in un&#8217;ampia gamma di lame e forme &#8211; e in diverse fasce di prezzo &#8211; i nuovi coltelli Engage di Cold Steel sono destinati a diventare stelle da portare tutti i giorni. Completamente ambidestri, questi coltelli EDC premium sono progettati per gestire ogni occasione con sicurezza, dotati di una guida brevettata Atlas\u2122 Lock che offre un bloccaggio duraturo, forte e affidabile.<\/p>\n<p>Peso: 97 g<br \/>\nMisura totale: 18,5 centimetri<br \/>\nLunghezza lama: 7,9 cm<br \/>\nSpessore lama: 0,25 cm<br \/>\nAcciaio: CPM-S35VN<br \/>\nLunghezza manico: 10,6 cm<br \/>\nMateriale manico: G-10<\/p>\n<p><iframe title=\"Cold Steel&#039;s Atlas Lock Test featuring the  new Engage 3.5&quot;\" width=\"800\" height=\"450\" src=\"https:\/\/www.youtube.com\/embed\/nh_7tHY8Ypw?feature=oembed\" frameborder=\"0\" allow=\"accelerometer; autoplay; clipboard-write; encrypted-media; gyroscope; picture-in-picture; web-share\" referrerpolicy=\"strict-origin-when-cross-origin\" allowfullscreen><\/iframe><\/p>\n<p>&nbsp;<\/p>\n","protected":false},"excerpt":{"rendered":"<p><strong>Disponibili in un&#8217;ampia gamma di lame e forme &#8211; e in diverse fasce di prezzo &#8211; i nuovi coltelli Engage di Cold Steel sono destinati a diventare stelle da portare tutti i giorni.<\/strong><\/p>\n<p><strong>Trasporto gratuito.<\/strong><\/p>\n","protected":false},"featured_media":344728,"comment_status":"open","ping_status":"closed","template":"","meta":[],"pwb-brand":[3791],"product_brand":[],"product_cat":[3745,3749],"product_tag":[3755],"class_list":{"0":"post-344746","1":"product","2":"type-product","3":"status-publish","4":"has-post-thumbnail","6":"pwb-brand-acciaio-freddo","7":"product_cat-coltelli","8":"product_cat-coltelli-di-chiusura","9":"product_tag-b2b-it","11":"first","12":"instock","13":"taxable","14":"shipping-taxable","15":"purchasable","16":"product-type-simple"},"brands":[{"id":3791,"name":"Acciaio freddo","slug":"acciaio-freddo"}],"_links":{"self":[{"href":"https:\/\/www.moskito.cz\/it\/wp-json\/wp\/v2\/product\/344746","targetHints":{"allow":["GET"]}}],"collection":[{"href":"https:\/\/www.moskito.cz\/it\/wp-json\/wp\/v2\/product"}],"about":[{"href":"https:\/\/www.moskito.cz\/it\/wp-json\/wp\/v2\/types\/product"}],"replies":[{"embeddable":true,"href":"https:\/\/www.moskito.cz\/it\/wp-json\/wp\/v2\/comments?post=344746"}],"wp:featuredmedia":[{"embeddable":true,"href":"https:\/\/www.moskito.cz\/it\/wp-json\/wp\/v2\/media\/344728"}],"wp:attachment":[{"href":"https:\/\/www.moskito.cz\/it\/wp-json\/wp\/v2\/media?parent=344746"}],"wp:term":[{"taxonomy":"pwb-brand","embeddable":true,"href":"https:\/\/www.moskito.cz\/it\/wp-json\/wp\/v2\/pwb-brand?post=344746"},{"taxonomy":"product_brand","embeddable":true,"href":"https:\/\/www.moskito.cz\/it\/wp-json\/wp\/v2\/product_brand?post=344746"},{"taxonomy":"product_cat","embeddable":true,"href":"https:\/\/www.moskito.cz\/it\/wp-json\/wp\/v2\/product_cat?post=344746"},{"taxonomy":"product_tag","embeddable":true,"href":"https:\/\/www.moskito.cz\/it\/wp-json\/wp\/v2\/product_tag?post=344746"}],"curies":[{"name":"wp","href":"https:\/\/api.w.org\/{rel}","templated":true}]}}