{"id":344811,"date":"2024-06-14T14:41:28","date_gmt":"2024-06-14T13:43:02","guid":{"rendered":"https:\/\/www.moskito.cz\/produkt\/coltello-fisso-cold-steel-lynn-thompson-signature-kobun\/"},"modified":"2025-06-17T16:20:56","modified_gmt":"2025-06-17T15:20:56","slug":"coltello-fisso-cold-steel-lynn-thompson-signature-kobun","status":"publish","type":"product","link":"https:\/\/www.moskito.cz\/it\/produkt\/coltello-fisso-cold-steel-lynn-thompson-signature-kobun\/","title":{"rendered":"Coltello Fisso Cold Steel LYNN THOMPSON SIGNATURE KOBUN"},"content":{"rendered":"<p>Coltello Fisso <strong>Cold Steel<\/strong> LYNN THOMPSON SIGNATURE KOBUN.<\/p>\n<p>Questo \u00e8 il sogno di un serio collezionista di coltelli. Limitato a 3.000 pezzi in tutto il mondo, ogni coltello \u00e8 inciso con la firma di Lynn e un numero di serie univoco. Ogni scatola \u00e8 firmata da Lynn!<\/p>\n<p>Desideri arricchire la tua collezione di attrezzatura tattica? Non guardare oltre. Abbiamo creato esattamente quello che stai cercando con il Lynn Thompson Signature Cold Steel Kobun, una vera incarnazione di prestazioni e stile all&#8217;avanguardia che \u00e8 stato progettato pensando all&#8217;utente esigente. Creato in collaborazione con Lynn Thompson, un rinomato pioniere nel settore dei coltelli la cui esperienza e passione per le lame traspare in ogni dettaglio, questo leggero coltello a lama fissa vanta una lama in acciaio inossidabile S35VN di alta qualit\u00e0 che \u00e8 affilatissima, resistente e altamente corrosiva. -resistente.<\/p>\n<p>Sulla lama da 5,5 pollici \u00e8 fissata una maniglia Kray-Ex resistente ed ergonomica che fornisce una presa sicura e confortevole anche in condizioni avverse, poich\u00e9 la sua superficie strutturata fornisce una presa antiscivolo per un controllo preciso sul bagnato. Con un diametro di poco meno di 10 pollici, Kobun raggiunge il perfetto equilibrio tra portabilit\u00e0 e funzionalit\u00e0: abbastanza compatto da poter essere portato in giro ogni giorno, ma abbastanza robusto da gestire con facilit\u00e0 le difficili attivit\u00e0 di taglio all&#8217;aperto. Aggiungete a ci\u00f2 un profilo della lama discreto che \u00e8 stato numerato in serie individualmente per contrassegnare il suo status di vero oggetto da collezione e siete pronti a fare una dichiarazione seria su ci\u00f2 che apprezzi e su cui fai affidamento in uno strumento da taglio di precisione.<\/p>\n<p>Creato per Cold Steel in collaborazione con l&#8217;esperto di coltelli Lynn Thompson<br \/>\nCiascuno ha un numero di serie individuale per indicare lo stato dell&#8217;edizione da collezione<br \/>\nLa lama in acciaio inossidabile S35VN da 5,5 pollici mantiene il filo anche durante compiti impegnativi<br \/>\nL&#8217;impugnatura Kray-Ex garantisce una presa antiscivolo anche in condizioni di bagnato<br \/>\nLa lunghezza leggera di 10 pollici con un profilo discreto \u00e8 perfetta per l&#8217;EDC.<\/p>\n<p>Peso: 129 g<br \/>\nMisura totale: 25 cm<br \/>\nLunghezza lama: 13,7 cm<br \/>\nSpessore lama: 0,3 cm<br \/>\nAcciaio: CPM-S35VN<br \/>\nLunghezza manico: 11,3 cm<br \/>\nMateriale manico: Kray-Ex\u2122 lungo<br \/>\nMateriale della guaina: guaina Secure-Ex\u00ae<\/p>\n<p><iframe title=\"Lynn Thompson&#039;s Signature Series Kobun\" width=\"800\" height=\"450\" src=\"https:\/\/www.youtube.com\/embed\/d3Mt5i6CYmE?feature=oembed\" frameborder=\"0\" allow=\"accelerometer; autoplay; clipboard-write; encrypted-media; gyroscope; picture-in-picture; web-share\" referrerpolicy=\"strict-origin-when-cross-origin\" allowfullscreen><\/iframe><\/p>\n<p>&nbsp;<\/p>\n<p>&nbsp;<\/p>\n","protected":false},"excerpt":{"rendered":"<p><strong>Questo \u00e8 il sogno di un serio collezionista di coltelli. Limitato a 3.000 pezzi in tutto il mondo, ogni coltello \u00e8 inciso con la firma di Lynn e un numero di serie univoco. Ogni scatola \u00e8 firmata da Lynn!<\/strong><\/p>\n<p><strong>Trasporto gratuito.<\/strong><\/p>\n","protected":false},"featured_media":344760,"comment_status":"open","ping_status":"closed","template":"","meta":[],"pwb-brand":[3791],"product_brand":[],"product_cat":[3745,3746],"product_tag":[3755],"class_list":{"0":"post-344811","1":"product","2":"type-product","3":"status-publish","4":"has-post-thumbnail","6":"pwb-brand-acciaio-freddo","7":"product_cat-coltelli","8":"product_cat-coltelli-solidi","9":"product_tag-b2b-it","11":"first","12":"outofstock","13":"taxable","14":"shipping-taxable","15":"purchasable","16":"product-type-simple"},"brands":[{"id":3791,"name":"Acciaio freddo","slug":"acciaio-freddo"}],"_links":{"self":[{"href":"https:\/\/www.moskito.cz\/it\/wp-json\/wp\/v2\/product\/344811","targetHints":{"allow":["GET"]}}],"collection":[{"href":"https:\/\/www.moskito.cz\/it\/wp-json\/wp\/v2\/product"}],"about":[{"href":"https:\/\/www.moskito.cz\/it\/wp-json\/wp\/v2\/types\/product"}],"replies":[{"embeddable":true,"href":"https:\/\/www.moskito.cz\/it\/wp-json\/wp\/v2\/comments?post=344811"}],"wp:featuredmedia":[{"embeddable":true,"href":"https:\/\/www.moskito.cz\/it\/wp-json\/wp\/v2\/media\/344760"}],"wp:attachment":[{"href":"https:\/\/www.moskito.cz\/it\/wp-json\/wp\/v2\/media?parent=344811"}],"wp:term":[{"taxonomy":"pwb-brand","embeddable":true,"href":"https:\/\/www.moskito.cz\/it\/wp-json\/wp\/v2\/pwb-brand?post=344811"},{"taxonomy":"product_brand","embeddable":true,"href":"https:\/\/www.moskito.cz\/it\/wp-json\/wp\/v2\/product_brand?post=344811"},{"taxonomy":"product_cat","embeddable":true,"href":"https:\/\/www.moskito.cz\/it\/wp-json\/wp\/v2\/product_cat?post=344811"},{"taxonomy":"product_tag","embeddable":true,"href":"https:\/\/www.moskito.cz\/it\/wp-json\/wp\/v2\/product_tag?post=344811"}],"curies":[{"name":"wp","href":"https:\/\/api.w.org\/{rel}","templated":true}]}}