{"id":344980,"date":"2022-06-22T21:20:10","date_gmt":"2024-06-17T08:42:32","guid":{"rendered":"https:\/\/www.moskito.cz\/produkt\/coltello-da-lancio-kershaw-launch-13\/"},"modified":"2025-05-07T11:17:30","modified_gmt":"2025-05-07T10:17:30","slug":"coltello-da-lancio-kershaw-launch-13","status":"publish","type":"product","link":"https:\/\/www.moskito.cz\/it\/produkt\/coltello-da-lancio-kershaw-launch-13\/","title":{"rendered":"Coltello da lancio KERSHAW LAUNCH 13"},"content":{"rendered":"<p>Coltello da lancio <strong>KERSHAW<\/strong> LAUNCH 13<\/p>\n<p>Il Launch 13 combina il meglio della sottigliezza e della capacit\u00e0 di taglio a grandezza naturale. La sua lama Wharncliffe \u00e8 perfetta per lavori delicati, ma \u00e8 leggermente curva per un taglio pi\u00f9 versatile. Il profilo stretto e la clip da tasca profonda rendono il Launch 13 facile da trasportare in tasca. I dettagli di design completano il pacchetto, tra cui un foro per cordino integrato, lama bicolore e un perno triangolare personalizzato.<\/p>\n<p>Fabbricato negli Usa<br \/>\nL&#8217;acciaio della lama per metallurgia delle polveri CPM 154 ha e mantiene un bordo eccellente, fornisce resistenza alla corrosione, resistenza all&#8217;usura, tenacit\u00e0<br \/>\nLa maniglia leggera e solida in alluminio anodizzato \u00e8 altamente sagomata e accattivante; foro per cordino integrato<br \/>\nUn pulsante a basso profilo rende difficile l&#8217;attivazione accidentale della lama<br \/>\nQuesto coltello automatico \u00e8 venduto solo tramite rivenditori autorizzati Kershaw; il sito web \u00e8 solo a scopo informativo<\/p>\n<p>SI PREGA DI NOTARE CHE I VECCHI MODELLI UTILIZZANO IL TRATTAMENTO DLC NERO. I MODELLI DI PRODUZIONE ATTUALE SONO REALIZZATI CON LAMA DI SUPERFICIE IN CERAKOTE.<\/p>\n<p>Uso quotidiano, lavoro, tattico<br \/>\nTipo Coltello automatico<br \/>\nColtello tascabile alla moda<br \/>\nDesigner Kershaw Originali<br \/>\nLama in stile Wharncliffe<br \/>\nBordo della lama liscio<br \/>\nAzione di apertura automatica<br \/>\nSi apre con un pulsante<br \/>\nTipo di blocco Blocco pulsanti<br \/>\nClip da tasca Trasporto profondo reversibile (destra\/sinistra, ribaltabile)<br \/>\nColore maniglia Nero<br \/>\nProdotto negli Stati Uniti S\u00ec<br \/>\nPaese d&#8217;origine USA<br \/>\nGaranzia Garanzia a vita<\/p>\n<p>Materiale lama: acciaio in polvere CPM-154CM<br \/>\nLunghezza lama: 89 mm<br \/>\nspessore lama 3,1 mm<br \/>\nLunghezza totale: 203 mm<br \/>\nPeso: 68 g<br \/>\nMateriale manico: duralluminio aeronautico 6061-T6<br \/>\nApertura: pulsante<br \/>\nClip per il trasporto in tasca o in cintura<br \/>\nSicurezza: blocco dei pulsanti<br \/>\nFabbricato negli Usa<\/p>\n<p>&nbsp;<\/p>\n<p><iframe title=\"Kershaw Launch 13 - Model 7650\" width=\"800\" height=\"450\" src=\"https:\/\/www.youtube.com\/embed\/ijA4CaFSnp4?feature=oembed\" frameborder=\"0\" allow=\"accelerometer; autoplay; clipboard-write; encrypted-media; gyroscope; picture-in-picture; web-share\" referrerpolicy=\"strict-origin-when-cross-origin\" allowfullscreen><\/iframe><\/p>\n<p>&nbsp;<\/p>\n","protected":false},"excerpt":{"rendered":"<p>Il fondatore di Kershaw, Pete Kershaw, conosceva l&#8217;importanza della qualit\u00e0 garantita. Alla fine del 1974, decise di avviare la propria azienda di coltelli in un cementificio a Lake Oswego, Oregon.<\/p>\n<p>In Giappone, il direttore generale Kai Koji Endo riteneva che Kershaw avesse un potenziale di crescita ancora maggiore. Nel 1996, Endo ha investito in un impianto di produzione statunitense presso la base Kai USA a Wilsonville. Credeva che avrebbe aiutato Kershaw a raggiungere il suo pieno potenziale. E presto Kai USA ha assunto un nuovo team di produzione per il lavoro.<\/p>\n","protected":false},"featured_media":344981,"comment_status":"open","ping_status":"closed","template":"","meta":[],"pwb-brand":[3776],"product_brand":[],"product_cat":[3745,3748],"product_tag":[],"class_list":{"0":"post-344980","1":"product","2":"type-product","3":"status-publish","4":"has-post-thumbnail","6":"pwb-brand-kershaw-it","7":"product_cat-coltelli","8":"product_cat-coltelli-da-tiro","10":"first","11":"outofstock","12":"taxable","13":"shipping-taxable","14":"purchasable","15":"product-type-simple"},"brands":[{"id":3776,"name":"Kershaw","slug":"kershaw-it"}],"_links":{"self":[{"href":"https:\/\/www.moskito.cz\/it\/wp-json\/wp\/v2\/product\/344980","targetHints":{"allow":["GET"]}}],"collection":[{"href":"https:\/\/www.moskito.cz\/it\/wp-json\/wp\/v2\/product"}],"about":[{"href":"https:\/\/www.moskito.cz\/it\/wp-json\/wp\/v2\/types\/product"}],"replies":[{"embeddable":true,"href":"https:\/\/www.moskito.cz\/it\/wp-json\/wp\/v2\/comments?post=344980"}],"wp:featuredmedia":[{"embeddable":true,"href":"https:\/\/www.moskito.cz\/it\/wp-json\/wp\/v2\/media\/344981"}],"wp:attachment":[{"href":"https:\/\/www.moskito.cz\/it\/wp-json\/wp\/v2\/media?parent=344980"}],"wp:term":[{"taxonomy":"pwb-brand","embeddable":true,"href":"https:\/\/www.moskito.cz\/it\/wp-json\/wp\/v2\/pwb-brand?post=344980"},{"taxonomy":"product_brand","embeddable":true,"href":"https:\/\/www.moskito.cz\/it\/wp-json\/wp\/v2\/product_brand?post=344980"},{"taxonomy":"product_cat","embeddable":true,"href":"https:\/\/www.moskito.cz\/it\/wp-json\/wp\/v2\/product_cat?post=344980"},{"taxonomy":"product_tag","embeddable":true,"href":"https:\/\/www.moskito.cz\/it\/wp-json\/wp\/v2\/product_tag?post=344980"}],"curies":[{"name":"wp","href":"https:\/\/api.w.org\/{rel}","templated":true}]}}